{"id":16614,"date":"2024-02-14T12:12:41","date_gmt":"2024-02-14T12:12:41","guid":{"rendered":"https:\/\/lightenjin.pt\/recrutamento\/"},"modified":"2025-02-11T17:39:19","modified_gmt":"2025-02-11T17:39:19","slug":"recruitment","status":"publish","type":"page","link":"https:\/\/lightenjin.pt\/en\/recruitment\/","title":{"rendered":"Recruitment"},"content":{"rendered":"\t\t<div data-elementor-type=\"wp-page\" data-elementor-id=\"16614\" class=\"elementor elementor-16614 elementor-14724\">\n\t\t\t\t<div class=\"elementor-element elementor-element-ffcb907 e-flex e-con-boxed e-con e-parent\" data-id=\"ffcb907\" data-element_type=\"container\" data-e-type=\"container\">\r\n\t\t\t\t\t<div class=\"e-con-inner\">\r\n\t\t\t\t<div class=\"elementor-element elementor-element-71cf5d2 elementor-widget__width-initial elementor-widget-tablet__width-initial ps-lg-5 mb-0 elementor-invisible elementor-widget elementor-widget-heading\" data-id=\"71cf5d2\" data-element_type=\"widget\" data-e-type=\"widget\" data-settings=\"{&quot;_animation&quot;:&quot;fadeInUp&quot;,&quot;_animation_delay&quot;:100}\" data-widget_type=\"heading.default\">\n\t\t\t\t<div class=\"elementor-widget-container\">\n\t\t\t\t\t<h3 class=\"elementor-heading-title elementor-size-default\">Recruitment<\/h3>\t\t\t\t<\/div>\n\t\t\t\t<\/div>\n\t\t\t\t<div class=\"elementor-element elementor-element-df9539e divider-img ps-lg-5 mb-0 animated-fast elementor-invisible elementor-widget elementor-widget-image\" data-id=\"df9539e\" data-element_type=\"widget\" data-e-type=\"widget\" data-settings=\"{&quot;_animation&quot;:&quot;fadeInUp&quot;,&quot;_animation_delay&quot;:200}\" data-widget_type=\"image.default\">\n\t\t\t\t<div class=\"elementor-widget-container\">\n\t\t\t\t\t\t\t\t\t\t\t\t\t\t\t<img decoding=\"async\" width=\"120\" height=\"15\" src=\"https:\/\/lightenjin.pt\/wp-content\/uploads\/2020\/12\/divider.jpg\" class=\"attachment-full size-full wp-image-6286\" alt=\"\" title=\"\">\t\t\t\t\t\t\t\t\t\t\t\t\t\t\t<\/div>\n\t\t\t\t<\/div>\n\t\t\t\t<div class=\"elementor-element elementor-element-8cf7684 elementor-invisible elementor-widget elementor-widget-text-editor\" data-id=\"8cf7684\" data-element_type=\"widget\" data-e-type=\"widget\" data-settings=\"{&quot;_animation&quot;:&quot;fadeInLeft&quot;,&quot;_animation_delay&quot;:200}\" data-widget_type=\"text-editor.default\">\n\t\t\t\t<div class=\"elementor-widget-container\">\n\t\t\t\t\t\t\t\t\t<p>Lightenjin is a company that develops, produces and sells lighting solutions and services.<br \/>We supply products for different applications, namely: retail, office, industrial and public lighting.<\/p>\n<p>We are a certified innovative company that has a repertoire of differentiating projects in the energy area: we present innovative energy solutions adapted to the sustainable and efficient growth of vegetables, inactivation of viruses and bacteria via UV radiation and adaptation of lighting to the needs of the circadian rhythm of the population.<br \/>Thanks to an internal idea generation process, based on knowledge sharing, we develop innovative design and lighting solutions.<\/p>\n<p><strong>Join us and be part of the Lightenjin family!<\/strong><\/p>\n\t\t\t\t\t\t\t\t<\/div>\n\t\t\t\t<\/div>\n\t\t\t\t\t<\/div>\n\t\t\t\t<\/div>\n\t\t<div class=\"elementor-element elementor-element-0143d56 e-flex e-con-boxed e-con e-parent\" data-id=\"0143d56\" data-element_type=\"container\" data-e-type=\"container\">\r\n\t\t\t\t\t<div class=\"e-con-inner\">\r\n\t\t\t\t<div class=\"elementor-element elementor-element-80dc80c elementor-widget elementor-widget-heading\" data-id=\"80dc80c\" data-element_type=\"widget\" data-e-type=\"widget\" data-widget_type=\"heading.default\">\n\t\t\t\t<div class=\"elementor-widget-container\">\n\t\t\t\t\t<h3 class=\"elementor-heading-title elementor-size-default\">Available Positions<\/h3>\t\t\t\t<\/div>\n\t\t\t\t<\/div>\n\t\t\t\t\t<\/div>\n\t\t\t\t<\/div>\n\t\t<div class=\"elementor-element elementor-element-b2c3702 e-flex e-con-boxed e-con e-parent\" data-id=\"b2c3702\" data-element_type=\"container\" data-e-type=\"container\">\r\n\t\t\t\t\t<div class=\"e-con-inner\">\r\n\t\t\t\t<div class=\"elementor-element elementor-element-f3f5281 elementor-widget__width-initial elementor-widget elementor-widget-text-editor\" data-id=\"f3f5281\" data-element_type=\"widget\" data-e-type=\"widget\" data-widget_type=\"text-editor.default\">\n\t\t\t\t<div class=\"elementor-widget-container\">\n\t\t\t\t\t\t\t\t\t<p><em>There is currently no recruitment for job offers.<\/em><\/p>\n\t\t\t\t\t\t\t\t<\/div>\n\t\t\t\t<\/div>\n\t\t\t\t\t<\/div>\n\t\t\t\t<\/div>\n\t\t<div class=\"elementor-element elementor-element-aed9e63 elementor-hidden-desktop elementor-hidden-tablet elementor-hidden-mobile e-flex e-con-boxed e-con e-parent\" data-id=\"aed9e63\" data-element_type=\"container\" data-e-type=\"container\">\r\n\t\t\t\t\t<div class=\"e-con-inner\">\r\n\t\t\t\t<div class=\"elementor-element elementor-element-146605c elementor-widget__width-initial elementor-widget elementor-widget-image\" data-id=\"146605c\" data-element_type=\"widget\" data-e-type=\"widget\" data-widget_type=\"image.default\">\n\t\t\t\t<div class=\"elementor-widget-container\">\n\t\t\t\t\t\t\t\t\t\t\t\t\t\t\t<img fetchpriority=\"high\" decoding=\"async\" width=\"1024\" height=\"683\" src=\"https:\/\/lightenjin.pt\/wp-content\/uploads\/2024\/04\/recruta-03-1024x683.webp\" class=\"attachment-large size-large wp-image-20285\" alt=\"recrutamento lighttenjin\" srcset=\"https:\/\/lightenjin.pt\/wp-content\/uploads\/2024\/04\/recruta-03-1024x683.webp 1024w, https:\/\/lightenjin.pt\/wp-content\/uploads\/2024\/04\/recruta-03-768x512.webp 768w, https:\/\/lightenjin.pt\/wp-content\/uploads\/2024\/04\/recruta-03-640x427.webp 640w, https:\/\/lightenjin.pt\/wp-content\/uploads\/2024\/04\/recruta-03-400x267.webp 400w, https:\/\/lightenjin.pt\/wp-content\/uploads\/2024\/04\/recruta-03-367x245.webp 367w, https:\/\/lightenjin.pt\/wp-content\/uploads\/2024\/04\/recruta-03-600x400.webp 600w\" sizes=\"(max-width: 1024px) 100vw, 1024px\" title=\"\">\t\t\t\t\t\t\t\t\t\t\t\t\t\t\t<\/div>\n\t\t\t\t<\/div>\n\t\t\t\t<div class=\"elementor-element elementor-element-6ad573a elementor-widget__width-initial elementor-widget elementor-widget-text-editor\" data-id=\"6ad573a\" data-element_type=\"widget\" data-e-type=\"widget\" data-widget_type=\"text-editor.default\">\n\t\t\t\t<div class=\"elementor-widget-container\">\n\t\t\t\t\t\t\t\t\t<h4>T\u00e9cnico de Manuten\u00e7\u00e3o &#8211; Servi\u00e7o P\u00f3s Venda<\/h4>\n<p><strong>Tarefas a desempenhar:<\/strong><br \/>&#8211; Colaborar com a Qualidade, Comercial, Tecnico\/I&amp;D e Produ\u00e7\u00e3o na otimiza\u00e7\u00e3o de solu\u00e7\u00f5es e corre\u00e7\u00e3o de anomalias em APV.<br \/>&#8211; Analisar poss\u00edveis anomalias no terreno e providenciar os meios necess\u00e1rios \u00e0 solu\u00e7\u00e3o das mesmas.<br \/>&#8211; Sinalizar problemas, destacar incoer\u00eancias e oferecer solu\u00e7\u00f5es de acordo com os crit\u00e9rios aplic\u00e1veis ao t\u00f3pico em an\u00e1lise.<br \/>&#8211; Apoio na instala\u00e7\u00e3o de equipamentos, junto do cliente final.<\/p>\n<p><strong>Perfil do Candidato:<\/strong><\/p>\n<div dir=\"auto\">&#8211; Din\u00e2mico, respons\u00e1vel e empreendedor<\/div>\n<div dir=\"auto\">&#8211; Conhecimento dos produtos (preferencialmente);<\/div>\n<div dir=\"auto\">&#8211; Experi\u00eancia em Instala\u00e7\u00f5es El\u00e9ctricas (preferencialmente);<\/div>\n<div dir=\"auto\">&#8211; Forma\u00e7\u00e3o Profissional de Electricidade<\/div>\n<div dir=\"auto\">&#8211; Forma\u00e7\u00e3o de trabalho em altura (preferencialmente)<\/div>\n<div dir=\"auto\">&#8211; Capacidade de bom relacionamento interpessoal e de trabalho em equipa<\/div>\n<div dir=\"auto\">&#8211; disponibilidade para desloca\u00e7\u00f5es em todo o pa\u00eds<\/div>\n<div dir=\"auto\"> <\/div>\n<p><strong>Documentos entreg\u00e1veis para fins de aceita\u00e7\u00e3o de candidatura<\/strong><br \/>&#8211; CV atualizado<\/p>\n<p><strong>Oferta:<\/strong><\/p>\n<div dir=\"auto\">&#8211; Remunera\u00e7\u00e3o de acordo com o perfil do candidato<\/div>\n<div dir=\"auto\">&#8211; A\u00e7\u00f5es de forma\u00e7\u00e3o<\/div>\n<div dir=\"auto\">&#8211; Pr\u00e9mios de produtividade<\/div>\n<div dir=\"auto\">&#8211; Integra\u00e7\u00e3o numa empresa s\u00f3lida<\/div>\n<p><strong>O candidato dever\u00e1 formalizar a candidatura enviando o CV atualizado por email para <a href=\"mailto:dir.sistemas@lightenjin.pt\">dir.sistemas@lightenjin.pt<\/a> <\/strong><\/p>\n\t\t\t\t\t\t\t\t<\/div>\n\t\t\t\t<\/div>\n\t\t\t\t\t<\/div>\n\t\t\t\t<\/div>\n\t\t<div class=\"elementor-element elementor-element-073e857 elementor-hidden-desktop elementor-hidden-tablet elementor-hidden-mobile e-flex e-con-boxed e-con e-parent\" data-id=\"073e857\" data-element_type=\"container\" data-e-type=\"container\">\r\n\t\t\t\t\t<div class=\"e-con-inner\">\r\n\t\t\t\t<div class=\"elementor-element elementor-element-a146c81 elementor-widget__width-initial elementor-widget elementor-widget-image\" data-id=\"a146c81\" data-element_type=\"widget\" data-e-type=\"widget\" data-widget_type=\"image.default\">\n\t\t\t\t<div class=\"elementor-widget-container\">\n\t\t\t\t\t\t\t\t\t\t\t\t\t\t\t<img fetchpriority=\"high\" decoding=\"async\" width=\"1024\" height=\"683\" src=\"https:\/\/lightenjin.pt\/wp-content\/uploads\/2024\/04\/recruta-03-1024x683.webp\" class=\"attachment-large size-large wp-image-20285\" alt=\"recrutamento lighttenjin\" srcset=\"https:\/\/lightenjin.pt\/wp-content\/uploads\/2024\/04\/recruta-03-1024x683.webp 1024w, https:\/\/lightenjin.pt\/wp-content\/uploads\/2024\/04\/recruta-03-768x512.webp 768w, https:\/\/lightenjin.pt\/wp-content\/uploads\/2024\/04\/recruta-03-640x427.webp 640w, https:\/\/lightenjin.pt\/wp-content\/uploads\/2024\/04\/recruta-03-400x267.webp 400w, https:\/\/lightenjin.pt\/wp-content\/uploads\/2024\/04\/recruta-03-367x245.webp 367w, https:\/\/lightenjin.pt\/wp-content\/uploads\/2024\/04\/recruta-03-600x400.webp 600w\" sizes=\"(max-width: 1024px) 100vw, 1024px\" title=\"\">\t\t\t\t\t\t\t\t\t\t\t\t\t\t\t<\/div>\n\t\t\t\t<\/div>\n\t\t\t\t<div class=\"elementor-element elementor-element-70ae25a elementor-widget__width-initial elementor-widget elementor-widget-text-editor\" data-id=\"70ae25a\" data-element_type=\"widget\" data-e-type=\"widget\" data-widget_type=\"text-editor.default\">\n\t\t\t\t<div class=\"elementor-widget-container\">\n\t\t\t\t\t\t\t\t\t<h4><strong>ASSISTENTE ADMINISTRATIVO P\/ PRODU\u00c7\u00c3O <\/strong><strong>(M\/F)<\/strong><\/h4>\n<p><strong>Tarefas a desempenhar:<\/strong><br \/>&#8211; An\u00e1lise de Encomendas de Clientes<br \/>&#8211; Emiss\u00e3o e convers\u00e3o de Ordens de Fabrico<br \/>&#8211; Suporte ao processo de Planeamento<br \/>&#8211; Conhecimentos na \u00e1rea de ilumina\u00e7\u00e3o (preferencial)<\/p>\n<p><strong>Perfil do Candidato:<\/strong><br \/>&#8211; Conhecimentos de ERP ao n\u00edvel de Produ\u00e7\u00e3o (preferencial)<br \/>&#8211; Conhecimentos de inform\u00e1tica na \u00f3tica do utilizador<br \/>&#8211; Capacidade organiza\u00e7\u00e3o e de adapta\u00e7\u00e3o<br \/>&#8211; Sentido de Responsabilidade, Iniciativa e Proatividade<br \/>&#8211; 12\u00ba ano de escolaridade<\/p>\n<p><strong>! <span style=\"text-decoration: underline;\">\ud835\udde1\ud835\udde2\ud835\udde7\ud835\uddd4<\/span> !<\/strong><br \/>&#8211; Vaga para substitui\u00e7\u00e3o tempor\u00e1ria de colaborador<\/p>\n<p><strong>Documentos entreg\u00e1veis para fins de aceita\u00e7\u00e3o de candidatura<\/strong><br \/>&#8211; CV atualizado<\/p>\n<p><strong>Oferta:<\/strong><br \/>&#8211; Remunera\u00e7\u00e3o de acordo com o perfil do candidato<br \/>&#8211; A\u00e7\u00f5es de forma\u00e7\u00e3o<br \/>&#8211; Integra\u00e7\u00e3o numa empresa s\u00f3lida<\/p>\n<p><strong>The candidate must formalize the application by sending the CV by email to <span style=\"text-decoration: underline;\"><a href=\"mailto:dir.producao@lightenjin.pt\">dir.producao@lightenjin.pt<\/a><\/span><\/strong><\/p>\n\t\t\t\t\t\t\t\t<\/div>\n\t\t\t\t<\/div>\n\t\t\t\t\t<\/div>\n\t\t\t\t<\/div>\n\t\t<div class=\"elementor-element elementor-element-7b29a4b e-flex e-con-boxed e-con e-parent\" data-id=\"7b29a4b\" data-element_type=\"container\" data-e-type=\"container\">\r\n\t\t\t\t\t<div class=\"e-con-inner\">\r\n\t\t\t\t<div class=\"elementor-element elementor-element-6d4b316 elementor-widget elementor-widget-heading\" data-id=\"6d4b316\" data-element_type=\"widget\" data-e-type=\"widget\" data-widget_type=\"heading.default\">\n\t\t\t\t<div class=\"elementor-widget-container\">\n\t\t\t\t\t<h3 class=\"elementor-heading-title elementor-size-default\">Spontaneous Applications<\/h3>\t\t\t\t<\/div>\n\t\t\t\t<\/div>\n\t\t\t\t\t<\/div>\n\t\t\t\t<\/div>\n\t\t<div class=\"elementor-element elementor-element-29814ff e-flex e-con-boxed e-con e-parent\" data-id=\"29814ff\" data-element_type=\"container\" data-e-type=\"container\">\r\n\t\t\t\t\t<div class=\"e-con-inner\">\r\n\t\t\t\t<div class=\"elementor-element elementor-element-c693be8 elementor-widget__width-initial elementor-widget elementor-widget-text-editor\" data-id=\"c693be8\" data-element_type=\"widget\" data-e-type=\"widget\" data-widget_type=\"text-editor.default\">\n\t\t\t\t<div class=\"elementor-widget-container\">\n\t\t\t\t\t\t\t\t\t<p>If the currently available job offers do not meet your expectations, submit a spontaneous application.<br \/>Get in touch.<\/p>\n\t\t\t\t\t\t\t\t<\/div>\n\t\t\t\t<\/div>\n\t\t\t\t<div class=\"elementor-element elementor-element-c6564e0 elementor-widget__width-initial elementor-widget elementor-widget-wpforms\" data-id=\"c6564e0\" data-element_type=\"widget\" data-e-type=\"widget\" data-widget_type=\"wpforms.default\">\n\t\t\t\t<div class=\"elementor-widget-container\">\n\t\t\t\t\t<style id=\"wpforms-css-vars-elementor-widget-c6564e0\">\n\t\t\t\t.elementor-widget-wpforms.elementor-element-c6564e0 {\n\t\t\t\t--wpforms-field-border-color: #00000026;\n--wpforms-field-border-color-spare: #00000026;\n--wpforms-button-background-color: #54595F;\n--wpforms-field-size-input-height: 31px;\n--wpforms-field-size-input-spacing: 10px;\n--wpforms-field-size-font-size: 14px;\n--wpforms-field-size-line-height: 17px;\n--wpforms-field-size-padding-h: 9px;\n--wpforms-field-size-checkbox-size: 14px;\n--wpforms-field-size-sublabel-spacing: 5px;\n--wpforms-field-size-icon-size: 0.75;\n--wpforms-label-size-font-size: 14px;\n--wpforms-label-size-line-height: 17px;\n--wpforms-label-size-sublabel-font-size: 13px;\n--wpforms-label-size-sublabel-line-height: 16px;\n\t\t\t}\n\t\t\t<\/style><div class=\"wpforms-container wpforms-container-full wpforms-render-modern\" id=\"wpforms-14721\"><form id=\"wpforms-form-14721\" class=\"wpforms-validate wpforms-form wpforms-ajax-form\" data-formid=\"14721\" method=\"post\" enctype=\"multipart\/form-data\" action=\"\/en\/wp-json\/wp\/v2\/pages\/16614\" data-token=\"acf4f3fbbbb56e77eb4866ba70c38441\" data-token-time=\"1777502787\"><noscript class=\"wpforms-error-noscript\">Please enable JavaScript in your browser to complete this form.<\/noscript><div id=\"wpforms-error-noscript\" style=\"display: none;\">Please enable JavaScript in your browser to complete this form.<\/div><div class=\"wpforms-field-container\"><div id=\"wpforms-14721-field_0-container\" class=\"wpforms-field wpforms-field-name wpforms-one-half wpforms-first\" data-field-id=\"0\"><label class=\"wpforms-field-label\" for=\"wpforms-14721-field_0\">Name <span class=\"wpforms-required-label\" aria-hidden=\"true\">*<\/span><\/label><input type=\"text\" id=\"wpforms-14721-field_0\" class=\"wpforms-field-large wpforms-field-required\" name=\"wpforms[fields][0]\" aria-errormessage=\"wpforms-14721-field_0-error\" required><\/div><div id=\"wpforms-14721-field_3-container\" class=\"wpforms-field wpforms-field-text wpforms-one-half\" data-field-id=\"3\"><label class=\"wpforms-field-label\" for=\"wpforms-14721-field_3\">Date of birth <span class=\"wpforms-required-label\" aria-hidden=\"true\">*<\/span><\/label><input type=\"text\" id=\"wpforms-14721-field_3\" class=\"wpforms-field-large wpforms-field-required\" name=\"wpforms[fields][3]\" placeholder=\"the year is enough\" aria-errormessage=\"wpforms-14721-field_3-error\" required><\/div><div id=\"wpforms-14721-field_4-container\" class=\"wpforms-field wpforms-field-text wpforms-one-half wpforms-first\" data-field-id=\"4\"><label class=\"wpforms-field-label\" for=\"wpforms-14721-field_4\">Telephone contact <span class=\"wpforms-required-label\" aria-hidden=\"true\">*<\/span><\/label><input type=\"text\" id=\"wpforms-14721-field_4\" class=\"wpforms-field-large wpforms-field-required\" name=\"wpforms[fields][4]\" aria-errormessage=\"wpforms-14721-field_4-error\" required><\/div><div id=\"wpforms-14721-field_1-container\" class=\"wpforms-field wpforms-field-email wpforms-one-half\" data-field-id=\"1\"><label class=\"wpforms-field-label\" for=\"wpforms-14721-field_1\">Email <span class=\"wpforms-required-label\" aria-hidden=\"true\">*<\/span><\/label><input type=\"email\" id=\"wpforms-14721-field_1\" class=\"wpforms-field-large wpforms-field-required\" name=\"wpforms[fields][1]\" spellcheck=\"false\" aria-errormessage=\"wpforms-14721-field_1-error\" required><\/div><div id=\"wpforms-14721-field_5-container\" class=\"wpforms-field wpforms-field-text wpforms-one-half wpforms-first\" data-field-id=\"5\"><label class=\"wpforms-field-label\" for=\"wpforms-14721-field_5\">Qualifications <span class=\"wpforms-required-label\" aria-hidden=\"true\">*<\/span><\/label><input type=\"text\" id=\"wpforms-14721-field_5\" class=\"wpforms-field-large wpforms-field-required\" name=\"wpforms[fields][5]\" aria-errormessage=\"wpforms-14721-field_5-error\" required><\/div><div id=\"wpforms-14721-field_6-container\" class=\"wpforms-field wpforms-field-text wpforms-one-half\" data-field-id=\"6\"><label class=\"wpforms-field-label\" for=\"wpforms-14721-field_6\">Availability <span class=\"wpforms-required-label\" aria-hidden=\"true\">*<\/span><\/label><input type=\"text\" id=\"wpforms-14721-field_6\" class=\"wpforms-field-large wpforms-field-required\" name=\"wpforms[fields][6]\" aria-errormessage=\"wpforms-14721-field_6-error\" required><\/div><div id=\"wpforms-14721-field_2-container\" class=\"wpforms-field wpforms-field-textarea\" data-field-id=\"2\"><label class=\"wpforms-field-label\" for=\"wpforms-14721-field_2\">Comments<\/label><textarea id=\"wpforms-14721-field_2\" class=\"wpforms-field-medium\" name=\"wpforms[fields][2]\" aria-errormessage=\"wpforms-14721-field_2-error\" ><\/textarea><\/div><div id=\"wpforms-14721-field_7-container\" class=\"wpforms-field wpforms-field-gdpr-checkbox\" data-field-id=\"7\"><label class=\"wpforms-field-label wpforms-label-hide\" aria-hidden=\"false\">GDPR Agreement <span class=\"wpforms-required-label\" aria-hidden=\"true\">*<\/span><\/label><ul id=\"wpforms-14721-field_7\" class=\"wpforms-field-required\"><li class=\"choice-1\"><input type=\"checkbox\" id=\"wpforms-14721-field_7_1\" name=\"wpforms[fields][7][]\" value=\"I consent to having this website store my submitted information so they can respond to my inquiry and agree to the Privacy Policy of this website\" aria-errormessage=\"wpforms-14721-field_7_1-error\" required ><label class=\"wpforms-field-label-inline\" for=\"wpforms-14721-field_7_1\">I consent to having this website store my submitted information so they can respond to my inquiry and agree to the Privacy Policy of this website <span class=\"wpforms-required-label\" aria-hidden=\"true\">*<\/span><\/label><\/li><\/ul><\/div><\/div><!-- .wpforms-field-container --><div class=\"wpforms-recaptcha-container wpforms-is-recaptcha wpforms-is-recaptcha-type-v3\" ><input type=\"hidden\" name=\"wpforms[recaptcha]\" value=\"\"><\/div><div class=\"wpforms-submit-container\" ><input type=\"hidden\" name=\"wpforms[id]\" value=\"14721\"><input type=\"hidden\" name=\"page_title\" value=\"\"><input type=\"hidden\" name=\"page_url\" value=\"https:\/\/lightenjin.pt\/en\/wp-json\/wp\/v2\/pages\/16614\"><input type=\"hidden\" name=\"url_referer\" value=\"\"><button type=\"submit\" name=\"wpforms[submit]\" id=\"wpforms-submit-14721\" class=\"wpforms-submit\" data-alt-text=\"Sending...\" data-submit-text=\"Submit\" aria-live=\"assertive\" value=\"wpforms-submit\">Submit<\/button><img decoding=\"async\" src=\"https:\/\/lightenjin.pt\/wp-content\/plugins\/wpforms-lite\/assets\/images\/submit-spin.svg\" class=\"wpforms-submit-spinner\" style=\"display: none;\" width=\"26\" height=\"26\" alt=\"Loading\" title=\"\"><\/div><\/form><\/div>  <!-- .wpforms-container -->\t\t\t\t<\/div>\n\t\t\t\t<\/div>\n\t\t\t\t\t<\/div>\n\t\t\t\t<\/div>\n\t\t\t\t<\/div>\n\t\t","protected":false},"excerpt":{"rendered":"<p>Recruitment Lightenjin is a company that develops, produces and sells lighting solutions and services.We supply products for different applications, namely: retail, office, industrial and public lighting. We are a certified innovative company that has a repertoire of differentiating projects in the energy area: we present innovative energy solutions adapted to the sustainable and efficient growth [&hellip;]<\/p>\n","protected":false},"author":1,"featured_media":0,"parent":0,"menu_order":4,"comment_status":"closed","ping_status":"closed","template":"","meta":{"iawp_total_views":152,"footnotes":""},"class_list":["post-16614","page","type-page","status-publish","hentry"],"_links":{"self":[{"href":"https:\/\/lightenjin.pt\/en\/wp-json\/wp\/v2\/pages\/16614","targetHints":{"allow":["GET"]}}],"collection":[{"href":"https:\/\/lightenjin.pt\/en\/wp-json\/wp\/v2\/pages"}],"about":[{"href":"https:\/\/lightenjin.pt\/en\/wp-json\/wp\/v2\/types\/page"}],"author":[{"embeddable":true,"href":"https:\/\/lightenjin.pt\/en\/wp-json\/wp\/v2\/users\/1"}],"replies":[{"embeddable":true,"href":"https:\/\/lightenjin.pt\/en\/wp-json\/wp\/v2\/comments?post=16614"}],"version-history":[{"count":5,"href":"https:\/\/lightenjin.pt\/en\/wp-json\/wp\/v2\/pages\/16614\/revisions"}],"predecessor-version":[{"id":23727,"href":"https:\/\/lightenjin.pt\/en\/wp-json\/wp\/v2\/pages\/16614\/revisions\/23727"}],"wp:attachment":[{"href":"https:\/\/lightenjin.pt\/en\/wp-json\/wp\/v2\/media?parent=16614"}],"curies":[{"name":"wp","href":"https:\/\/api.w.org\/{rel}","templated":true}]}}