{"id":15157,"date":"2015-07-16T00:00:00","date_gmt":"2015-07-15T23:00:00","guid":{"rendered":"https:\/\/lightenjin.pt\/product\/eco-linne-w-2\/"},"modified":"2024-12-11T09:53:44","modified_gmt":"2024-12-11T09:53:44","slug":"eco-linne-w","status":"publish","type":"product","link":"https:\/\/lightenjin.pt\/en\/product\/eco-linne-w\/","title":{"rendered":"ECO LINNE W"},"content":{"rendered":"<ul>\n<li>Suspended application, by steel cable;<\/li>\n<li>Profile in color-coated aluminum;<\/li>\n<li>Optical group with PMMA lenses;<\/li>\n<li>Allows the construction of large continuous lines;<\/li>\n<li>High LED lifespan (&gt;50,000 h);<\/li>\n<li>Different color temperatures available;<\/li>\n<li>High chromatic rendering index (Ra&gt;80);<\/li>\n<\/ul>\n<p>&nbsp;<\/p>\n<hr \/>\n<h4>DOWNLOAD<\/h4>\n<ul>\n<li>DATASHEET : <a href=\"https:\/\/lightenjin.pt\/pdfs\/ft\/ft-eco-linne-w-en.pdf\" target=\"_blank\" rel=\"noopener\">link<\/a><\/li>\n<li>ASSEMBLY INSTRUCTIONS : <a href=\"https:\/\/lightenjin.pt\/pdfs\/im\/im-eco-linne-w.pdf\" target=\"_blank\" rel=\"noopener\">link<\/a><\/li>\n<li>DECLARATION OF CONFORMITY : <a href=\"https:\/\/lightenjin.pt\/pdfs\/dc\/dc-eco-linne-w.pdf\" target=\"_blank\" rel=\"noopener\">link<\/a><\/li>\n<\/ul>\n","protected":false},"excerpt":{"rendered":"<p><strong>ECO LINNE W<\/strong> is an economical and practical lighting range; it allows you to build large continuous lines using simple, easy-to-use accessories. This solution only allows suspended fixing by steel cable.<\/p>\n<p>Com LEDs de elevado \u00edndice de Reprodu\u00e7\u00e3o de Cor (Ra&gt;80) e alta efic\u00e1cia luminosa global. Long-life LEDs (&gt;50,000h), with different color temperatures available.<\/p>\n<p>&nbsp;<\/p>\n","protected":false},"featured_media":8223,"template":"","meta":{"iawp_total_views":38},"product_brand":[],"product_cat":[356,355,358,383],"product_tag":[895,431,900,927,911],"class_list":{"0":"post-15157","1":"product","2":"type-product","3":"status-publish","4":"has-post-thumbnail","6":"product_cat-euluce-range","7":"product_cat-indoor","8":"product_cat-surface-mount","9":"product_cat-suspended","10":"product_tag-commerce","11":"product_tag-industry","12":"product_tag-profile","13":"product_tag-surface-mount","14":"product_tag-suspended","16":"first","17":"instock","18":"shipping-taxable","19":"product-type-simple"},"_links":{"self":[{"href":"https:\/\/lightenjin.pt\/en\/wp-json\/wp\/v2\/product\/15157","targetHints":{"allow":["GET"]}}],"collection":[{"href":"https:\/\/lightenjin.pt\/en\/wp-json\/wp\/v2\/product"}],"about":[{"href":"https:\/\/lightenjin.pt\/en\/wp-json\/wp\/v2\/types\/product"}],"version-history":[{"count":5,"href":"https:\/\/lightenjin.pt\/en\/wp-json\/wp\/v2\/product\/15157\/revisions"}],"predecessor-version":[{"id":22473,"href":"https:\/\/lightenjin.pt\/en\/wp-json\/wp\/v2\/product\/15157\/revisions\/22473"}],"wp:featuredmedia":[{"embeddable":true,"href":"https:\/\/lightenjin.pt\/en\/wp-json\/wp\/v2\/media\/8223"}],"wp:attachment":[{"href":"https:\/\/lightenjin.pt\/en\/wp-json\/wp\/v2\/media?parent=15157"}],"wp:term":[{"taxonomy":"product_brand","embeddable":true,"href":"https:\/\/lightenjin.pt\/en\/wp-json\/wp\/v2\/product_brand?post=15157"},{"taxonomy":"product_cat","embeddable":true,"href":"https:\/\/lightenjin.pt\/en\/wp-json\/wp\/v2\/product_cat?post=15157"},{"taxonomy":"product_tag","embeddable":true,"href":"https:\/\/lightenjin.pt\/en\/wp-json\/wp\/v2\/product_tag?post=15157"}],"curies":[{"name":"wp","href":"https:\/\/api.w.org\/{rel}","templated":true}]}}