{"id":15185,"date":"2015-07-28T00:00:00","date_gmt":"2015-07-27T23:00:00","guid":{"rendered":"https:\/\/lightenjin.pt\/product\/linne-w-2\/"},"modified":"2024-06-18T14:04:52","modified_gmt":"2024-06-18T14:04:52","slug":"linne-w","status":"publish","type":"product","link":"https:\/\/lightenjin.pt\/en\/product\/linne-w\/","title":{"rendered":"LINNE W"},"content":{"rendered":"<ul>\n<li>Protruding or suspended application;<\/li>\n<li>Color-coated aluminum body;<\/li>\n<li>Optical group with PMMA lenses;<\/li>\n<li>LED high lifetime (&gt;50 000 h);<\/li>\n<li>Different color temperatures available;<\/li>\n<li>Secondary optics with different beams;<\/li>\n<li>High color rendering index (Ra&gt;80);<\/li>\n<\/ul>\n<p>&nbsp;<\/p>\n<hr \/>\n<h4>DOWNLOADS<\/h4>\n<ul>\n<li>DATASHEET : <a href=\"https:\/\/lightenjin.pt\/pdfs\/ft\/ft-linne-w-en.pdf\" target=\"_blank\" rel=\"noopener\">link<\/a><\/li>\n<li>ASSEMBLY INSTRUCTIONS : <a href=\"https:\/\/lightenjin.pt\/pdfs\/im\/im-linne-w.pdf\" target=\"_blank\" rel=\"noopener\">link<\/a><\/li>\n<li>DECLARATION OF CONFORMITY : <a href=\"https:\/\/lightenjin.pt\/pdfs\/dc\/dc-linne-w.pdf\" target=\"_blank\" rel=\"noopener\">link<\/a><\/li>\n<li>LDT PHOTOMETRY : <a href=\"https:\/\/lightenjin.pt\/pdfs\/ldt\/linne-w.zip\">link<\/a><\/li>\n<\/ul>\n","protected":false},"excerpt":{"rendered":"<p><strong>LINNE W<\/strong> is part of a range of self-supporting products. With an LED light engine that fits into an electric rail, you can create continuous lines with different modules such as blind rails, single light engines and emergency kits.<\/p>\n<p>Com LEDs de elevado \u00edndice de Reprodu\u00e7\u00e3o de Cor (Ra&gt;80) e alta efic\u00e1cia luminosa global. Long-life LEDs (&lt;50,000h), with different color temperatures available.<br \/>\nSecondary optics with different beams.<\/p>\n","protected":false},"featured_media":7961,"template":"","meta":{"iawp_total_views":15},"product_brand":[],"product_cat":[356,355,358,383],"product_tag":[895,431,900,927,911],"class_list":{"0":"post-15185","1":"product","2":"type-product","3":"status-publish","4":"has-post-thumbnail","6":"product_cat-euluce-range","7":"product_cat-indoor","8":"product_cat-surface-mount","9":"product_cat-suspended","10":"product_tag-commerce","11":"product_tag-industry","12":"product_tag-profile","13":"product_tag-surface-mount","14":"product_tag-suspended","15":"pa_acabamento-white","16":"pa_aplicacao-surface-mount","17":"pa_aplicacao-suspended","18":"pa_area-de-aplicacao-commerce","19":"pa_area-de-aplicacao-museums","21":"first","22":"instock","23":"shipping-taxable","24":"product-type-simple"},"_links":{"self":[{"href":"https:\/\/lightenjin.pt\/en\/wp-json\/wp\/v2\/product\/15185","targetHints":{"allow":["GET"]}}],"collection":[{"href":"https:\/\/lightenjin.pt\/en\/wp-json\/wp\/v2\/product"}],"about":[{"href":"https:\/\/lightenjin.pt\/en\/wp-json\/wp\/v2\/types\/product"}],"version-history":[{"count":4,"href":"https:\/\/lightenjin.pt\/en\/wp-json\/wp\/v2\/product\/15185\/revisions"}],"predecessor-version":[{"id":20788,"href":"https:\/\/lightenjin.pt\/en\/wp-json\/wp\/v2\/product\/15185\/revisions\/20788"}],"wp:featuredmedia":[{"embeddable":true,"href":"https:\/\/lightenjin.pt\/en\/wp-json\/wp\/v2\/media\/7961"}],"wp:attachment":[{"href":"https:\/\/lightenjin.pt\/en\/wp-json\/wp\/v2\/media?parent=15185"}],"wp:term":[{"taxonomy":"product_brand","embeddable":true,"href":"https:\/\/lightenjin.pt\/en\/wp-json\/wp\/v2\/product_brand?post=15185"},{"taxonomy":"product_cat","embeddable":true,"href":"https:\/\/lightenjin.pt\/en\/wp-json\/wp\/v2\/product_cat?post=15185"},{"taxonomy":"product_tag","embeddable":true,"href":"https:\/\/lightenjin.pt\/en\/wp-json\/wp\/v2\/product_tag?post=15185"}],"curies":[{"name":"wp","href":"https:\/\/api.w.org\/{rel}","templated":true}]}}