{"id":18396,"date":"2024-02-19T17:04:46","date_gmt":"2024-02-19T17:04:46","guid":{"rendered":"https:\/\/lightenjin.pt\/?post_type=product&#038;p=18396"},"modified":"2025-04-10T15:08:57","modified_gmt":"2025-04-10T14:08:57","slug":"hlv","status":"publish","type":"product","link":"https:\/\/lightenjin.pt\/en\/product\/hlv\/","title":{"rendered":"HLV"},"content":{"rendered":"<ul>\n<li>Suspended mounting type;<\/li>\n<li>Profile in color-coated sheet steel;<\/li>\n<li>LED lifespan (&gt;50,000 h);<\/li>\n<li>Different color temperatures available;<\/li>\n<li>Chromatic rendering index (Ra&gt;80);<\/li>\n<li>Possibility of incorporating <em>DALI control system<\/em> (optional);<\/li>\n<\/ul>\n<p>&nbsp;<\/p>\n<hr \/>\n<h4>DOWNLOADS<\/h4>\n<ul>\n<li>DATASHEET : <a href=\"https:\/\/lightenjin.pt\/pdfs\/ft\/ft-hlv-en.pdf\" target=\"_blank\" rel=\"noopener\">link<\/a><\/li>\n<li>ASSEMBLY INSTRUCTIONS : <a href=\"https:\/\/lightenjin.pt\/pdfs\/im\/im-hlv.pdf\" target=\"_blank\" rel=\"noopener\">link<\/a><\/li>\n<li>DECLARATION OF CONFORMITY : <a href=\"https:\/\/lightenjin.pt\/pdfs\/dc\/dc-hlv.pdf\" target=\"_blank\" rel=\"noopener\">link<\/a><\/li>\n<\/ul>\n","protected":false},"excerpt":{"rendered":"<p><strong>HLV<\/strong> is a linear device developed to belong to the range of economical products, using high-performance LED technology. Simple construction, easy to install and low running costs.<\/p>\n<p>Com LEDs de elevado \u00edndice de Reprodu\u00e7\u00e3o de Cor (Ra&gt;80) e alta efic\u00e1cia luminosa global. Long-life LEDs (&lt;50,000h), with different color temperatures available.<\/p>\n","protected":false},"featured_media":20160,"template":"","meta":{"iawp_total_views":17},"product_brand":[],"product_cat":[356,355,383],"product_tag":[895,900,911],"class_list":{"0":"post-18396","1":"product","2":"type-product","3":"status-publish","4":"has-post-thumbnail","6":"product_cat-euluce-range","7":"product_cat-indoor","8":"product_cat-suspended","9":"product_tag-commerce","10":"product_tag-profile","11":"product_tag-suspended","13":"first","14":"instock","15":"shipping-taxable","16":"product-type-simple"},"_links":{"self":[{"href":"https:\/\/lightenjin.pt\/en\/wp-json\/wp\/v2\/product\/18396","targetHints":{"allow":["GET"]}}],"collection":[{"href":"https:\/\/lightenjin.pt\/en\/wp-json\/wp\/v2\/product"}],"about":[{"href":"https:\/\/lightenjin.pt\/en\/wp-json\/wp\/v2\/types\/product"}],"version-history":[{"count":5,"href":"https:\/\/lightenjin.pt\/en\/wp-json\/wp\/v2\/product\/18396\/revisions"}],"predecessor-version":[{"id":24200,"href":"https:\/\/lightenjin.pt\/en\/wp-json\/wp\/v2\/product\/18396\/revisions\/24200"}],"wp:featuredmedia":[{"embeddable":true,"href":"https:\/\/lightenjin.pt\/en\/wp-json\/wp\/v2\/media\/20160"}],"wp:attachment":[{"href":"https:\/\/lightenjin.pt\/en\/wp-json\/wp\/v2\/media?parent=18396"}],"wp:term":[{"taxonomy":"product_brand","embeddable":true,"href":"https:\/\/lightenjin.pt\/en\/wp-json\/wp\/v2\/product_brand?post=18396"},{"taxonomy":"product_cat","embeddable":true,"href":"https:\/\/lightenjin.pt\/en\/wp-json\/wp\/v2\/product_cat?post=18396"},{"taxonomy":"product_tag","embeddable":true,"href":"https:\/\/lightenjin.pt\/en\/wp-json\/wp\/v2\/product_tag?post=18396"}],"curies":[{"name":"wp","href":"https:\/\/api.w.org\/{rel}","templated":true}]}}