{"id":20536,"date":"2024-02-14T14:52:05","date_gmt":"2024-02-14T14:52:05","guid":{"rendered":"https:\/\/lightenjin.pt\/?post_type=product&#038;p=20536"},"modified":"2024-10-02T17:11:23","modified_gmt":"2024-10-02T17:11:23","slug":"elementare-r-280","status":"publish","type":"product","link":"https:\/\/lightenjin.pt\/es\/producto\/elementare-r-280\/","title":{"rendered":"ELEMENTARE R 280"},"content":{"rendered":"<ul>\n<li>Montaje empotrada;<\/li>\n<li>Marco de aluminio revestido de color;<\/li>\n<li>Difusor opalino o prism\u00e1tico (opcional);<\/li>\n<li>Larga vida \u00fatil (&gt;50.000 h);<\/li>\n<li>Diferentes temperaturas de color disponibles;<\/li>\n<li>Alto \u00edndice de reproducci\u00f3n crom\u00e1tica (Ra&gt;80);<\/li>\n<\/ul>\n<p>&nbsp;<\/p>\n<hr \/>\n<h4>DOWNLOADS<\/h4>\n<ul>\n<li>FICHA T\u00c9CNICA : <a href=\"https:\/\/lightenjin.pt\/pdfs\/ft\/ft-elementare-r-280-es.pdf\" target=\"_blank\" rel=\"noopener\">link<\/a><\/li>\n<li>INSTRUCCIONES DE MONTAJE :\u00a0 <a href=\"https:\/\/lightenjin.pt\/pdfs\/im\/im-elementare-r-280.pdf\" target=\"_blank\" rel=\"noopener\">link<\/a><\/li>\n<li>DECLARACI\u00d3N DE CONFORMIDAD :\u00a0 <a href=\"https:\/\/lightenjin.pt\/pdfs\/dc\/dc-elementare-r.pdf\" target=\"_blank\" rel=\"noopener\">link<\/a><\/li>\n<li>LDT FOTOMETR\u00cdA : <a href=\"https:\/\/lightenjin.pt\/pdfs\/ldt\/elementare-r-280.zip\" target=\"_blank\" rel=\"noopener\">link<\/a><\/li>\n<\/ul>\n","protected":false},"excerpt":{"rendered":"<p>La luminaria <strong>ELEMENTARE R 280<\/strong> es una soluci\u00f3n ideal para la iluminaci\u00f3n general de espacios comerciales, con un requisito IP54.<\/p>\n<p>Con LEDs con un alto \u00edndice de reproducci\u00f3n crom\u00e1tica (Ra&gt;80) y una larga vida \u00fatil (&gt;50.000h), con diferentes temperaturas de color disponibles.<\/p>\n<p>Descubra todos los productos de <em><span style=\"text-decoration: underline\"><a href=\"https:\/\/lightenjin.pt\/?s=elementare&amp;post_type=product\">familia ELEMENTARE<\/a><\/span><\/em><\/p>\n","protected":false},"featured_media":20267,"template":"","meta":{"iawp_total_views":10},"product_brand":[],"product_cat":[638,636,635,726],"product_tag":[639,642,967,977,640],"class_list":{"0":"post-20536","1":"product","2":"type-product","3":"status-publish","4":"has-post-thumbnail","6":"product_cat-downlights-es","7":"product_cat-empotrar","8":"product_cat-gama-euluce-es","9":"product_cat-interior-es","10":"product_tag-comercio-es","11":"product_tag-cultura-es","12":"product_tag-hoteleria","13":"product_tag-oficinas","14":"product_tag-residencia","15":"pa_acabamento-blanco","16":"pa_area-de-aplicacao-comercio-es","17":"pa_area-de-aplicacao-industria-hotelera","18":"pa_area-de-aplicacao-residencia","20":"first","21":"instock","22":"shipping-taxable","23":"product-type-simple"},"_links":{"self":[{"href":"https:\/\/lightenjin.pt\/es\/wp-json\/wp\/v2\/product\/20536","targetHints":{"allow":["GET"]}}],"collection":[{"href":"https:\/\/lightenjin.pt\/es\/wp-json\/wp\/v2\/product"}],"about":[{"href":"https:\/\/lightenjin.pt\/es\/wp-json\/wp\/v2\/types\/product"}],"version-history":[{"count":3,"href":"https:\/\/lightenjin.pt\/es\/wp-json\/wp\/v2\/product\/20536\/revisions"}],"predecessor-version":[{"id":21313,"href":"https:\/\/lightenjin.pt\/es\/wp-json\/wp\/v2\/product\/20536\/revisions\/21313"}],"wp:featuredmedia":[{"embeddable":true,"href":"https:\/\/lightenjin.pt\/es\/wp-json\/wp\/v2\/media\/20267"}],"wp:attachment":[{"href":"https:\/\/lightenjin.pt\/es\/wp-json\/wp\/v2\/media?parent=20536"}],"wp:term":[{"taxonomy":"product_brand","embeddable":true,"href":"https:\/\/lightenjin.pt\/es\/wp-json\/wp\/v2\/product_brand?post=20536"},{"taxonomy":"product_cat","embeddable":true,"href":"https:\/\/lightenjin.pt\/es\/wp-json\/wp\/v2\/product_cat?post=20536"},{"taxonomy":"product_tag","embeddable":true,"href":"https:\/\/lightenjin.pt\/es\/wp-json\/wp\/v2\/product_tag?post=20536"}],"curies":[{"name":"wp","href":"https:\/\/api.w.org\/{rel}","templated":true}]}}