{"id":20595,"date":"2017-04-12T00:00:00","date_gmt":"2017-04-11T23:00:00","guid":{"rendered":"https:\/\/lightenjin.pt\/?post_type=product&#038;p=20595"},"modified":"2024-12-06T17:44:08","modified_gmt":"2024-12-06T17:44:08","slug":"vled-s","status":"publish","type":"product","link":"https:\/\/lightenjin.pt\/es\/producto\/vled-s\/","title":{"rendered":"VLED S"},"content":{"rendered":"<ul>\n<li>Iluminaci\u00f3n de candelabros;<\/li>\n<li>Iluminaci\u00f3n decorativa a corta distancia;<\/li>\n<li>Aplicaci\u00f3n en superficie o empotrada;<\/li>\n<li>Luminaria modular (aplicable individualmente o en l\u00edneas continuas);<\/li>\n<li>Cuerpo en perfil de aluminio anodizado;<\/li>\n<li>Difusor transparente;<\/li>\n<li>Vida \u00fatil de los LED (&gt;50.000 h);<\/li>\n<li>Diferentes temperaturas de color disponibles;<\/li>\n<li>Alto \u00edndice de reproducci\u00f3n crom\u00e1tica (Ra&gt;80).<\/li>\n<\/ul>\n<p>&nbsp;<\/p>\n<hr \/>\n<h4>DOWNLOADS<\/h4>\n<ul>\n<li>FICHA T\u00c9CNICA : <a href=\"https:\/\/lightenjin.pt\/pdfs\/ft\/ft-vled-s-es.pdf\" target=\"_blank\" rel=\"noopener\">link<\/a><\/li>\n<li>INSTRUCCIONES DE MONTAJE :\u00a0 <a href=\"https:\/\/lightenjin.pt\/pdfs\/im\/im-vled-s.pdf\" target=\"_blank\" rel=\"noopener\">link<\/a><\/li>\n<li>DECLARACI\u00d3N DE CONFORMIDAD :\u00a0 <a href=\"https:\/\/lightenjin.pt\/pdfs\/dc\/dc-vled-s.pdf\" target=\"_blank\" rel=\"noopener\">link<\/a><\/li>\n<li>FOTOMETR\u00cdA LDT: <a href=\"https:\/\/lightenjin.pt\/pdfs\/ldt\/vled-s.zip\" target=\"_blank\" rel=\"noopener\">link<\/a><\/li>\n<\/ul>\n","protected":false},"excerpt":{"rendered":"<p><strong>VLED<\/strong> es un dispositivo lineal, compacto y econ\u00f3mico, adecuado para la iluminaci\u00f3n decorativa de corta distancia. Se comercializa con difusor transparente y en m\u00f3dulos individuales, con posibilidad de configurarse en l\u00ednea continua.<\/p>\n<p>Con LEDs con un alto \u00edndice de reproducci\u00f3n crom\u00e1tica (Ra&gt;80) y una elevada eficacia luminosa global de entre 130 y 290 lm\/W. LED con una larga vida \u00fatil (&gt;50.000 h), con diferentes temperaturas de color disponibles.<\/p>\n","protected":false},"featured_media":19020,"template":"","meta":{"iawp_total_views":5},"product_brand":[],"product_cat":[730,635,726],"product_tag":[639,642,967,640],"class_list":{"0":"post-20595","1":"product","2":"type-product","3":"status-publish","4":"has-post-thumbnail","6":"product_cat-de-superficie","7":"product_cat-gama-euluce-es","8":"product_cat-interior-es","9":"product_tag-comercio-es","10":"product_tag-cultura-es","11":"product_tag-hoteleria","12":"product_tag-residencia","14":"first","15":"instock","16":"shipping-taxable","17":"product-type-simple"},"_links":{"self":[{"href":"https:\/\/lightenjin.pt\/es\/wp-json\/wp\/v2\/product\/20595","targetHints":{"allow":["GET"]}}],"collection":[{"href":"https:\/\/lightenjin.pt\/es\/wp-json\/wp\/v2\/product"}],"about":[{"href":"https:\/\/lightenjin.pt\/es\/wp-json\/wp\/v2\/types\/product"}],"version-history":[{"count":5,"href":"https:\/\/lightenjin.pt\/es\/wp-json\/wp\/v2\/product\/20595\/revisions"}],"predecessor-version":[{"id":22456,"href":"https:\/\/lightenjin.pt\/es\/wp-json\/wp\/v2\/product\/20595\/revisions\/22456"}],"wp:featuredmedia":[{"embeddable":true,"href":"https:\/\/lightenjin.pt\/es\/wp-json\/wp\/v2\/media\/19020"}],"wp:attachment":[{"href":"https:\/\/lightenjin.pt\/es\/wp-json\/wp\/v2\/media?parent=20595"}],"wp:term":[{"taxonomy":"product_brand","embeddable":true,"href":"https:\/\/lightenjin.pt\/es\/wp-json\/wp\/v2\/product_brand?post=20595"},{"taxonomy":"product_cat","embeddable":true,"href":"https:\/\/lightenjin.pt\/es\/wp-json\/wp\/v2\/product_cat?post=20595"},{"taxonomy":"product_tag","embeddable":true,"href":"https:\/\/lightenjin.pt\/es\/wp-json\/wp\/v2\/product_tag?post=20595"}],"curies":[{"name":"wp","href":"https:\/\/api.w.org\/{rel}","templated":true}]}}