{"id":20608,"date":"2015-02-24T00:00:00","date_gmt":"2015-02-24T00:00:00","guid":{"rendered":"https:\/\/lightenjin.pt\/?post_type=product&#038;p=20608"},"modified":"2024-06-17T13:46:41","modified_gmt":"2024-06-17T13:46:41","slug":"taupa","status":"publish","type":"product","link":"https:\/\/lightenjin.pt\/es\/producto\/taupa\/","title":{"rendered":"TAUPA"},"content":{"rendered":"<ul>\n<li>Aplicaci\u00f3n en paredes salientes;<\/li>\n<li>Cuerpo de cobre;<\/li>\n<li>Difusor opal acr\u00edlico satinado;<\/li>\n<li>Vida \u00fatil de los LED (&gt;50.000 h);<\/li>\n<li>Diferentes temperaturas de color disponibles;<\/li>\n<li>Alto \u00edndice de reproducci\u00f3n crom\u00e1tica (Ra&gt;80);<\/li>\n<\/ul>\n<p>&nbsp;<\/p>\n<hr \/>\n<h4>DOWNLOADS<\/h4>\n<ul>\n<li>FICHA T\u00c9CNICA\u00a0:\u00a0<a href=\"https:\/\/lightenjin.pt\/pdfs\/ft\/ft-taupa-es.pdf\" target=\"_blank\" rel=\"noopener\">link<\/a><\/li>\n<li>INSTRUCCIONES DE MONTAJE : <a href=\"https:\/\/lightenjin.pt\/pdfs\/im\/im-taupa.pdf\" target=\"_blank\" rel=\"noopener\">link<\/a><\/li>\n<li>DECLARACI\u00d3N DE CONFORMIDAD : <a href=\"https:\/\/lightenjin.pt\/pdfs\/dc\/dc-taupa.pdf\" target=\"_blank\" rel=\"noopener\">link<\/a><\/li>\n<li>FOTOMETR\u00cdA LDT: <a href=\"https:\/\/lightenjin.pt\/pdfs\/ldt\/taupa.zip\" target=\"_blank\" rel=\"noopener\">link<\/a><\/li>\n<\/ul>\n","protected":false},"excerpt":{"rendered":"<p><a href=\"http:\/\/lightenjin.pt\/categoria-produto\/arquiteto-adalberto-dias\/\"><img decoding=\"async\" class=\"aligncenter wp-image-15317\" src=\"http:\/\/lightenjin.pt\/wp-content\/uploads\/2020\/04\/lightenjin-arquitecto_adalberto-dias-300x257.jpg\" alt=\"\" width=\"208\" height=\"178\" \/><\/a><\/p>\n<p><strong>PRODUCTO DESARROLLADO POR:<\/strong><br \/>\nARQUITECTO<strong> Adalberto Dias<\/strong><\/p>\n<p><strong>TAUPA <\/strong>es un producto de dise\u00f1o para incorporar en espacios nobles, dise\u00f1ado por el arquitecto Adalberto Dias para iluminar fachadas y c\u00fapulas. Distribuci\u00f3n de luz limpia y constante garantizada por el cuerpo opalescente, que combina dise\u00f1o y eficiencia energ\u00e9tica con tecnolog\u00eda LED de \u00faltima generaci\u00f3n.<\/p>\n<p>LEDs con un elevado \u00cdndice de Reproducci\u00f3n Crom\u00e1tica (Ra&gt;80) y una alta eficacia luminosa global entre 99 y 135 lm\/W. LEDs con una larga vida \u00fatil (&gt;50.000h), con diferentes temperaturas de color disponibles.<\/p>\n","protected":false},"featured_media":18915,"template":"","meta":{"iawp_total_views":3},"product_brand":[],"product_cat":[716,718],"product_tag":[669,670,642,692,977,640],"class_list":{"0":"post-20608","1":"product","2":"type-product","3":"status-publish","4":"has-post-thumbnail","6":"product_cat-arquitecto-adalberto-dias","7":"product_cat-gama-arquitectura","8":"product_tag-aplique-de-pared","9":"product_tag-arquitectura","10":"product_tag-cultura-es","11":"product_tag-monumentos-es","12":"product_tag-oficinas","13":"product_tag-residencia","15":"first","16":"instock","17":"shipping-taxable","18":"product-type-simple"},"_links":{"self":[{"href":"https:\/\/lightenjin.pt\/es\/wp-json\/wp\/v2\/product\/20608","targetHints":{"allow":["GET"]}}],"collection":[{"href":"https:\/\/lightenjin.pt\/es\/wp-json\/wp\/v2\/product"}],"about":[{"href":"https:\/\/lightenjin.pt\/es\/wp-json\/wp\/v2\/types\/product"}],"version-history":[{"count":3,"href":"https:\/\/lightenjin.pt\/es\/wp-json\/wp\/v2\/product\/20608\/revisions"}],"predecessor-version":[{"id":20623,"href":"https:\/\/lightenjin.pt\/es\/wp-json\/wp\/v2\/product\/20608\/revisions\/20623"}],"wp:featuredmedia":[{"embeddable":true,"href":"https:\/\/lightenjin.pt\/es\/wp-json\/wp\/v2\/media\/18915"}],"wp:attachment":[{"href":"https:\/\/lightenjin.pt\/es\/wp-json\/wp\/v2\/media?parent=20608"}],"wp:term":[{"taxonomy":"product_brand","embeddable":true,"href":"https:\/\/lightenjin.pt\/es\/wp-json\/wp\/v2\/product_brand?post=20608"},{"taxonomy":"product_cat","embeddable":true,"href":"https:\/\/lightenjin.pt\/es\/wp-json\/wp\/v2\/product_cat?post=20608"},{"taxonomy":"product_tag","embeddable":true,"href":"https:\/\/lightenjin.pt\/es\/wp-json\/wp\/v2\/product_tag?post=20608"}],"curies":[{"name":"wp","href":"https:\/\/api.w.org\/{rel}","templated":true}]}}