{"id":20616,"date":"2015-01-22T00:00:00","date_gmt":"2015-01-22T00:00:00","guid":{"rendered":"https:\/\/lightenjin.pt\/?post_type=product&#038;p=20616"},"modified":"2025-10-08T18:40:37","modified_gmt":"2025-10-08T17:40:37","slug":"sheer-r-150","status":"publish","type":"product","link":"https:\/\/lightenjin.pt\/es\/producto\/sheer-r-150\/","title":{"rendered":"SHEER R 150"},"content":{"rendered":"<ul>\n<li>Iluminaci\u00f3n <em>downlight;<\/em><\/li>\n<li>Aplicaci\u00f3n empotrada en el techo;<\/li>\n<li>Cuerpo de aluminio termolacado en color;<\/li>\n<li>Difusor transparente o mate;<\/li>\n<li>Vida \u00fatil del LED (&gt;50 000 h);<\/li>\n<li>Diferentes temperaturas de color disponibles;<\/li>\n<li>Orientable;<\/li>\n<li>Alto \u00edndice de restituci\u00f3n crom\u00e1tica (Ra&gt;90);<\/li>\n<li>Filtros de color disponibles bajo consulta.<\/li>\n<\/ul>\n<p>&nbsp;<\/p>\n<hr>\n<h4>DOWNLOADS<\/h4>\n<ul>\n<li>FICHA T\u00c9CNICA : <a href=\"https:\/\/lightenjin.pt\/pdfs\/ft\/ft-sheer-r-150-es.pdf\" target=\"_blank\" rel=\"noopener\">link<\/a><\/li>\n<li>INSTRUCCIONES DE MONTAJE : <a href=\"https:\/\/lightenjin.pt\/pdfs\/im\/im-sheer-r-150.pdf\" target=\"_blank\" rel=\"noopener\">link<\/a><\/li>\n<li>DECLARACI\u00d3N DE CONFORMIDAD : <a href=\"https:\/\/lightenjin.pt\/pdfs\/dc\/dc-sheer-r.pdf\" target=\"_blank\" rel=\"noopener\">link<\/a><\/li>\n<li>FOTOMETRIA LDT: <a href=\"https:\/\/lightenjin.pt\/pdfs\/ldt\/sheer-r-150.zip\" target=\"_blank\" rel=\"noopener\">link<\/a><\/li>\n<\/ul>\n","protected":false},"excerpt":{"rendered":"<p><strong>SHEER<\/strong> es un downlight dise\u00f1ado para espacios comerciales y residenciales, que destaca por su capacidad para orientar la fuente de luz en uno o dos ejes. Producto de fijaci\u00f3n empotrada en el techo que ilumina paredes, cuadros expositores u otro tipo de elementos decorativos. La familia R destaca por su aro redondo.<br \/>\nOrientable.  <\/p>\n<p>Con LED de alto \u00edndice de reproducci\u00f3n crom\u00e1tica (Ra&gt;90) y larga vida \u00fatil (&gt;50 000 h), con diferentes temperaturas de color disponibles.<\/p>\n<p>&nbsp;<\/p>\n","protected":false},"featured_media":18771,"template":"","meta":{"iawp_total_views":1},"product_brand":[],"product_cat":[638,636,635,726],"product_tag":[639,642,674,967,977,694,640],"class_list":{"0":"post-20616","1":"product","2":"type-product","3":"status-publish","4":"has-post-thumbnail","6":"product_cat-downlights-es","7":"product_cat-empotrar","8":"product_cat-gama-euluce-es","9":"product_cat-interior-es","10":"product_tag-comercio-es","11":"product_tag-cultura-es","12":"product_tag-downlight-es","13":"product_tag-hoteleria","14":"product_tag-oficinas","15":"product_tag-orientable-es","16":"product_tag-residencia","18":"first","19":"instock","20":"shipping-taxable","21":"product-type-simple"},"_links":{"self":[{"href":"https:\/\/lightenjin.pt\/es\/wp-json\/wp\/v2\/product\/20616","targetHints":{"allow":["GET"]}}],"collection":[{"href":"https:\/\/lightenjin.pt\/es\/wp-json\/wp\/v2\/product"}],"about":[{"href":"https:\/\/lightenjin.pt\/es\/wp-json\/wp\/v2\/types\/product"}],"version-history":[{"count":4,"href":"https:\/\/lightenjin.pt\/es\/wp-json\/wp\/v2\/product\/20616\/revisions"}],"predecessor-version":[{"id":25983,"href":"https:\/\/lightenjin.pt\/es\/wp-json\/wp\/v2\/product\/20616\/revisions\/25983"}],"wp:featuredmedia":[{"embeddable":true,"href":"https:\/\/lightenjin.pt\/es\/wp-json\/wp\/v2\/media\/18771"}],"wp:attachment":[{"href":"https:\/\/lightenjin.pt\/es\/wp-json\/wp\/v2\/media?parent=20616"}],"wp:term":[{"taxonomy":"product_brand","embeddable":true,"href":"https:\/\/lightenjin.pt\/es\/wp-json\/wp\/v2\/product_brand?post=20616"},{"taxonomy":"product_cat","embeddable":true,"href":"https:\/\/lightenjin.pt\/es\/wp-json\/wp\/v2\/product_cat?post=20616"},{"taxonomy":"product_tag","embeddable":true,"href":"https:\/\/lightenjin.pt\/es\/wp-json\/wp\/v2\/product_tag?post=20616"}],"curies":[{"name":"wp","href":"https:\/\/api.w.org\/{rel}","templated":true}]}}