{"id":20712,"date":"2015-10-16T00:00:00","date_gmt":"2015-10-15T23:00:00","guid":{"rendered":"https:\/\/lightenjin.pt\/?post_type=product&#038;p=20712"},"modified":"2025-01-17T14:33:37","modified_gmt":"2025-01-17T14:33:37","slug":"orbis-r-120","status":"publish","type":"product","link":"https:\/\/lightenjin.pt\/es\/producto\/orbis-r-120\/","title":{"rendered":"ORBIS R 120"},"content":{"rendered":"<ul>\n<li>Aplicaci\u00f3n empotrada;<\/li>\n<li>Marco de aluminio con revestimiento de color;<\/li>\n<li>Difusor transparente o esmerilado;<\/li>\n<li>Vida \u00fatil de los LED (&gt;50.000 h);<\/li>\n<li>Diferentes temperaturas de color disponibles;<\/li>\n<li>Alto \u00edndice de reproducci\u00f3n crom\u00e1tica (Ra&gt;90).<\/li>\n<\/ul>\n<hr \/>\n<h4>DOWNLOADS<\/h4>\n<ul>\n<li>FICHA T\u00c9CNICA : <a href=\"https:\/\/lightenjin.pt\/pdfs\/ft\/ft-orbis-r-120-es.pdf\" target=\"_blank\" rel=\"noopener\">link<\/a><\/li>\n<li>INSTRUCCIONES DE MONTAJE : <a href=\"https:\/\/lightenjin.pt\/pdfs\/im\/im-orbis-r-120.pdf\" target=\"_blank\" rel=\"noopener\">link<\/a><\/li>\n<li>DECLARACI\u00d3N DE CONFORMIDAD : <a href=\"https:\/\/lightenjin.pt\/pdfs\/dc\/dc-orbis-r.pdf\" target=\"_blank\" rel=\"noopener\">link<\/a><\/li>\n<li>LDT FOTOMETR\u00cdA : <a href=\"https:\/\/lightenjin.pt\/pdfs\/ldt\/orbis-r-120.zip\">link<\/a><\/li>\n<\/ul>\n","protected":false},"excerpt":{"rendered":"<p>La familia<strong> ORBIS R<\/strong> es una soluci\u00f3n especial para espacios dom\u00e9sticos: dise\u00f1o elegante, f\u00e1cil integraci\u00f3n y simplicidad a trav\u00e9s de una luminaria sin comprometer su eficiencia y potencia lum\u00ednica.<br \/>\nEl borde de acabado empotrado garantiza una cadena m\u00e1s baja que las soluciones convencionales.<\/p>\n<p>LEDs con un alto \u00cdndice de Reproducci\u00f3n Crom\u00e1tica (Ra&gt;90) y una larga vida \u00fatil (50 000h), con diferentes temperaturas de color disponibles.<\/p>\n","protected":false},"featured_media":20713,"template":"","meta":{"iawp_total_views":5},"product_brand":[],"product_cat":[638,636,635,726],"product_tag":[642,967,977,640],"class_list":{"0":"post-20712","1":"product","2":"type-product","3":"status-publish","4":"has-post-thumbnail","6":"product_cat-downlights-es","7":"product_cat-empotrar","8":"product_cat-gama-euluce-es","9":"product_cat-interior-es","10":"product_tag-cultura-es","11":"product_tag-hoteleria","12":"product_tag-oficinas","13":"product_tag-residencia","15":"first","16":"instock","17":"shipping-taxable","18":"product-type-simple"},"_links":{"self":[{"href":"https:\/\/lightenjin.pt\/es\/wp-json\/wp\/v2\/product\/20712","targetHints":{"allow":["GET"]}}],"collection":[{"href":"https:\/\/lightenjin.pt\/es\/wp-json\/wp\/v2\/product"}],"about":[{"href":"https:\/\/lightenjin.pt\/es\/wp-json\/wp\/v2\/types\/product"}],"version-history":[{"count":4,"href":"https:\/\/lightenjin.pt\/es\/wp-json\/wp\/v2\/product\/20712\/revisions"}],"predecessor-version":[{"id":22495,"href":"https:\/\/lightenjin.pt\/es\/wp-json\/wp\/v2\/product\/20712\/revisions\/22495"}],"wp:featuredmedia":[{"embeddable":true,"href":"https:\/\/lightenjin.pt\/es\/wp-json\/wp\/v2\/media\/20713"}],"wp:attachment":[{"href":"https:\/\/lightenjin.pt\/es\/wp-json\/wp\/v2\/media?parent=20712"}],"wp:term":[{"taxonomy":"product_brand","embeddable":true,"href":"https:\/\/lightenjin.pt\/es\/wp-json\/wp\/v2\/product_brand?post=20712"},{"taxonomy":"product_cat","embeddable":true,"href":"https:\/\/lightenjin.pt\/es\/wp-json\/wp\/v2\/product_cat?post=20712"},{"taxonomy":"product_tag","embeddable":true,"href":"https:\/\/lightenjin.pt\/es\/wp-json\/wp\/v2\/product_tag?post=20712"}],"curies":[{"name":"wp","href":"https:\/\/api.w.org\/{rel}","templated":true}]}}