{"id":20749,"date":"2017-04-12T00:00:00","date_gmt":"2017-04-11T23:00:00","guid":{"rendered":"https:\/\/lightenjin.pt\/?post_type=product&#038;p=20749"},"modified":"2025-01-20T14:30:57","modified_gmt":"2025-01-20T14:30:57","slug":"opus-s-pw45","status":"publish","type":"product","link":"https:\/\/lightenjin.pt\/es\/producto\/opus-s-pw45\/","title":{"rendered":"OPUS S PW45"},"content":{"rendered":"<ul>\n<li>Aplicaci\u00f3n en superficie;<\/li>\n<li>Chapa termolacada en color;<\/li>\n<li>Reflector parab\u00f3lico de aluminio;<\/li>\n<li>Larga vida \u00fatil (&gt;50.000 h);<\/li>\n<li>Diferentes temperaturas de color disponibles;<\/li>\n<li>Alto \u00edndice de reproducci\u00f3n crom\u00e1tica (Ra&gt;80);<\/li>\n<\/ul>\n<p>&nbsp;<\/p>\n<hr \/>\n<h4>DOWNLOADS<\/h4>\n<ul>\n<li>FICHA T\u00c9CNICA : <a href=\"https:\/\/lightenjin.pt\/pdfs\/ft\/ft-opus-s-pw45-es.pdf\" target=\"_blank\" rel=\"noopener\">link<\/a><\/li>\n<li>INSTRUCCIONES DE MONTAJE : <a href=\"https:\/\/lightenjin.pt\/pdfs\/im\/im-opus-s-pw45.pdf\" target=\"_blank\" rel=\"noopener\">link<\/a><\/li>\n<li>DECLARACI\u00d3N DE CONFORMIDAD :\u00a0 <a href=\"https:\/\/lightenjin.pt\/pdfs\/dc\/dc-opus-s-pw45.pdf\" target=\"_blank\" rel=\"noopener\">link<\/a><\/li>\n<li>LDT FOTOMETR\u00cdA : <a href=\"https:\/\/lightenjin.pt\/pdfs\/ldt\/opus-s-pw45.zip\">link<\/a><\/li>\n<\/ul>\n","protected":false},"excerpt":{"rendered":"<p><strong>OPUS<\/strong> es una gama de productos especialmente dise\u00f1ada para edificios de servicios y oficinas. La gama es vers\u00e1til y f\u00e1cilmente adaptable a los diferentes requisitos de cada espacio, desde el punto de vista de su geometr\u00eda, aplicaci\u00f3n y posibles reflectores.<\/p>\n<p>Con LEDs con un alto \u00edndice de reproducci\u00f3n crom\u00e1tica (Ra&gt;80) y una elevada eficacia luminosa global de entre 105 y 125 lm\/W. LED con una larga vida \u00fatil (&gt;50.000h), con diferentes temperaturas de color disponibles.<\/p>\n","protected":false},"featured_media":18827,"template":"","meta":{"iawp_total_views":2},"product_brand":[],"product_cat":[730,635,726],"product_tag":[639,642,711,676,967,977,644],"class_list":{"0":"post-20749","1":"product","2":"type-product","3":"status-publish","4":"has-post-thumbnail","6":"product_cat-de-superficie","7":"product_cat-gama-euluce-es","8":"product_cat-interior-es","9":"product_tag-comercio-es","10":"product_tag-cultura-es","11":"product_tag-de-superficie","12":"product_tag-educacion","13":"product_tag-hoteleria","14":"product_tag-oficinas","15":"product_tag-salud","17":"first","18":"instock","19":"shipping-taxable","20":"product-type-simple"},"_links":{"self":[{"href":"https:\/\/lightenjin.pt\/es\/wp-json\/wp\/v2\/product\/20749","targetHints":{"allow":["GET"]}}],"collection":[{"href":"https:\/\/lightenjin.pt\/es\/wp-json\/wp\/v2\/product"}],"about":[{"href":"https:\/\/lightenjin.pt\/es\/wp-json\/wp\/v2\/types\/product"}],"version-history":[{"count":3,"href":"https:\/\/lightenjin.pt\/es\/wp-json\/wp\/v2\/product\/20749\/revisions"}],"predecessor-version":[{"id":22958,"href":"https:\/\/lightenjin.pt\/es\/wp-json\/wp\/v2\/product\/20749\/revisions\/22958"}],"wp:featuredmedia":[{"embeddable":true,"href":"https:\/\/lightenjin.pt\/es\/wp-json\/wp\/v2\/media\/18827"}],"wp:attachment":[{"href":"https:\/\/lightenjin.pt\/es\/wp-json\/wp\/v2\/media?parent=20749"}],"wp:term":[{"taxonomy":"product_brand","embeddable":true,"href":"https:\/\/lightenjin.pt\/es\/wp-json\/wp\/v2\/product_brand?post=20749"},{"taxonomy":"product_cat","embeddable":true,"href":"https:\/\/lightenjin.pt\/es\/wp-json\/wp\/v2\/product_cat?post=20749"},{"taxonomy":"product_tag","embeddable":true,"href":"https:\/\/lightenjin.pt\/es\/wp-json\/wp\/v2\/product_tag?post=20749"}],"curies":[{"name":"wp","href":"https:\/\/api.w.org\/{rel}","templated":true}]}}