{"id":20790,"date":"2015-07-28T00:00:00","date_gmt":"2015-07-27T23:00:00","guid":{"rendered":"https:\/\/lightenjin.pt\/?post_type=product&#038;p=20790"},"modified":"2024-06-18T14:10:38","modified_gmt":"2024-06-18T14:10:38","slug":"linne-w","status":"publish","type":"product","link":"https:\/\/lightenjin.pt\/es\/producto\/linne-w\/","title":{"rendered":"LINNE W"},"content":{"rendered":"<ul>\n<li>Aplicaci\u00f3n en superficie o suspendida;<\/li>\n<li>Cuerpo de aluminio revestido de color;<\/li>\n<li>Grupo \u00f3ptico con lentes de PMMA;<\/li>\n<li>Vida \u00fatil de los LED (&gt;50.000 h);<\/li>\n<li>Diferentes temperaturas de color disponibles;<\/li>\n<li>\u00d3ptica secundaria con diferentes haces;<\/li>\n<li>Alto \u00edndice de reproducci\u00f3n crom\u00e1tica (Ra&gt;80);<\/li>\n<\/ul>\n<p>&nbsp;<\/p>\n<hr \/>\n<h4>DOWNLOADS<\/h4>\n<ul>\n<li>FICHA T\u00c9CNICA\u00a0: <a href=\"https:\/\/lightenjin.pt\/pdfs\/ft\/ft-linne-w-es.pdf\" target=\"_blank\" rel=\"noopener\">link<\/a><\/li>\n<li>INSTRUCCIONES DE MONTAJE :\u00a0 <a href=\"https:\/\/lightenjin.pt\/pdfs\/im\/im-linne-w.pdf\" target=\"_blank\" rel=\"noopener\">link<\/a><\/li>\n<li>DECLARACI\u00d3N DE CONFORMIDAD :\u00a0 <a href=\"https:\/\/lightenjin.pt\/pdfs\/dc\/dc-linne-w.pdf\" target=\"_blank\" rel=\"noopener\">link<\/a><\/li>\n<li>LDT FOTOMETR\u00cdA : <a href=\"https:\/\/lightenjin.pt\/pdfs\/ldt\/linne-w.zip\">link<\/a><\/li>\n<\/ul>\n","protected":false},"excerpt":{"rendered":"<p><strong>LINNE W <\/strong>forma parte de una gama de productos autoportantes. Con un motor de luz LED que encaja en un carril el\u00e9ctrico, lo que permite crear l\u00edneas continuas con diferentes m\u00f3dulos, como carriles ciegos, motores de luz individuales y kits de emergencia.<\/p>\n<p>Con LED de alto \u00edndice de reproducci\u00f3n crom\u00e1tica (Ra&gt;80) y alta eficacia luminosa global. LEDs de larga duraci\u00f3n (&gt;50.000h), con diferentes temperaturas de color disponibles. \u00d3pticas secundarias con diferentes haces de luz.<\/p>\n","protected":false},"featured_media":20791,"template":"","meta":{"iawp_total_views":1},"product_brand":[],"product_cat":[730,635,726,731],"product_tag":[639,711,690,940,941],"class_list":{"0":"post-20790","1":"product","2":"type-product","3":"status-publish","4":"has-post-thumbnail","6":"product_cat-de-superficie","7":"product_cat-gama-euluce-es","8":"product_cat-interior-es","9":"product_cat-suspendida","10":"product_tag-comercio-es","11":"product_tag-de-superficie","12":"product_tag-industria-es","13":"product_tag-perfil-es","14":"product_tag-suspendido","15":"pa_acabamento-blanco","16":"pa_aplicacao-saliente-es","17":"pa_aplicacao-suspendido","18":"pa_area-de-aplicacao-comercio-es","19":"pa_area-de-aplicacao-museos","21":"first","22":"instock","23":"shipping-taxable","24":"product-type-simple"},"_links":{"self":[{"href":"https:\/\/lightenjin.pt\/es\/wp-json\/wp\/v2\/product\/20790","targetHints":{"allow":["GET"]}}],"collection":[{"href":"https:\/\/lightenjin.pt\/es\/wp-json\/wp\/v2\/product"}],"about":[{"href":"https:\/\/lightenjin.pt\/es\/wp-json\/wp\/v2\/types\/product"}],"version-history":[{"count":2,"href":"https:\/\/lightenjin.pt\/es\/wp-json\/wp\/v2\/product\/20790\/revisions"}],"predecessor-version":[{"id":20808,"href":"https:\/\/lightenjin.pt\/es\/wp-json\/wp\/v2\/product\/20790\/revisions\/20808"}],"wp:featuredmedia":[{"embeddable":true,"href":"https:\/\/lightenjin.pt\/es\/wp-json\/wp\/v2\/media\/20791"}],"wp:attachment":[{"href":"https:\/\/lightenjin.pt\/es\/wp-json\/wp\/v2\/media?parent=20790"}],"wp:term":[{"taxonomy":"product_brand","embeddable":true,"href":"https:\/\/lightenjin.pt\/es\/wp-json\/wp\/v2\/product_brand?post=20790"},{"taxonomy":"product_cat","embeddable":true,"href":"https:\/\/lightenjin.pt\/es\/wp-json\/wp\/v2\/product_cat?post=20790"},{"taxonomy":"product_tag","embeddable":true,"href":"https:\/\/lightenjin.pt\/es\/wp-json\/wp\/v2\/product_tag?post=20790"}],"curies":[{"name":"wp","href":"https:\/\/api.w.org\/{rel}","templated":true}]}}