{"id":20826,"date":"2015-07-16T00:00:00","date_gmt":"2015-07-15T23:00:00","guid":{"rendered":"https:\/\/lightenjin.pt\/?post_type=product&#038;p=20826"},"modified":"2024-10-02T17:15:36","modified_gmt":"2024-10-02T17:15:36","slug":"linne-e-o","status":"publish","type":"product","link":"https:\/\/lightenjin.pt\/es\/producto\/linne-e-o\/","title":{"rendered":"LINNE E O"},"content":{"rendered":"<ul>\n<li>Montaje empotrada;<\/li>\n<li>Perfil de aluminio termolacado en color;<\/li>\n<li>Difusor opal;<\/li>\n<li>Vida \u00fatil de los LED (&gt;50.000 h);<\/li>\n<li>Diferentes temperaturas de color disponibles;<\/li>\n<li>\u00cdndice de reproducci\u00f3n crom\u00e1tica (Ra&gt;80);<\/li>\n<\/ul>\n<p>&nbsp;<\/p>\n<hr \/>\n<h4>DOWNLOADS<\/h4>\n<ul>\n<li>FICHA T\u00c9CNICA : <a href=\"https:\/\/lightenjin.pt\/pdfs\/ft\/ft-linne-e-o-es.pdf\" target=\"_blank\" rel=\"noopener\">link<\/a><\/li>\n<li>INSTRUCCIONES DE MONTAJE :\u00a0 <a href=\"https:\/\/lightenjin.pt\/pdfs\/im\/im-linne-e-o.pdf\" target=\"_blank\" rel=\"noopener\">link<\/a><\/li>\n<li>DECLARACI\u00d3N DE CONFORMIDAD :\u00a0 <a href=\"https:\/\/lightenjin.pt\/pdfs\/dc\/dc-linne-e-o.pdf\" target=\"_blank\" rel=\"noopener\">link<\/a><\/li>\n<li>LDT FOTOMETR\u00cdA : <a href=\"https:\/\/lightenjin.pt\/pdfs\/ldt\/linne-e-o.zip\">link<\/a><\/li>\n<\/ul>\n","protected":false},"excerpt":{"rendered":"<p><strong>LINNE E <\/strong>es una luminaria lineal sencilla y modular, vers\u00e1til en cuanto a longitudes y configuraciones disponibles. Este producto es adecuado para oficinas, espacios comerciales y zonas de circulaci\u00f3n por su alta eficiencia energ\u00e9tica y su capacidad para regular el flujo luminoso.<\/p>\n<p>Con LEDs de alto \u00edndice de reproducci\u00f3n crom\u00e1tica (Ra&gt;80) y alta eficacia luminosa global de entre 118 y 142 lm\/W. LEDs con una larga vida \u00fatil (&gt;50.000h), con diferentes temperaturas de color disponibles.<\/p>\n","protected":false},"featured_media":24420,"template":"","meta":{"iawp_total_views":2},"product_brand":[],"product_cat":[636,635,726],"product_tag":[639,642,676,678,967,977,940,640],"class_list":{"0":"post-20826","1":"product","2":"type-product","3":"status-publish","4":"has-post-thumbnail","6":"product_cat-empotrar","7":"product_cat-gama-euluce-es","8":"product_cat-interior-es","9":"product_tag-comercio-es","10":"product_tag-cultura-es","11":"product_tag-educacion","12":"product_tag-empotrar","13":"product_tag-hoteleria","14":"product_tag-oficinas","15":"product_tag-perfil-es","16":"product_tag-residencia","18":"first","19":"instock","20":"shipping-taxable","21":"product-type-simple"},"_links":{"self":[{"href":"https:\/\/lightenjin.pt\/es\/wp-json\/wp\/v2\/product\/20826","targetHints":{"allow":["GET"]}}],"collection":[{"href":"https:\/\/lightenjin.pt\/es\/wp-json\/wp\/v2\/product"}],"about":[{"href":"https:\/\/lightenjin.pt\/es\/wp-json\/wp\/v2\/types\/product"}],"version-history":[{"count":3,"href":"https:\/\/lightenjin.pt\/es\/wp-json\/wp\/v2\/product\/20826\/revisions"}],"predecessor-version":[{"id":21315,"href":"https:\/\/lightenjin.pt\/es\/wp-json\/wp\/v2\/product\/20826\/revisions\/21315"}],"wp:featuredmedia":[{"embeddable":true,"href":"https:\/\/lightenjin.pt\/es\/wp-json\/wp\/v2\/media\/24420"}],"wp:attachment":[{"href":"https:\/\/lightenjin.pt\/es\/wp-json\/wp\/v2\/media?parent=20826"}],"wp:term":[{"taxonomy":"product_brand","embeddable":true,"href":"https:\/\/lightenjin.pt\/es\/wp-json\/wp\/v2\/product_brand?post=20826"},{"taxonomy":"product_cat","embeddable":true,"href":"https:\/\/lightenjin.pt\/es\/wp-json\/wp\/v2\/product_cat?post=20826"},{"taxonomy":"product_tag","embeddable":true,"href":"https:\/\/lightenjin.pt\/es\/wp-json\/wp\/v2\/product_tag?post=20826"}],"curies":[{"name":"wp","href":"https:\/\/api.w.org\/{rel}","templated":true}]}}