{"id":20896,"date":"2019-10-03T00:00:00","date_gmt":"2019-10-03T00:00:00","guid":{"rendered":"https:\/\/lightenjin.pt\/?post_type=product&#038;p=20896"},"modified":"2026-04-08T13:04:30","modified_gmt":"2026-04-08T12:04:30","slug":"tiger","status":"publish","type":"product","link":"https:\/\/lightenjin.pt\/es\/producto\/tiger\/","title":{"rendered":"TIGER"},"content":{"rendered":"<ul>\n<li>Iluminaci\u00f3n destacada;<\/li>\n<li>Instalaci\u00f3n en carril trif\u00e1sico, con controlador adaptador;<\/li>\n<li>Cuerpo de aluminio termolacado en color;<\/li>\n<li>Equipo de control con doble aislamiento, apto para montaje empotrado;<\/li>\n<li>Difusor de vidrio transparente;<\/li>\n<li>Vida \u00fatil del LED (&gt;50 000 h);<\/li>\n<li>Diferentes temperaturas de color disponibles;<\/li>\n<li>Alto \u00edndice de restituci\u00f3n crom\u00e1tica (Ra&gt;90);<\/li>\n<li>Filtros de color disponibles previa solicitud;<\/li>\n<li>Posibilidad de incorporar sistema de control Dali;<\/li>\n<li>Orientable;<\/li>\n<\/ul>\n<p>&nbsp;<\/p>\n<hr>\n<h4>DOWNLOADS<\/h4>\n<ul>\n<li>FICHA T\u00c9CNICA : <a href=\"https:\/\/lightenjin.pt\/pdfs\/ft\/ft-tiger-es.pdf\" target=\"_blank\" rel=\"noopener\">link<\/a><\/li>\n<li>INSTRUCCIONES DE MONTAJE : <a href=\"https:\/\/lightenjin.pt\/pdfs\/im\/im-tiger.pdf\" target=\"_blank\" rel=\"noopener\">link<\/a><\/li>\n<li>DECLARACI\u00d3N DE CONFORMIDAD : <a href=\"https:\/\/lightenjin.pt\/pdfs\/dc\/dc-tiger.pdf\" target=\"_blank\" rel=\"noopener\">link<\/a><\/li>\n<li>FOTOMETR\u00cdA LDT : <a href=\"https:\/\/lightenjin.pt\/pdfs\/ldt\/tiger.zip\">link<\/a><\/li>\n<\/ul>\n","protected":false},"excerpt":{"rendered":"<p><strong>TIGER<\/strong> es una soluci\u00f3n de iluminaci\u00f3n de acento, ideal para orientar la luz seg\u00fan las necesidades de cada cliente.<br \/>\nVersi\u00f3n espec\u00edfica del modelo con adaptador de corriente.<\/p>\n<p>Con LED de alto \u00edndice de reproducci\u00f3n crom\u00e1tica (Ra&gt;90) y una alta eficacia luminosa global de entre 71 y 84 lm\/W. LEDs de larga vida \u00fatil (&gt;50 000h), con diferentes temperaturas de color disponibles. Orientable.<\/p>\n<p>&nbsp;<\/p>\n","protected":false},"featured_media":20891,"template":"","meta":{"iawp_total_views":4},"product_brand":[],"product_cat":[722,635,726],"product_tag":[974,639,642,967,694,640],"class_list":{"0":"post-20896","1":"product","2":"type-product","3":"status-publish","4":"has-post-thumbnail","6":"product_cat-carril-trifasico","7":"product_cat-gama-euluce-es","8":"product_cat-interior-es","9":"product_tag-carril-trifasico","10":"product_tag-comercio-es","11":"product_tag-cultura-es","12":"product_tag-hoteleria","13":"product_tag-orientable-es","14":"product_tag-residencia","15":"pa_aplicacao-carril","16":"pa_aplicacao-orientable-es","17":"pa_area-de-aplicacao-comercio-es","18":"pa_area-de-aplicacao-industria-hotelera","19":"pa_area-de-aplicacao-museos","20":"pa_area-de-aplicacao-residencia","22":"first","23":"instock","24":"shipping-taxable","25":"product-type-simple"},"_links":{"self":[{"href":"https:\/\/lightenjin.pt\/es\/wp-json\/wp\/v2\/product\/20896","targetHints":{"allow":["GET"]}}],"collection":[{"href":"https:\/\/lightenjin.pt\/es\/wp-json\/wp\/v2\/product"}],"about":[{"href":"https:\/\/lightenjin.pt\/es\/wp-json\/wp\/v2\/types\/product"}],"version-history":[{"count":5,"href":"https:\/\/lightenjin.pt\/es\/wp-json\/wp\/v2\/product\/20896\/revisions"}],"predecessor-version":[{"id":26751,"href":"https:\/\/lightenjin.pt\/es\/wp-json\/wp\/v2\/product\/20896\/revisions\/26751"}],"wp:featuredmedia":[{"embeddable":true,"href":"https:\/\/lightenjin.pt\/es\/wp-json\/wp\/v2\/media\/20891"}],"wp:attachment":[{"href":"https:\/\/lightenjin.pt\/es\/wp-json\/wp\/v2\/media?parent=20896"}],"wp:term":[{"taxonomy":"product_brand","embeddable":true,"href":"https:\/\/lightenjin.pt\/es\/wp-json\/wp\/v2\/product_brand?post=20896"},{"taxonomy":"product_cat","embeddable":true,"href":"https:\/\/lightenjin.pt\/es\/wp-json\/wp\/v2\/product_cat?post=20896"},{"taxonomy":"product_tag","embeddable":true,"href":"https:\/\/lightenjin.pt\/es\/wp-json\/wp\/v2\/product_tag?post=20896"}],"curies":[{"name":"wp","href":"https:\/\/api.w.org\/{rel}","templated":true}]}}