{"id":21270,"date":"2016-08-10T00:00:00","date_gmt":"2016-08-09T23:00:00","guid":{"rendered":"https:\/\/lightenjin.pt\/?post_type=product&#038;p=21270"},"modified":"2024-12-06T16:21:22","modified_gmt":"2024-12-06T16:21:22","slug":"oppidum","status":"publish","type":"product","link":"https:\/\/lightenjin.pt\/es\/producto\/oppidum\/","title":{"rendered":"OPPIDUM"},"content":{"rendered":"<ul>\n<li>Iluminaci\u00f3n p\u00fablica decorativa;<\/li>\n<li>Montaje en poste, de 4 a 6 metros;<\/li>\n<li>Cuerpo de aluminio inyectado;<\/li>\n<li>Difusor de vidrio templado transparente (garantiza IK10 y protecci\u00f3n contra la ca\u00edda de part\u00edculas);<\/li>\n<li>Difusor lateral opcional (opal o prism\u00e1tico, bajo pedido);<\/li>\n<li>Luminaria suministrada sin difusor lateral;<\/li>\n<li>Vida \u00fatil de los LED (&gt;100.000 h);<\/li>\n<li>Diferentes temperaturas de color disponibles;<\/li>\n<li>\u00cdndice de reproducci\u00f3n crom\u00e1tica (Ra&gt;70);<\/li>\n<li>Posibilidad de integrar clavijas de conexi\u00f3n (NEMA y Zhaga), para la integraci\u00f3n del sistema de control;<\/li>\n<\/ul>\n<p>&nbsp;<\/p>\n<hr \/>\n<p><strong>DOWNLOADS<\/strong><\/p>\n<ul>\n<li>FICHA T\u00c9CNICA : <a href=\"https:\/\/lightenjin.pt\/pdfs\/ft\/ft-oppidum-es.pdf\" target=\"_blank\" rel=\"noopener\">link<\/a><\/li>\n<li>INSTRUCCIONES DE MONTAJE : <a href=\"https:\/\/lightenjin.pt\/pdfs\/im\/im-oppidum.pdf\" target=\"_blank\" rel=\"noopener\">link<\/a><\/li>\n<li>NOTAS IMPORTANTES : <a href=\"https:\/\/lightenjin.pt\/pdfs\/nt\/nt-oppidum.pdf\" target=\"_blank\" rel=\"noopener\">link<\/a><\/li>\n<li>DECLARACI\u00d3N DE CONFORMIDAD :\u00a0 <a href=\"https:\/\/lightenjin.pt\/pdfs\/dc\/dc-oppidum.pdf\" target=\"_blank\" rel=\"noopener\">link<\/a><\/li>\n<\/ul>\n","protected":false},"excerpt":{"rendered":"<p><strong>OPPIDUM<\/strong> es una soluci\u00f3n de iluminaci\u00f3n para espacios p\u00fablicos, especialmente dise\u00f1ada en un estilo \u00abtradicional\u00bb sin penalizar su rendimiento. Ideal para entornos residenciales y urbanos, plazas p\u00fablicas y lugares hist\u00f3ricos.<\/p>\n<p>Con LEDs con un alto \u00edndice de reproducci\u00f3n crom\u00e1tica (Ra&gt;70) y una alta eficiencia luminosa global entre 96 y 105 lm\/W. LEDs con una elevada vida \u00fatil (&gt;100.000h), con diferentes temperaturas de color disponibles.<\/p>\n<p>Normalmente se aplican en postes de 4 a 6 metros.<\/p>\n","protected":false},"featured_media":21271,"template":"","meta":{"iawp_total_views":3},"product_brand":[],"product_cat":[723,637,729],"product_tag":[972,668,973,700,701],"class_list":{"0":"post-21270","1":"product","2":"type-product","3":"status-publish","4":"has-post-thumbnail","6":"product_cat-circulacion","7":"product_cat-exterior-es","8":"product_cat-publico-es","9":"product_tag-parques-es","10":"product_tag-zhaga-d4i-es","11":"product_tag-zonas-de-aparcamiento","12":"product_tag-zonas-residenciales","13":"product_tag-zonas-urbanas-es","14":"pa_aplicacao-poste-es","16":"first","17":"instock","18":"shipping-taxable","19":"product-type-simple"},"_links":{"self":[{"href":"https:\/\/lightenjin.pt\/es\/wp-json\/wp\/v2\/product\/21270","targetHints":{"allow":["GET"]}}],"collection":[{"href":"https:\/\/lightenjin.pt\/es\/wp-json\/wp\/v2\/product"}],"about":[{"href":"https:\/\/lightenjin.pt\/es\/wp-json\/wp\/v2\/types\/product"}],"version-history":[{"count":5,"href":"https:\/\/lightenjin.pt\/es\/wp-json\/wp\/v2\/product\/21270\/revisions"}],"predecessor-version":[{"id":22396,"href":"https:\/\/lightenjin.pt\/es\/wp-json\/wp\/v2\/product\/21270\/revisions\/22396"}],"wp:featuredmedia":[{"embeddable":true,"href":"https:\/\/lightenjin.pt\/es\/wp-json\/wp\/v2\/media\/21271"}],"wp:attachment":[{"href":"https:\/\/lightenjin.pt\/es\/wp-json\/wp\/v2\/media?parent=21270"}],"wp:term":[{"taxonomy":"product_brand","embeddable":true,"href":"https:\/\/lightenjin.pt\/es\/wp-json\/wp\/v2\/product_brand?post=21270"},{"taxonomy":"product_cat","embeddable":true,"href":"https:\/\/lightenjin.pt\/es\/wp-json\/wp\/v2\/product_cat?post=21270"},{"taxonomy":"product_tag","embeddable":true,"href":"https:\/\/lightenjin.pt\/es\/wp-json\/wp\/v2\/product_tag?post=21270"}],"curies":[{"name":"wp","href":"https:\/\/api.w.org\/{rel}","templated":true}]}}