{"id":21409,"date":"2024-10-10T11:35:29","date_gmt":"2024-10-10T10:35:29","guid":{"rendered":"https:\/\/lightenjin.pt\/?post_type=product&#038;p=21409"},"modified":"2025-10-20T17:45:27","modified_gmt":"2025-10-20T16:45:27","slug":"cithara-evo-horti","status":"publish","type":"product","link":"https:\/\/lightenjin.pt\/es\/producto\/cithara-evo-horti\/","title":{"rendered":"CITHARA EVO HORTI"},"content":{"rendered":"<ul>\n<li>Iluminaci\u00f3n para horticultura;<\/li>\n<li>Aplicaci\u00f3n saliente en suelo, techo o pared;<\/li>\n<li>Soporte que permite una inclinaci\u00f3n ajustable;<\/li>\n<li>Cuerpo de aluminio inyectado;<\/li>\n<li>Desarrollado para horticultura;<\/li>\n<li>Espectro personalizado seg\u00fan las necesidades;<\/li>\n<li>F\u00e1cilmente adaptable a diferentes variaciones de temperatura;<\/li>\n<li>Difusor de vidrio templado transparente;<\/li>\n<li>Vida \u00fatil del LED&gt; (100 000 h);<\/li>\n<li>Diferentes temperaturas de color disponibles;<\/li>\n<li>\u00cdndice de restituci\u00f3n crom\u00e1tica (Ra&gt;70);<\/li>\n<li>Varilla con rotaci\u00f3n de +90\u00b0 y -90\u00b0;<\/li>\n<li>Sistema de control y monitorizaci\u00f3n de temperatura, humedad, iluminaci\u00f3n y fluorescencia.<strong><br \/>\n<\/strong><\/li>\n<\/ul>\n<hr>\n<h4>DOWNLOADS<\/h4>\n<ul>\n<li>FICHA T\u00c9CNICA : <a href=\"https:\/\/lightenjin.pt\/pdfs\/ft\/ft-cithara-evo-horti-es.pdf\" target=\"_blank\" rel=\"noopener\">link<\/a><\/li>\n<li>INSTRUCCIONES DE MONTAJE : <a href=\"https:\/\/lightenjin.pt\/pdfs\/im\/im-cithara-evo-horti.pdf\" target=\"_blank\" rel=\"noopener\">link<\/a><\/li>\n<li>DECLARACI\u00d3N DE CONFORMIDAD : <a href=\"https:\/\/lightenjin.pt\/pdfs\/dc\/dc-cithara-evo.pdf\" target=\"_blank\" rel=\"noopener\">link<\/a><\/li>\n<\/ul>\n","protected":false},"excerpt":{"rendered":"<p><strong>CITHARA EVO HORTI<\/strong> es un dispositivo de iluminaci\u00f3n de alta potencia, especialmente dise\u00f1ado para la horticultura. Producto de iluminaci\u00f3n con un espectro personalizado seg\u00fan las necesidades y f\u00e1cilmente adaptable a diferentes variaciones de temperatura.<br \/>\nCon sistema de control y monitorizaci\u00f3n de temperatura, humedad, iluminaci\u00f3n y fluorescencia. <\/p>\n<p>Con LED de alto \u00edndice de reproducci\u00f3n crom\u00e1tica (Ra&gt;70) y alta eficacia luminosa global. LEDs de larga vida \u00fatil (&gt;50 000h), con diferentes temperaturas de color disponibles.<\/p>\n<p>&nbsp;<\/p>\n","protected":false},"featured_media":21415,"template":"","meta":{"iawp_total_views":1},"product_brand":[],"product_cat":[1011,635],"product_tag":[1014,1020,1016],"class_list":{"0":"post-21409","1":"product","2":"type-product","3":"status-publish","4":"has-post-thumbnail","6":"product_cat-horticultura-es","7":"product_cat-gama-euluce-es","8":"product_tag-agricultura-es","9":"product_tag-horticultura-es","10":"product_tag-invernadero","12":"first","13":"instock","14":"shipping-taxable","15":"product-type-simple"},"_links":{"self":[{"href":"https:\/\/lightenjin.pt\/es\/wp-json\/wp\/v2\/product\/21409","targetHints":{"allow":["GET"]}}],"collection":[{"href":"https:\/\/lightenjin.pt\/es\/wp-json\/wp\/v2\/product"}],"about":[{"href":"https:\/\/lightenjin.pt\/es\/wp-json\/wp\/v2\/types\/product"}],"version-history":[{"count":3,"href":"https:\/\/lightenjin.pt\/es\/wp-json\/wp\/v2\/product\/21409\/revisions"}],"predecessor-version":[{"id":26104,"href":"https:\/\/lightenjin.pt\/es\/wp-json\/wp\/v2\/product\/21409\/revisions\/26104"}],"wp:featuredmedia":[{"embeddable":true,"href":"https:\/\/lightenjin.pt\/es\/wp-json\/wp\/v2\/media\/21415"}],"wp:attachment":[{"href":"https:\/\/lightenjin.pt\/es\/wp-json\/wp\/v2\/media?parent=21409"}],"wp:term":[{"taxonomy":"product_brand","embeddable":true,"href":"https:\/\/lightenjin.pt\/es\/wp-json\/wp\/v2\/product_brand?post=21409"},{"taxonomy":"product_cat","embeddable":true,"href":"https:\/\/lightenjin.pt\/es\/wp-json\/wp\/v2\/product_cat?post=21409"},{"taxonomy":"product_tag","embeddable":true,"href":"https:\/\/lightenjin.pt\/es\/wp-json\/wp\/v2\/product_tag?post=21409"}],"curies":[{"name":"wp","href":"https:\/\/api.w.org\/{rel}","templated":true}]}}