{"id":21528,"date":"2024-04-05T12:53:57","date_gmt":"2024-04-05T11:53:57","guid":{"rendered":"https:\/\/lightenjin.pt\/?post_type=product&#038;p=21528"},"modified":"2024-11-19T13:51:47","modified_gmt":"2024-11-19T13:51:47","slug":"slinda","status":"publish","type":"product","link":"https:\/\/lightenjin.pt\/es\/producto\/slinda\/","title":{"rendered":"SLINDA"},"content":{"rendered":"<ul>\n<li>Aplicaci\u00f3n en carril trif\u00e1sico;<\/li>\n<li>Posicionamiento en l\u00ednea continua o proyector con orientaci\u00f3n sobre un eje;<\/li>\n<li>Cuerpo de chapa de acero templado termolacado en color;<\/li>\n<li>Difusor transparente;<\/li>\n<li>Elevada vida \u00fatil de los LED (&gt;50.000 h);<\/li>\n<li>Diferentes temperaturas de color disponibles;<\/li>\n<li>Alto \u00edndice de reproducci\u00f3n crom\u00e1tica (Ra&gt;80);<\/li>\n<\/ul>\n<p>&nbsp;<\/p>\n<hr \/>\n<p><strong>DOWNLOAD<\/strong><\/p>\n<ul>\n<li>FICHA T\u00c9CNICA: <a href=\"https:\/\/lightenjin.pt\/pdfs\/ft\/ft-slinda-es.pdf\" target=\"_blank\" rel=\"noopener\">link<\/a><\/li>\n<li>INSTRUCCIONES DE MONTAJE : <a href=\"https:\/\/lightenjin.pt\/pdfs\/im\/im-slinda.pdf\" target=\"_blank\" rel=\"noopener\">link<\/a><\/li>\n<li>DECLARACI\u00d3N DE CONFIRMACI\u00d3N : <a href=\"https:\/\/lightenjin.pt\/pdfs\/dc\/dc-slinda.pdf\" target=\"_blank\" rel=\"noopener\">link<\/a><\/li>\n<\/ul>\n","protected":false},"excerpt":{"rendered":"<p><strong>SLINDA<\/strong> es una soluci\u00f3n de iluminaci\u00f3n vers\u00e1til en t\u00e9rminos de posicionamiento: l\u00ednea continua o proyector orientado sobre un eje. Su forma sencilla hace que su uso sea discreto y elegante.<\/p>\n<p>Con LED de alto \u00edndice de reproducci\u00f3n crom\u00e1tica (Ra&gt;80) y una elevada eficacia luminosa global de entre 149 y 165 lm\/W. LED de larga duraci\u00f3n (&gt;50.000 h), con diferentes temperaturas de color disponibles.<\/p>\n","protected":false},"featured_media":20131,"template":"","meta":{"iawp_total_views":1},"product_brand":[],"product_cat":[722,635,726],"product_tag":[974,639,694],"class_list":{"0":"post-21528","1":"product","2":"type-product","3":"status-publish","4":"has-post-thumbnail","6":"product_cat-carril-trifasico","7":"product_cat-gama-euluce-es","8":"product_cat-interior-es","9":"product_tag-carril-trifasico","10":"product_tag-comercio-es","11":"product_tag-orientable-es","13":"first","14":"instock","15":"shipping-taxable","16":"product-type-simple"},"_links":{"self":[{"href":"https:\/\/lightenjin.pt\/es\/wp-json\/wp\/v2\/product\/21528","targetHints":{"allow":["GET"]}}],"collection":[{"href":"https:\/\/lightenjin.pt\/es\/wp-json\/wp\/v2\/product"}],"about":[{"href":"https:\/\/lightenjin.pt\/es\/wp-json\/wp\/v2\/types\/product"}],"version-history":[{"count":4,"href":"https:\/\/lightenjin.pt\/es\/wp-json\/wp\/v2\/product\/21528\/revisions"}],"predecessor-version":[{"id":21809,"href":"https:\/\/lightenjin.pt\/es\/wp-json\/wp\/v2\/product\/21528\/revisions\/21809"}],"wp:featuredmedia":[{"embeddable":true,"href":"https:\/\/lightenjin.pt\/es\/wp-json\/wp\/v2\/media\/20131"}],"wp:attachment":[{"href":"https:\/\/lightenjin.pt\/es\/wp-json\/wp\/v2\/media?parent=21528"}],"wp:term":[{"taxonomy":"product_brand","embeddable":true,"href":"https:\/\/lightenjin.pt\/es\/wp-json\/wp\/v2\/product_brand?post=21528"},{"taxonomy":"product_cat","embeddable":true,"href":"https:\/\/lightenjin.pt\/es\/wp-json\/wp\/v2\/product_cat?post=21528"},{"taxonomy":"product_tag","embeddable":true,"href":"https:\/\/lightenjin.pt\/es\/wp-json\/wp\/v2\/product_tag?post=21528"}],"curies":[{"name":"wp","href":"https:\/\/api.w.org\/{rel}","templated":true}]}}