{"id":21538,"date":"2024-02-19T16:10:55","date_gmt":"2024-02-19T16:10:55","guid":{"rendered":"https:\/\/lightenjin.pt\/?post_type=product&#038;p=21538"},"modified":"2025-10-10T11:52:36","modified_gmt":"2025-10-10T10:52:36","slug":"vita-ii","status":"publish","type":"product","link":"https:\/\/lightenjin.pt\/es\/producto\/vita-ii\/","title":{"rendered":"VITA II"},"content":{"rendered":"<ul>\n<li>Canaleta t\u00e9cnica hospitalaria<\/li>\n<li>Aplicaci\u00f3n saliente;<\/li>\n<li>Perfil doble de aluminio termolacado a color;<\/li>\n<li>Difusor opalino;<\/li>\n<li>Cuerpo con posibilidad de tratamiento antibacteriano;<\/li>\n<li>Posibilidad de integraci\u00f3n de sistemas para el control del ritmo circadiano.<\/li>\n<li>\u00cdndice de reproducci\u00f3n crom\u00e1tica (Ra&gt;80);<\/li>\n<\/ul>\n<p>&nbsp;<\/p>\n<hr>\n<h4>DOWNLOADS<\/h4>\n<ul>\n<li>FICHA T\u00c9CNICA : <a href=\"https:\/\/lightenjin.pt\/pdfs\/ft\/ft-vita-ii-es.pdf\" target=\"_blank\" rel=\"noopener\">link<\/a><\/li>\n<li>DECLARACI\u00d3N DE CONFORMIDAD : <a href=\"https:\/\/lightenjin.pt\/pdfs\/dc\/dc-vita.pdf\" target=\"_blank\" rel=\"noopener\">link<\/a><\/li>\n<\/ul>\n","protected":false},"excerpt":{"rendered":"<p><strong>VITA II<\/strong> &#8211; canaleta t\u00e9cnica hospitalaria compuesta por un perfil doble, para su aplicaci\u00f3n en cabeceros de camas de pacientes. Uno de los perfiles est\u00e1 dedicado a la parte el\u00e9ctrica y puede albergar iluminaci\u00f3n de lectura, que tambi\u00e9n permite examinar al paciente, iluminaci\u00f3n ambiental y de vigilancia. Tambi\u00e9n puede integrar varios enchufes e interruptores, as\u00ed como un sistema de llamada a enfermer\u00eda y otros que se definir\u00e1n seg\u00fan las necesidades. El otro perfil es exclusivo para la aplicaci\u00f3n de enchufes para gases medicinales.   <\/p>\n<p>Esta es la soluci\u00f3n perfecta para habitaciones, zonas de recuperaci\u00f3n y tratamiento de pacientes, que requieren iluminaci\u00f3n, energ\u00eda, comunicaciones y salidas de gas medicinal exactamente donde y cuando se necesitan.<\/p>\n<p>Con posibilidad de integraci\u00f3n de sistemas de control del ritmo circadiano.<\/p>\n","protected":false},"featured_media":20338,"template":"","meta":{"iawp_total_views":10},"product_brand":[],"product_cat":[730,635,735,726],"product_tag":[940,644],"class_list":{"0":"post-21538","1":"product","2":"type-product","3":"status-publish","4":"has-post-thumbnail","6":"product_cat-de-superficie","7":"product_cat-gama-euluce-es","8":"product_cat-hospitalar-es","9":"product_cat-interior-es","10":"product_tag-perfil-es","11":"product_tag-salud","12":"pa_acabamento-blanco","13":"pa_aplicacao-pared","14":"pa_area-de-aplicacao-salud","16":"first","17":"instock","18":"shipping-taxable","19":"product-type-simple"},"_links":{"self":[{"href":"https:\/\/lightenjin.pt\/es\/wp-json\/wp\/v2\/product\/21538","targetHints":{"allow":["GET"]}}],"collection":[{"href":"https:\/\/lightenjin.pt\/es\/wp-json\/wp\/v2\/product"}],"about":[{"href":"https:\/\/lightenjin.pt\/es\/wp-json\/wp\/v2\/types\/product"}],"version-history":[{"count":3,"href":"https:\/\/lightenjin.pt\/es\/wp-json\/wp\/v2\/product\/21538\/revisions"}],"predecessor-version":[{"id":26021,"href":"https:\/\/lightenjin.pt\/es\/wp-json\/wp\/v2\/product\/21538\/revisions\/26021"}],"wp:featuredmedia":[{"embeddable":true,"href":"https:\/\/lightenjin.pt\/es\/wp-json\/wp\/v2\/media\/20338"}],"wp:attachment":[{"href":"https:\/\/lightenjin.pt\/es\/wp-json\/wp\/v2\/media?parent=21538"}],"wp:term":[{"taxonomy":"product_brand","embeddable":true,"href":"https:\/\/lightenjin.pt\/es\/wp-json\/wp\/v2\/product_brand?post=21538"},{"taxonomy":"product_cat","embeddable":true,"href":"https:\/\/lightenjin.pt\/es\/wp-json\/wp\/v2\/product_cat?post=21538"},{"taxonomy":"product_tag","embeddable":true,"href":"https:\/\/lightenjin.pt\/es\/wp-json\/wp\/v2\/product_tag?post=21538"}],"curies":[{"name":"wp","href":"https:\/\/api.w.org\/{rel}","templated":true}]}}