{"id":21572,"date":"2024-10-31T09:57:20","date_gmt":"2024-10-31T09:57:20","guid":{"rendered":"https:\/\/lightenjin.pt\/?post_type=product&#038;p=21572"},"modified":"2024-10-31T10:58:00","modified_gmt":"2024-10-31T10:58:00","slug":"linne-e-60-r","status":"publish","type":"product","link":"https:\/\/lightenjin.pt\/es\/producto\/linne-e-60-r\/","title":{"rendered":"LINNE E 60 R"},"content":{"rendered":"<ul>\n<li>Aplicaci\u00f3n empotrada;<\/li>\n<li>Perfil de aluminio;<\/li>\n<li>Lentes con diferentes fotometr\u00edas disponibles;<\/li>\n<li>Vida \u00fatil de los LED (&gt;50.000 h);<\/li>\n<li>Diferentes temperaturas de color disponibles;<\/li>\n<li>\u00cdndice de reproducci\u00f3n crom\u00e1tica (Ra&gt;80);<\/li>\n<li>Luminaria vers\u00e1til en cuanto a longitudes disponibles;<\/li>\n<\/ul>\n<p>&nbsp;<\/p>\n<hr \/>\n<h4>DOWNLOADS<\/h4>\n<ul>\n<li>FICHA T\u00c9CNICA : <a href=\"https:\/\/lightenjin.pt\/pdfs\/ft\/ft-linne-e-60-r-es.pdf\" target=\"_blank\" rel=\"noopener\">link<\/a><\/li>\n<li>INSTRUCCIONES DE MONTAJE :\u00a0 <a href=\"https:\/\/lightenjin.pt\/pdfs\/im\/im-linne-e-60-r.pdf\" target=\"_blank\" rel=\"noopener\">link<\/a><\/li>\n<li>DECLARACI\u00d3N DE CONFORMIDAD :\u00a0 <a href=\"https:\/\/lightenjin.pt\/pdfs\/dc\/dc-linne-e-60-r.pdf\" target=\"_blank\" rel=\"noopener\">link<\/a><\/li>\n<\/ul>\n","protected":false},"excerpt":{"rendered":"<p><strong>LINNE E 60 R <\/strong>es una luminaria lineal suspendida con una lente ideal para dirigir la luz en diferentes \u00e1ngulos. Luminaria vers\u00e1til desde el punto de vista de las longitudes disponibles.<\/p>\n<p>Con LEDs con un alto \u00edndice de reproducci\u00f3n crom\u00e1tica (Ra&gt;80) y una elevada eficacia luminosa global de entre 132 y 159 lm\/W. LEDs de larga duraci\u00f3n (&gt;50.000h), con diferentes temperaturas de color disponibles.<\/p>\n","protected":false},"featured_media":21576,"template":"","meta":{"iawp_total_views":5},"product_brand":[],"product_cat":[636,635,726],"product_tag":[639,642,676,678,967,977,940,640,644,645],"class_list":{"0":"post-21572","1":"product","2":"type-product","3":"status-publish","4":"has-post-thumbnail","6":"product_cat-empotrar","7":"product_cat-gama-euluce-es","8":"product_cat-interior-es","9":"product_tag-comercio-es","10":"product_tag-cultura-es","11":"product_tag-educacion","12":"product_tag-empotrar","13":"product_tag-hoteleria","14":"product_tag-oficinas","15":"product_tag-perfil-es","16":"product_tag-residencia","17":"product_tag-salud","18":"product_tag-transporte","20":"first","21":"instock","22":"shipping-taxable","23":"product-type-simple"},"_links":{"self":[{"href":"https:\/\/lightenjin.pt\/es\/wp-json\/wp\/v2\/product\/21572","targetHints":{"allow":["GET"]}}],"collection":[{"href":"https:\/\/lightenjin.pt\/es\/wp-json\/wp\/v2\/product"}],"about":[{"href":"https:\/\/lightenjin.pt\/es\/wp-json\/wp\/v2\/types\/product"}],"version-history":[{"count":1,"href":"https:\/\/lightenjin.pt\/es\/wp-json\/wp\/v2\/product\/21572\/revisions"}],"predecessor-version":[{"id":21581,"href":"https:\/\/lightenjin.pt\/es\/wp-json\/wp\/v2\/product\/21572\/revisions\/21581"}],"wp:featuredmedia":[{"embeddable":true,"href":"https:\/\/lightenjin.pt\/es\/wp-json\/wp\/v2\/media\/21576"}],"wp:attachment":[{"href":"https:\/\/lightenjin.pt\/es\/wp-json\/wp\/v2\/media?parent=21572"}],"wp:term":[{"taxonomy":"product_brand","embeddable":true,"href":"https:\/\/lightenjin.pt\/es\/wp-json\/wp\/v2\/product_brand?post=21572"},{"taxonomy":"product_cat","embeddable":true,"href":"https:\/\/lightenjin.pt\/es\/wp-json\/wp\/v2\/product_cat?post=21572"},{"taxonomy":"product_tag","embeddable":true,"href":"https:\/\/lightenjin.pt\/es\/wp-json\/wp\/v2\/product_tag?post=21572"}],"curies":[{"name":"wp","href":"https:\/\/api.w.org\/{rel}","templated":true}]}}