{"id":21614,"date":"2024-11-04T14:16:57","date_gmt":"2024-11-04T14:16:57","guid":{"rendered":"https:\/\/lightenjin.pt\/?post_type=product&#038;p=21614"},"modified":"2025-09-30T12:52:22","modified_gmt":"2025-09-30T11:52:22","slug":"exitus-e","status":"publish","type":"product","link":"https:\/\/lightenjin.pt\/es\/producto\/exitus-e\/","title":{"rendered":"EXITUS E"},"content":{"rendered":"<ul>\n<li>Iluminaci\u00f3n de emergencia;<\/li>\n<li>Montaje empotrado;<\/li>\n<li>Cuerpo de aluminio;<\/li>\n<li>Pictograma en policarbonato;<\/li>\n<li>Bater\u00eda Nicd, con autonom\u00eda de 1 a 3 horas;<\/li>\n<li>Temperatura de funcionamiento: 0 \u00baC a +40 \u00baC.<\/li>\n<li>Lentes circulares;<\/li>\n<li>Tensi\u00f3n de entrada 24 V;<\/li>\n<li>Temperatura de color disponible: 4000K;<\/li>\n<\/ul>\n<hr>\n<h4>DOWNLOADS<\/h4>\n<ul>\n<li>FICHA T\u00c9CNICA : <a href=\"https:\/\/lightenjin.pt\/pdfs\/ft\/ft-exitus-e-es.pdf\" target=\"_blank\" rel=\"noopener\">link<\/a><\/li>\n<\/ul>\n<p>&nbsp;<\/p>\n","protected":false},"excerpt":{"rendered":"<p><strong>EXITUS E <\/strong>es una luminaria de emergencia con se\u00f1alizaci\u00f3n unidireccional. Adecuada para funcionar en condiciones exigentes de presi\u00f3n y temperatura. <\/p>\n<p>Temperatura de color 4000K.<br \/>\nBater\u00eda Nicd con autonom\u00eda de 1h a 3 h.<\/p>\n","protected":false},"featured_media":21618,"template":"","meta":{"iawp_total_views":4},"product_brand":[],"product_cat":[886,636,724,635],"product_tag":[639,642,676,678,967,977,940,640,644,645],"class_list":{"0":"post-21614","1":"product","2":"type-product","3":"status-publish","4":"has-post-thumbnail","6":"product_cat-emergencia-es","7":"product_cat-empotrar","8":"product_cat-especiales","9":"product_cat-gama-euluce-es","10":"product_tag-comercio-es","11":"product_tag-cultura-es","12":"product_tag-educacion","13":"product_tag-empotrar","14":"product_tag-hoteleria","15":"product_tag-oficinas","16":"product_tag-perfil-es","17":"product_tag-residencia","18":"product_tag-salud","19":"product_tag-transporte","21":"first","22":"instock","23":"shipping-taxable","24":"product-type-simple"},"_links":{"self":[{"href":"https:\/\/lightenjin.pt\/es\/wp-json\/wp\/v2\/product\/21614","targetHints":{"allow":["GET"]}}],"collection":[{"href":"https:\/\/lightenjin.pt\/es\/wp-json\/wp\/v2\/product"}],"about":[{"href":"https:\/\/lightenjin.pt\/es\/wp-json\/wp\/v2\/types\/product"}],"version-history":[{"count":2,"href":"https:\/\/lightenjin.pt\/es\/wp-json\/wp\/v2\/product\/21614\/revisions"}],"predecessor-version":[{"id":25848,"href":"https:\/\/lightenjin.pt\/es\/wp-json\/wp\/v2\/product\/21614\/revisions\/25848"}],"wp:featuredmedia":[{"embeddable":true,"href":"https:\/\/lightenjin.pt\/es\/wp-json\/wp\/v2\/media\/21618"}],"wp:attachment":[{"href":"https:\/\/lightenjin.pt\/es\/wp-json\/wp\/v2\/media?parent=21614"}],"wp:term":[{"taxonomy":"product_brand","embeddable":true,"href":"https:\/\/lightenjin.pt\/es\/wp-json\/wp\/v2\/product_brand?post=21614"},{"taxonomy":"product_cat","embeddable":true,"href":"https:\/\/lightenjin.pt\/es\/wp-json\/wp\/v2\/product_cat?post=21614"},{"taxonomy":"product_tag","embeddable":true,"href":"https:\/\/lightenjin.pt\/es\/wp-json\/wp\/v2\/product_tag?post=21614"}],"curies":[{"name":"wp","href":"https:\/\/api.w.org\/{rel}","templated":true}]}}