{"id":21655,"date":"2021-09-13T00:00:00","date_gmt":"2021-09-12T23:00:00","guid":{"rendered":"https:\/\/lightenjin.pt\/?post_type=product&#038;p=21655"},"modified":"2024-11-08T15:03:30","modified_gmt":"2024-11-08T15:03:30","slug":"subiti-light","status":"publish","type":"product","link":"https:\/\/lightenjin.pt\/es\/producto\/subiti-light\/","title":{"rendered":"SUBITI LIGHT"},"content":{"rendered":"<ul>\n<li>Iluminaci\u00f3n de emergencia;<\/li>\n<li>Cuerpo de aluminio;<\/li>\n<li>Difusor de policarbonato;<\/li>\n<li>Aplicaci\u00f3n en superficie;<\/li>\n<li>Temperatura de funcionamiento -20\u00baC a 50\u00baC;<\/li>\n<li>Temperatura de color 3000K;<\/li>\n<li>\u00cdndice de reproducci\u00f3n crom\u00e1tica IRC&gt;70;<\/li>\n<li>Fuente de luz de tecnolog\u00eda LED;<\/li>\n<\/ul>\n<p>&nbsp;<\/p>\n<hr \/>\n<h4>DOWNLOADS<\/h4>\n<ul>\n<li>FICHA T\u00c9CNICA : <a href=\"https:\/\/lightenjin.pt\/pdfs\/ft\/ft-subiti-light-es.pdf\" target=\"_blank\" rel=\"noopener\">link<\/a><\/li>\n<li>INSTRUCCIONES DE MONTAJE : <a href=\"https:\/\/lightenjin.pt\/pdfs\/im\/im-subiti-light.pdf\" target=\"_blank\" rel=\"noopener\">link<\/a><\/li>\n<li>DECLARACI\u00d3N DE CONFORMIDAD : <a href=\"https:\/\/lightenjin.pt\/pdfs\/dc\/dc-subiti-light.pdf\" target=\"_blank\" rel=\"noopener\">link<\/a><\/li>\n<\/ul>\n","protected":false},"excerpt":{"rendered":"<p><strong>SUBITI LIGHT<\/strong> es una luminaria de emergencia. Adecuada para proporcionar iluminaci\u00f3n en espacios poco iluminados y funcionar en condiciones de presi\u00f3n y temperatura exigentes.<\/p>\n<p>Con LED de alto \u00edndice de reproducci\u00f3n crom\u00e1tica (Ra&gt;70) y alta eficacia luminosa global: 92,8 lm\/W. LEDs con temperatura de color 3000K.<\/p>\n","protected":false},"featured_media":24556,"template":"","meta":{"iawp_total_views":2},"product_brand":[],"product_cat":[723,886,637,635,729,962],"product_tag":[667,695,709,645],"class_list":{"0":"post-21655","1":"product","2":"type-product","3":"status-publish","4":"has-post-thumbnail","6":"product_cat-circulacion","7":"product_cat-emergencia-es","8":"product_cat-exterior-es","9":"product_cat-gama-euluce-es","10":"product_cat-publico-es","11":"product_cat-transportes-es","12":"product_tag-emergencia-es","13":"product_tag-pared","14":"product_tag-subiti-es","15":"product_tag-transporte","17":"first","18":"instock","19":"shipping-taxable","20":"product-type-simple"},"_links":{"self":[{"href":"https:\/\/lightenjin.pt\/es\/wp-json\/wp\/v2\/product\/21655","targetHints":{"allow":["GET"]}}],"collection":[{"href":"https:\/\/lightenjin.pt\/es\/wp-json\/wp\/v2\/product"}],"about":[{"href":"https:\/\/lightenjin.pt\/es\/wp-json\/wp\/v2\/types\/product"}],"version-history":[{"count":3,"href":"https:\/\/lightenjin.pt\/es\/wp-json\/wp\/v2\/product\/21655\/revisions"}],"predecessor-version":[{"id":21659,"href":"https:\/\/lightenjin.pt\/es\/wp-json\/wp\/v2\/product\/21655\/revisions\/21659"}],"wp:featuredmedia":[{"embeddable":true,"href":"https:\/\/lightenjin.pt\/es\/wp-json\/wp\/v2\/media\/24556"}],"wp:attachment":[{"href":"https:\/\/lightenjin.pt\/es\/wp-json\/wp\/v2\/media?parent=21655"}],"wp:term":[{"taxonomy":"product_brand","embeddable":true,"href":"https:\/\/lightenjin.pt\/es\/wp-json\/wp\/v2\/product_brand?post=21655"},{"taxonomy":"product_cat","embeddable":true,"href":"https:\/\/lightenjin.pt\/es\/wp-json\/wp\/v2\/product_cat?post=21655"},{"taxonomy":"product_tag","embeddable":true,"href":"https:\/\/lightenjin.pt\/es\/wp-json\/wp\/v2\/product_tag?post=21655"}],"curies":[{"name":"wp","href":"https:\/\/api.w.org\/{rel}","templated":true}]}}