{"id":21770,"date":"2024-11-14T12:37:51","date_gmt":"2024-11-14T12:37:51","guid":{"rendered":"https:\/\/lightenjin.pt\/?post_type=product&#038;p=21770"},"modified":"2025-10-21T17:16:04","modified_gmt":"2025-10-21T16:16:04","slug":"napus","status":"publish","type":"product","link":"https:\/\/lightenjin.pt\/es\/producto\/napus\/","title":{"rendered":"NAPUS"},"content":{"rendered":"<ul>\n<li>Iluminaci\u00f3n p\u00fablica decorativa;<\/li>\n<li>L\u00e1mpara tipo \u00abnabo\u00bb;<\/li>\n<li>Montagem em poste ( 4 at\u00e9 6 metros);<\/li>\n<li>Base de aleaci\u00f3n de aluminio inyectado;<\/li>\n<li>Difusor de policarbonato, resistente a los rayos UV y con acabado en blanco mate.<\/li>\n<li>Equipada con tecnolog\u00eda LED de alta potencia.<\/li>\n<li>Distribuci\u00f3n fotom\u00e9trica sim\u00e9trica;<\/li>\n<li>Mantenimiento del flujo del LED L90B10 a las 100 000 h, de acuerdo con la normativa LM80\/TM21;<\/li>\n<li>Alto \u00edndice de restituci\u00f3n crom\u00e1tica (Ra&gt;70);<\/li>\n<li>Temperatura de color correlacionada 3000K +\/-200;<\/li>\n<li>Acceso directo al compartimento del DRIVER y a los accesorios electr\u00f3nicos, lo que garantiza un f\u00e1cil mantenimiento en el lugar de instalaci\u00f3n.<\/li>\n<li>Las luminarias permiten la fijaci\u00f3n vertical a tubos con di\u00e1metros de \u00d860 mm;<\/li>\n<li>Protecci\u00f3n el\u00e9ctrica contra descargas atmosf\u00e9ricas externa al DRIVER de 10K, v\u00eda SPD (Surge Protection Device)<\/li>\n<li>CONDUCTOR con regulaci\u00f3n;<\/li>\n<\/ul>\n<p>&nbsp;<\/p>\n<hr>\n<h4>DOWNLOADS<\/h4>\n<ul>\n<li>FICHA T\u00c9CNICA : <a href=\"https:\/\/lightenjin.pt\/pdfs\/ft\/ft-napus-es.pdf\" target=\"_blank\" rel=\"noopener\">link<\/a><\/li>\n<li>DECLARACI\u00d3N DE CONFORMIDAD : <a href=\"https:\/\/lightenjin.pt\/pdfs\/dc\/dc-napus.pdf\" target=\"_blank\" rel=\"noopener\">link<\/a><\/li>\n<\/ul>\n","protected":false},"excerpt":{"rendered":"<p><strong>NAPUS<\/strong> es una luminaria dise\u00f1ada para proporcionar una soluci\u00f3n de iluminaci\u00f3n rentable con un estilo \u00abtradicional\u00bb. Esta soluci\u00f3n es ideal para su aplicaci\u00f3n en lugares hist\u00f3ricos, entornos residenciales, urbanos y plazas p\u00fablicas. <\/p>\n<p>Gracias a su forma sencilla, hemos conseguido adaptar este producto a una amplia gama de entornos tradicionales sin penalizar su rendimiento.<\/p>\n<p>Se aplica habitualmente en postes de 4 a 6 metros.<\/p>\n<p>&nbsp;<\/p>\n","protected":false},"featured_media":24450,"template":"","meta":{"iawp_total_views":0},"product_brand":[],"product_cat":[637,723,877,952,891,729],"product_tag":[671,969,970,968,972,668,973],"class_list":{"0":"post-21770","1":"product","2":"type-product","3":"status-publish","4":"has-post-thumbnail","6":"product_cat-exterior-es","7":"product_cat-circulacion","8":"product_cat-socios","9":"product_cat-iluminacion-publica-decorativa","10":"product_cat-luminaria-viaria-es","11":"product_cat-publico-es","12":"product_tag-autopistas","13":"product_tag-carreteras","14":"product_tag-carreteras-principales","15":"product_tag-carreteras-secundarias","16":"product_tag-parques-es","17":"product_tag-zhaga-d4i-es","18":"product_tag-zonas-de-aparcamiento","19":"pa_aplicacao-pared","20":"pa_aplicacao-poste-es","22":"first","23":"instock","24":"shipping-taxable","25":"product-type-simple"},"_links":{"self":[{"href":"https:\/\/lightenjin.pt\/es\/wp-json\/wp\/v2\/product\/21770","targetHints":{"allow":["GET"]}}],"collection":[{"href":"https:\/\/lightenjin.pt\/es\/wp-json\/wp\/v2\/product"}],"about":[{"href":"https:\/\/lightenjin.pt\/es\/wp-json\/wp\/v2\/types\/product"}],"version-history":[{"count":3,"href":"https:\/\/lightenjin.pt\/es\/wp-json\/wp\/v2\/product\/21770\/revisions"}],"predecessor-version":[{"id":26116,"href":"https:\/\/lightenjin.pt\/es\/wp-json\/wp\/v2\/product\/21770\/revisions\/26116"}],"wp:featuredmedia":[{"embeddable":true,"href":"https:\/\/lightenjin.pt\/es\/wp-json\/wp\/v2\/media\/24450"}],"wp:attachment":[{"href":"https:\/\/lightenjin.pt\/es\/wp-json\/wp\/v2\/media?parent=21770"}],"wp:term":[{"taxonomy":"product_brand","embeddable":true,"href":"https:\/\/lightenjin.pt\/es\/wp-json\/wp\/v2\/product_brand?post=21770"},{"taxonomy":"product_cat","embeddable":true,"href":"https:\/\/lightenjin.pt\/es\/wp-json\/wp\/v2\/product_cat?post=21770"},{"taxonomy":"product_tag","embeddable":true,"href":"https:\/\/lightenjin.pt\/es\/wp-json\/wp\/v2\/product_tag?post=21770"}],"curies":[{"name":"wp","href":"https:\/\/api.w.org\/{rel}","templated":true}]}}