{"id":21844,"date":"2024-11-21T12:15:17","date_gmt":"2024-11-21T12:15:17","guid":{"rendered":"https:\/\/lightenjin.pt\/?post_type=product&#038;p=21844"},"modified":"2025-09-03T14:44:38","modified_gmt":"2025-09-03T13:44:38","slug":"arbor","status":"publish","type":"product","link":"https:\/\/lightenjin.pt\/es\/producto\/arbor\/","title":{"rendered":"ARBOR"},"content":{"rendered":"<ul>\n<li>Iluminaci\u00f3n ac\u00fastica;<\/li>\n<li>Aplicaci\u00f3n suspendida o saliente;<\/li>\n<li>Posibilidad de combinar con diferentes luminarias;<\/li>\n<li>Paneles ac\u00fasticos de PET reciclado y revestidos de fieltro: tejidos o acabados con propiedades ign\u00edfugas que aportan las caracter\u00edsticas deseadas.<\/li>\n<li>Varios colores disponibles <em>(bajo consulta)<\/em>;<\/li>\n<li>Perfil de la luminaria en aluminio termolacado a color;<\/li>\n<li>Vida \u00fatil (&gt;50 000 h);<\/li>\n<li>Diferentes temperaturas de color disponibles;<\/li>\n<li>Difusor opalino;<\/li>\n<li>\u00cdndice de reproducci\u00f3n crom\u00e1tica (Ra&gt;80);<\/li>\n<li>Posibilidad de incorporar un sistema de control <em>Dali<\/em> o <em>Tunable white (sistema de control del ritmo circadiano).<\/em><\/li>\n<\/ul>\n<p>&nbsp;<\/p>\n<hr>\n<h4>DOWNLOADS<\/h4>\n<ul>\n<li>FICHA T\u00c9CNICA : <a href=\"https:\/\/lightenjin.pt\/pdfs\/ft\/ft-arbor-es.pdf\" target=\"_blank\" rel=\"noopener\">link<\/a><\/li>\n<\/ul>\n<p>&nbsp;<\/p>\n","protected":false},"excerpt":{"rendered":"<p><strong>ARBOR<\/strong> es un panel en forma de p\u00e9talo que se puede combinar con diferentes luminarias. Un sistema sencillo y completo en sus funciones. Combina iluminaci\u00f3n y ac\u00fastica, necesaria para iluminar y atenuar la propagaci\u00f3n del sonido en los espacios de trabajo.  <\/p>\n<p>La luminaria dispone de LED con un alto \u00edndice de reproducci\u00f3n crom\u00e1tica (Ra&gt;80) y una alta eficacia luminosa global entre 118 y 142 lm\/W. LEDs de larga vida \u00fatil (&gt;50 000h), con diferentes temperaturas de color disponibles.<\/p>\n<p>Soluci\u00f3n para el control del ritmo circadiano disponible bajo consulta.<\/p>\n<p>&nbsp;<\/p>\n<p>Para m\u00e1s informaci\u00f3n sobre la gama ac\u00fastica, consulte este <a href=\"https:\/\/lightenjin.pt\/es\/iluminacion-acustica\/\">link<\/a><\/p>\n","protected":false},"featured_media":24321,"template":"","meta":{"iawp_total_views":11},"product_brand":[],"product_cat":[720,721,717,635,726,731],"product_tag":[639,977,941,677],"class_list":{"0":"post-21844","1":"product","2":"type-product","3":"status-publish","4":"has-post-thumbnail","6":"product_cat-acusticas-es","7":"product_cat-biomaterial-es","8":"product_cat-gama-acustica-es","9":"product_cat-gama-euluce-es","10":"product_cat-interior-es","11":"product_cat-suspendida","12":"product_tag-comercio-es","13":"product_tag-oficinas","14":"product_tag-suspendido","15":"product_tag-techos-altos","16":"pa_acabamento-varios-colores-disponibles","17":"pa_aplicacao-suspendido","18":"pa_area-de-aplicacao-comercio-es","19":"pa_area-de-aplicacao-industria-hotelera","20":"pa_area-de-aplicacao-oficinas","21":"pa_area-de-aplicacao-residencia","23":"first","24":"instock","25":"shipping-taxable","26":"product-type-simple"},"_links":{"self":[{"href":"https:\/\/lightenjin.pt\/es\/wp-json\/wp\/v2\/product\/21844","targetHints":{"allow":["GET"]}}],"collection":[{"href":"https:\/\/lightenjin.pt\/es\/wp-json\/wp\/v2\/product"}],"about":[{"href":"https:\/\/lightenjin.pt\/es\/wp-json\/wp\/v2\/types\/product"}],"version-history":[{"count":3,"href":"https:\/\/lightenjin.pt\/es\/wp-json\/wp\/v2\/product\/21844\/revisions"}],"predecessor-version":[{"id":25727,"href":"https:\/\/lightenjin.pt\/es\/wp-json\/wp\/v2\/product\/21844\/revisions\/25727"}],"wp:featuredmedia":[{"embeddable":true,"href":"https:\/\/lightenjin.pt\/es\/wp-json\/wp\/v2\/media\/24321"}],"wp:attachment":[{"href":"https:\/\/lightenjin.pt\/es\/wp-json\/wp\/v2\/media?parent=21844"}],"wp:term":[{"taxonomy":"product_brand","embeddable":true,"href":"https:\/\/lightenjin.pt\/es\/wp-json\/wp\/v2\/product_brand?post=21844"},{"taxonomy":"product_cat","embeddable":true,"href":"https:\/\/lightenjin.pt\/es\/wp-json\/wp\/v2\/product_cat?post=21844"},{"taxonomy":"product_tag","embeddable":true,"href":"https:\/\/lightenjin.pt\/es\/wp-json\/wp\/v2\/product_tag?post=21844"}],"curies":[{"name":"wp","href":"https:\/\/api.w.org\/{rel}","templated":true}]}}