{"id":21962,"date":"2020-10-07T00:00:00","date_gmt":"2020-10-06T23:00:00","guid":{"rendered":"https:\/\/lightenjin.pt\/?post_type=product&#038;p=21962"},"modified":"2025-01-27T15:46:21","modified_gmt":"2025-01-27T15:46:21","slug":"turnlinne-o","status":"publish","type":"product","link":"https:\/\/lightenjin.pt\/es\/producto\/turnlinne-o\/","title":{"rendered":"TURNLINNE O"},"content":{"rendered":"<ul>\n<li>Aplicaci\u00f3n en canalizaci\u00f3n trif\u00e1sica;<\/li>\n<li>Cuerpo de perfil de aluminio;<\/li>\n<li>Orientable;<\/li>\n<li>Difusor opalino;<\/li>\n<li>Lente de bajo deslumbramiento;<\/li>\n<li>Elevada vida \u00fatil de los LED (&gt;50.000 h);<\/li>\n<li>Diferentes temperaturas de color disponibles;<\/li>\n<li>Alto \u00edndice de reproducci\u00f3n crom\u00e1tica (Ra&gt;80);<\/li>\n<\/ul>\n<p>&nbsp;<\/p>\n<hr \/>\n<h4>DOWNLOADS<\/h4>\n<ul>\n<li>FICHA T\u00c9CNICA: <a href=\"https:\/\/lightenjin.pt\/pdfs\/ft\/ft-turnlinne-o-es.pdf\" target=\"_blank\" rel=\"noopener\">link<\/a><\/li>\n<li>INSTRUCCIONES DE MONTAJE : <a href=\"https:\/\/lightenjin.pt\/pdfs\/im\/im-turnlinne-o.pdf\" target=\"_blank\" rel=\"noopener\">link<\/a><\/li>\n<li>DECLARACI\u00d3N DE CONFORMIDAD : <a href=\"https:\/\/lightenjin.pt\/pdfs\/dc\/dc-turnlinne.pdf\" target=\"_blank\" rel=\"noopener\">link<\/a><\/li>\n<\/ul>\n","protected":false},"excerpt":{"rendered":"<p><strong>TURNLINNE O<\/strong> es una soluci\u00f3n de iluminaci\u00f3n orientable con lente de bajo deslumbramiento; se aplica a un carril trif\u00e1sico, lo que permite dirigir la luz seg\u00fan las necesidades de cada cliente.<\/p>\n<p>Con LEDs con un alto \u00edndice de reproducci\u00f3n crom\u00e1tica (Ra&gt;80) y una elevada eficacia luminosa global de entre 137 y 163 lm\/W. LEDs con una larga vida \u00fatil (&gt;50.000h), con diferentes temperaturas de color disponibles.<\/p>\n","protected":false},"featured_media":0,"template":"","meta":{"iawp_total_views":2},"product_brand":[],"product_cat":[722,635],"product_tag":[974,639,694],"class_list":{"0":"post-21962","1":"product","2":"type-product","3":"status-publish","5":"product_cat-carril-trifasico","6":"product_cat-gama-euluce-es","7":"product_tag-carril-trifasico","8":"product_tag-comercio-es","9":"product_tag-orientable-es","10":"pa_aplicacao-carril","11":"pa_aplicacao-orientable-es","12":"pa_area-de-aplicacao-comercio-es","13":"pa_area-de-aplicacao-industria-hotelera","15":"first","16":"instock","17":"shipping-taxable","18":"product-type-simple"},"_links":{"self":[{"href":"https:\/\/lightenjin.pt\/es\/wp-json\/wp\/v2\/product\/21962","targetHints":{"allow":["GET"]}}],"collection":[{"href":"https:\/\/lightenjin.pt\/es\/wp-json\/wp\/v2\/product"}],"about":[{"href":"https:\/\/lightenjin.pt\/es\/wp-json\/wp\/v2\/types\/product"}],"version-history":[{"count":4,"href":"https:\/\/lightenjin.pt\/es\/wp-json\/wp\/v2\/product\/21962\/revisions"}],"predecessor-version":[{"id":21967,"href":"https:\/\/lightenjin.pt\/es\/wp-json\/wp\/v2\/product\/21962\/revisions\/21967"}],"wp:attachment":[{"href":"https:\/\/lightenjin.pt\/es\/wp-json\/wp\/v2\/media?parent=21962"}],"wp:term":[{"taxonomy":"product_brand","embeddable":true,"href":"https:\/\/lightenjin.pt\/es\/wp-json\/wp\/v2\/product_brand?post=21962"},{"taxonomy":"product_cat","embeddable":true,"href":"https:\/\/lightenjin.pt\/es\/wp-json\/wp\/v2\/product_cat?post=21962"},{"taxonomy":"product_tag","embeddable":true,"href":"https:\/\/lightenjin.pt\/es\/wp-json\/wp\/v2\/product_tag?post=21962"}],"curies":[{"name":"wp","href":"https:\/\/api.w.org\/{rel}","templated":true}]}}