{"id":21997,"date":"2019-10-15T00:00:00","date_gmt":"2019-10-15T00:00:00","guid":{"rendered":"https:\/\/lightenjin.pt\/?post_type=product&#038;p=21997"},"modified":"2026-04-15T13:55:40","modified_gmt":"2026-04-15T12:55:40","slug":"purus","status":"publish","type":"product","link":"https:\/\/lightenjin.pt\/es\/producto\/purus\/","title":{"rendered":"PURUS"},"content":{"rendered":"<ul>\n<li>Aplicaci\u00f3n empotrada;<\/li>\n<li>Cuerpo de chapa lacada en color;<\/li>\n<li>Reflector W (90\u00ba);<\/li>\n<li>Lentes de policarbonato;<\/li>\n<li>Larga vida \u00fatil del LED (&gt;50 000 h);<\/li>\n<li>Diferentes temperaturas de color disponibles;<\/li>\n<li>\u00cdndice de reproducci\u00f3n crom\u00e1tica (Ra&gt;80);<\/li>\n<li>Equipo lineal de montaje sencillo y modular;<\/li>\n<li>Varias configuraciones y longitudes diferentes;<\/li>\n<li>Posibilidad de incorporar sistema de control Dali;<\/li>\n<\/ul>\n<p>&nbsp;<\/p>\n<hr>\n<h4>DOWNLOADS<\/h4>\n<ul>\n<li>FICHA T\u00c9CNICA : <a href=\"https:\/\/lightenjin.pt\/pdfs\/ft\/ft-purus-es.pdf\" target=\"_blank\" rel=\"noopener\">link<\/a><\/li>\n<li>INSTRUCCIONES DE MONTAJE : <a href=\"https:\/\/lightenjin.pt\/pdfs\/im\/im-purus.pdf\" target=\"_blank\" rel=\"noopener\">link<\/a><\/li>\n<li>DECLARACI\u00d3N DE CONFORMIDAD : <a href=\"https:\/\/lightenjin.pt\/pdfs\/dc\/dc-purus.pdf\" target=\"_blank\" rel=\"noopener\">link<\/a><\/li>\n<\/ul>\n","protected":false},"excerpt":{"rendered":"<p><strong>PURUS<\/strong> es un sistema lineal de montaje sencillo y modular que permite crear diferentes configuraciones y longitudes. Luminaria de estilo minimalista, dise\u00f1ada para ser competitiva tanto desde el punto de vista econ\u00f3mico como en cuanto a eficiencia energ\u00e9tica. <\/p>\n<p>Con LED de alto \u00edndice de reproducci\u00f3n crom\u00e1tica (Ra&gt;80) y una alta eficacia luminosa global de entre 128 y 139 lm\/W. LEDs de larga vida \u00fatil (&gt;50 000h), con diferentes temperaturas de color disponibles.<\/p>\n","protected":false},"featured_media":21998,"template":"","meta":{"iawp_total_views":3},"product_brand":[],"product_cat":[636,635,726],"product_tag":[639,678,977],"class_list":{"0":"post-21997","1":"product","2":"type-product","3":"status-publish","4":"has-post-thumbnail","6":"product_cat-empotrar","7":"product_cat-gama-euluce-es","8":"product_cat-interior-es","9":"product_tag-comercio-es","10":"product_tag-empotrar","11":"product_tag-oficinas","13":"first","14":"instock","15":"shipping-taxable","16":"product-type-simple"},"_links":{"self":[{"href":"https:\/\/lightenjin.pt\/es\/wp-json\/wp\/v2\/product\/21997","targetHints":{"allow":["GET"]}}],"collection":[{"href":"https:\/\/lightenjin.pt\/es\/wp-json\/wp\/v2\/product"}],"about":[{"href":"https:\/\/lightenjin.pt\/es\/wp-json\/wp\/v2\/types\/product"}],"version-history":[{"count":5,"href":"https:\/\/lightenjin.pt\/es\/wp-json\/wp\/v2\/product\/21997\/revisions"}],"predecessor-version":[{"id":26769,"href":"https:\/\/lightenjin.pt\/es\/wp-json\/wp\/v2\/product\/21997\/revisions\/26769"}],"wp:featuredmedia":[{"embeddable":true,"href":"https:\/\/lightenjin.pt\/es\/wp-json\/wp\/v2\/media\/21998"}],"wp:attachment":[{"href":"https:\/\/lightenjin.pt\/es\/wp-json\/wp\/v2\/media?parent=21997"}],"wp:term":[{"taxonomy":"product_brand","embeddable":true,"href":"https:\/\/lightenjin.pt\/es\/wp-json\/wp\/v2\/product_brand?post=21997"},{"taxonomy":"product_cat","embeddable":true,"href":"https:\/\/lightenjin.pt\/es\/wp-json\/wp\/v2\/product_cat?post=21997"},{"taxonomy":"product_tag","embeddable":true,"href":"https:\/\/lightenjin.pt\/es\/wp-json\/wp\/v2\/product_tag?post=21997"}],"curies":[{"name":"wp","href":"https:\/\/api.w.org\/{rel}","templated":true}]}}