{"id":22027,"date":"2020-02-07T00:00:00","date_gmt":"2020-02-07T00:00:00","guid":{"rendered":"https:\/\/lightenjin.pt\/?post_type=product&#038;p=22027"},"modified":"2024-11-29T10:02:51","modified_gmt":"2024-11-29T10:02:51","slug":"trio","status":"publish","type":"product","link":"https:\/\/lightenjin.pt\/es\/producto\/trio\/","title":{"rendered":"TRIO"},"content":{"rendered":"<ul>\n<li>Iluminaci\u00f3n de acento;<\/li>\n<li>Aplicaci\u00f3n sobre carril trif\u00e1sico;<\/li>\n<li>Orientable;<\/li>\n<li>Cuerpo en acero pulido, termolacado en color;<\/li>\n<li>Elevada vida \u00fatil de los LED (&gt;50.000 h);<\/li>\n<li>Diferentes temperaturas de color disponibles;<\/li>\n<li>Alto \u00edndice de reproducci\u00f3n crom\u00e1tica (Ra&gt;90).<\/li>\n<\/ul>\n<p>&nbsp;<\/p>\n<hr \/>\n<h4>DOWNLOADS<\/h4>\n<ul>\n<li>FICHA T\u00c9CNICA\u00a0: <a href=\"https:\/\/lightenjin.pt\/pdfs\/ft\/ft-trio-es.pdf\" target=\"_blank\" rel=\"noopener\">link<\/a><\/li>\n<li>INSTRUCCIONES DE MONTAJE :\u00a0 <a href=\"https:\/\/lightenjin.pt\/pdfs\/im\/im-trio.pdf\" target=\"_blank\" rel=\"noopener\">link<\/a><\/li>\n<li>DECLARACI\u00d3N DE CONFORMIDAD :\u00a0 <a href=\"https:\/\/lightenjin.pt\/pdfs\/dc\/dc-trio.pdf\" target=\"_blank\" rel=\"noopener\">link<\/a><\/li>\n<\/ul>\n","protected":false},"excerpt":{"rendered":"<p><strong>TRIO<\/strong> es un proyector orientable, ideal para iluminaci\u00f3n de acento, que permite dirigir la luz seg\u00fan las necesidades de cada cliente.<\/p>\n<p>Con LEDs con un alto \u00edndice de reproducci\u00f3n crom\u00e1tica (Ra&gt;90) y una elevada eficacia luminosa global de entre 84 y 95 lm\/W. LEDs de larga duraci\u00f3n (&gt;50.000h), con diferentes temperaturas de color disponibles.<\/p>\n","protected":false},"featured_media":19745,"template":"","meta":{"iawp_total_views":9},"product_brand":[],"product_cat":[722,635,726],"product_tag":[974,639,693,694],"class_list":{"0":"post-22027","1":"product","2":"type-product","3":"status-publish","4":"has-post-thumbnail","6":"product_cat-carril-trifasico","7":"product_cat-gama-euluce-es","8":"product_cat-interior-es","9":"product_tag-carril-trifasico","10":"product_tag-comercio-es","11":"product_tag-museos","12":"product_tag-orientable-es","13":"pa_aplicacao-carril","14":"pa_aplicacao-orientable-es","16":"first","17":"instock","18":"shipping-taxable","19":"product-type-simple"},"_links":{"self":[{"href":"https:\/\/lightenjin.pt\/es\/wp-json\/wp\/v2\/product\/22027","targetHints":{"allow":["GET"]}}],"collection":[{"href":"https:\/\/lightenjin.pt\/es\/wp-json\/wp\/v2\/product"}],"about":[{"href":"https:\/\/lightenjin.pt\/es\/wp-json\/wp\/v2\/types\/product"}],"version-history":[{"count":1,"href":"https:\/\/lightenjin.pt\/es\/wp-json\/wp\/v2\/product\/22027\/revisions"}],"predecessor-version":[{"id":22029,"href":"https:\/\/lightenjin.pt\/es\/wp-json\/wp\/v2\/product\/22027\/revisions\/22029"}],"wp:featuredmedia":[{"embeddable":true,"href":"https:\/\/lightenjin.pt\/es\/wp-json\/wp\/v2\/media\/19745"}],"wp:attachment":[{"href":"https:\/\/lightenjin.pt\/es\/wp-json\/wp\/v2\/media?parent=22027"}],"wp:term":[{"taxonomy":"product_brand","embeddable":true,"href":"https:\/\/lightenjin.pt\/es\/wp-json\/wp\/v2\/product_brand?post=22027"},{"taxonomy":"product_cat","embeddable":true,"href":"https:\/\/lightenjin.pt\/es\/wp-json\/wp\/v2\/product_cat?post=22027"},{"taxonomy":"product_tag","embeddable":true,"href":"https:\/\/lightenjin.pt\/es\/wp-json\/wp\/v2\/product_tag?post=22027"}],"curies":[{"name":"wp","href":"https:\/\/api.w.org\/{rel}","templated":true}]}}