{"id":22032,"date":"2019-10-07T00:00:00","date_gmt":"2019-10-06T23:00:00","guid":{"rendered":"https:\/\/lightenjin.pt\/?post_type=product&#038;p=22032"},"modified":"2024-11-29T10:19:00","modified_gmt":"2024-11-29T10:19:00","slug":"focus","status":"publish","type":"product","link":"https:\/\/lightenjin.pt\/es\/producto\/focus\/","title":{"rendered":"FOCUS"},"content":{"rendered":"<ul>\n<li>Iluminaci\u00f3n de acento;<\/li>\n<li>Aplicaci\u00f3n en canalizaciones trif\u00e1sicas o empotradas;<\/li>\n<li>Proyector orientable;<\/li>\n<li>Cuerpo de acero pulido con revestimiento de color;<\/li>\n<li>Difusor transparente;<\/li>\n<li>Vida \u00fatil de los LED (&gt;50.000 h);<\/li>\n<li>Diferentes temperaturas de color disponibles;<\/li>\n<li>Alto \u00edndice de reproducci\u00f3n crom\u00e1tica (Ra&gt;90);<\/li>\n<\/ul>\n<p>&nbsp;<\/p>\n<hr \/>\n<h4>DOWNLOADS<\/h4>\n<ul>\n<li>FICHA T\u00c9CNICA : <a href=\"https:\/\/lightenjin.pt\/pdfs\/ft\/ft-focus-es.pdf\" target=\"_blank\" rel=\"noopener\">link<\/a><\/li>\n<li>INSTRUCCIONES DE MONTAJE : <a href=\"https:\/\/lightenjin.pt\/pdfs\/im\/im-focus.pdf\" target=\"_blank\" rel=\"noopener\">link<\/a><\/li>\n<li>DECLARACI\u00d3N DE CONFORMIDAD :\u00a0 <a href=\"https:\/\/lightenjin.pt\/pdfs\/dc\/dc-focus.pdf\" target=\"_blank\" rel=\"noopener\">link<\/a><\/li>\n<\/ul>\n","protected":false},"excerpt":{"rendered":"<p><strong>FOCUS<\/strong> es un proyector orientable, ideal para iluminaci\u00f3n de acento, que permite dirigir la luz seg\u00fan las necesidades de cada cliente. Combina la eficiencia energ\u00e9tica con unos costes competitivos. Su aplicaci\u00f3n sobre carril trif\u00e1sico permite al cliente posicionar el equipo libremente.<\/p>\n<p>Con LEDs con un alto \u00edndice de reproducci\u00f3n crom\u00e1tica (Ra&gt;90) y una elevada eficacia luminosa global de entre 85 y 95 lm\/W. LEDs con una larga vida \u00fatil (&gt;50.000h), con diferentes temperaturas de color disponibles.<\/p>\n","protected":false},"featured_media":19740,"template":"","meta":{"iawp_total_views":5},"product_brand":[],"product_cat":[722,730,635,726],"product_tag":[974,639,642,967,694,640],"class_list":{"0":"post-22032","1":"product","2":"type-product","3":"status-publish","4":"has-post-thumbnail","6":"product_cat-carril-trifasico","7":"product_cat-de-superficie","8":"product_cat-gama-euluce-es","9":"product_cat-interior-es","10":"product_tag-carril-trifasico","11":"product_tag-comercio-es","12":"product_tag-cultura-es","13":"product_tag-hoteleria","14":"product_tag-orientable-es","15":"product_tag-residencia","16":"pa_aplicacao-carril","17":"pa_aplicacao-orientable-es","19":"first","20":"instock","21":"shipping-taxable","22":"product-type-simple"},"_links":{"self":[{"href":"https:\/\/lightenjin.pt\/es\/wp-json\/wp\/v2\/product\/22032","targetHints":{"allow":["GET"]}}],"collection":[{"href":"https:\/\/lightenjin.pt\/es\/wp-json\/wp\/v2\/product"}],"about":[{"href":"https:\/\/lightenjin.pt\/es\/wp-json\/wp\/v2\/types\/product"}],"version-history":[{"count":1,"href":"https:\/\/lightenjin.pt\/es\/wp-json\/wp\/v2\/product\/22032\/revisions"}],"predecessor-version":[{"id":22034,"href":"https:\/\/lightenjin.pt\/es\/wp-json\/wp\/v2\/product\/22032\/revisions\/22034"}],"wp:featuredmedia":[{"embeddable":true,"href":"https:\/\/lightenjin.pt\/es\/wp-json\/wp\/v2\/media\/19740"}],"wp:attachment":[{"href":"https:\/\/lightenjin.pt\/es\/wp-json\/wp\/v2\/media?parent=22032"}],"wp:term":[{"taxonomy":"product_brand","embeddable":true,"href":"https:\/\/lightenjin.pt\/es\/wp-json\/wp\/v2\/product_brand?post=22032"},{"taxonomy":"product_cat","embeddable":true,"href":"https:\/\/lightenjin.pt\/es\/wp-json\/wp\/v2\/product_cat?post=22032"},{"taxonomy":"product_tag","embeddable":true,"href":"https:\/\/lightenjin.pt\/es\/wp-json\/wp\/v2\/product_tag?post=22032"}],"curies":[{"name":"wp","href":"https:\/\/api.w.org\/{rel}","templated":true}]}}