{"id":22039,"date":"2024-02-16T17:38:50","date_gmt":"2024-02-16T17:38:50","guid":{"rendered":"https:\/\/lightenjin.pt\/?post_type=product&#038;p=22039"},"modified":"2025-10-20T17:30:23","modified_gmt":"2025-10-20T16:30:23","slug":"tangram","status":"publish","type":"product","link":"https:\/\/lightenjin.pt\/es\/producto\/tangram\/","title":{"rendered":"TANGRAM"},"content":{"rendered":"<ul>\n<li>Iluminaci\u00f3n ac\u00fastica;<\/li>\n<li>Aplicaci\u00f3n en superficie de pared;<\/li>\n<li>Cuerpo en chapa de acero termolacado a color;<\/li>\n<li>Panel ac\u00fastico de PET reciclado y revestido de fieltro: tejidos o acabados con propiedades ign\u00edfugas que aportan las caracter\u00edsticas deseadas.<\/li>\n<li>Varios colores disponibles <em>(bajo consulta)<\/em>;<\/li>\n<li>Vida \u00fatil (&gt;50 000 h);<\/li>\n<li>Diferentes temperaturas de color disponibles;<\/li>\n<li>\u00cdndice de restituci\u00f3n crom\u00e1tica (Ra&gt;80 y Ra&gt;90);<\/li>\n<li>Posibilidad de integrar un sistema de control ON\/OFF o un sistema de control <em>Dali;<\/em><\/li>\n<\/ul>\n<p>&nbsp;<\/p>\n<hr>\n<h4>DOWNLOADS<\/h4>\n<ul>\n<li>FICHA T\u00c9CNICA : <a href=\"https:\/\/lightenjin.pt\/pdfs\/ft\/ft-tangram-es.pdf\" target=\"_blank\" rel=\"noopener\">link<\/a><\/li>\n<li>INSTRUCCIONES DE MONTAJE : <a href=\"https:\/\/lightenjin.pt\/pdfs\/im\/im-tangram.pdf\" target=\"_blank\" rel=\"noopener\">link<\/a><\/li>\n<li>DECLARACI\u00d3N DE CONFORMIDAD : <a href=\"https:\/\/lightenjin.pt\/pdfs\/ft\/ft-tangram-es.pdf\" target=\"_blank\" rel=\"noopener\">link<\/a><\/li>\n<li>FOTOMETR\u00cdA LDT : <a href=\"https:\/\/lightenjin.pt\/pdfs\/ldt\/tangram.zip\">link<\/a><\/li>\n<\/ul>\n","protected":false},"excerpt":{"rendered":"<p><strong>TANGRAM<\/strong> es una soluci\u00f3n modular con retroiluminaci\u00f3n para aplicaci\u00f3n en pared, inspirada en el concepto del rompecabezas geom\u00e9trico chino Tangram, que combina varios elementos para crear ambientes \u00fanicos y din\u00e1micos a trav\u00e9s de patrones geom\u00e9tricos, proporcionando un dise\u00f1o integrado en el espacio circundante.<\/p>\n<p>Con LED de alto \u00edndice de reproducci\u00f3n crom\u00e1tica (Ra&gt;80) y alta eficacia luminosa global de 50,6 lm\/W. LEDs de larga vida \u00fatil (&gt;50 000h), con diferentes temperaturas de color disponibles.<\/p>\n<p>Para m\u00e1s informaci\u00f3n sobre la gama ac\u00fastica, consulte este <a href=\"https:\/\/lightenjin.pt\/es\/iluminacion-acustica\/\">link<\/a><\/p>\n","protected":false},"featured_media":18699,"template":"","meta":{"iawp_total_views":13},"product_brand":[],"product_cat":[720,721,730,717,635],"product_tag":[669,639,977,695],"class_list":{"0":"post-22039","1":"product","2":"type-product","3":"status-publish","4":"has-post-thumbnail","6":"product_cat-acusticas-es","7":"product_cat-biomaterial-es","8":"product_cat-de-superficie","9":"product_cat-gama-acustica-es","10":"product_cat-gama-euluce-es","11":"product_tag-aplique-de-pared","12":"product_tag-comercio-es","13":"product_tag-oficinas","14":"product_tag-pared","15":"pa_acabamento-blanco","16":"pa_acabamento-varios-colores-disponibles","17":"pa_aplicacao-pared","18":"pa_area-de-aplicacao-comercio-es","19":"pa_area-de-aplicacao-industria-hotelera","20":"pa_area-de-aplicacao-oficinas","21":"pa_area-de-aplicacao-residencia","23":"first","24":"instock","25":"shipping-taxable","26":"product-type-simple"},"_links":{"self":[{"href":"https:\/\/lightenjin.pt\/es\/wp-json\/wp\/v2\/product\/22039","targetHints":{"allow":["GET"]}}],"collection":[{"href":"https:\/\/lightenjin.pt\/es\/wp-json\/wp\/v2\/product"}],"about":[{"href":"https:\/\/lightenjin.pt\/es\/wp-json\/wp\/v2\/types\/product"}],"version-history":[{"count":5,"href":"https:\/\/lightenjin.pt\/es\/wp-json\/wp\/v2\/product\/22039\/revisions"}],"predecessor-version":[{"id":26102,"href":"https:\/\/lightenjin.pt\/es\/wp-json\/wp\/v2\/product\/22039\/revisions\/26102"}],"wp:featuredmedia":[{"embeddable":true,"href":"https:\/\/lightenjin.pt\/es\/wp-json\/wp\/v2\/media\/18699"}],"wp:attachment":[{"href":"https:\/\/lightenjin.pt\/es\/wp-json\/wp\/v2\/media?parent=22039"}],"wp:term":[{"taxonomy":"product_brand","embeddable":true,"href":"https:\/\/lightenjin.pt\/es\/wp-json\/wp\/v2\/product_brand?post=22039"},{"taxonomy":"product_cat","embeddable":true,"href":"https:\/\/lightenjin.pt\/es\/wp-json\/wp\/v2\/product_cat?post=22039"},{"taxonomy":"product_tag","embeddable":true,"href":"https:\/\/lightenjin.pt\/es\/wp-json\/wp\/v2\/product_tag?post=22039"}],"curies":[{"name":"wp","href":"https:\/\/api.w.org\/{rel}","templated":true}]}}