{"id":22122,"date":"2020-02-07T00:00:00","date_gmt":"2020-02-07T00:00:00","guid":{"rendered":"https:\/\/lightenjin.pt\/?post_type=product&#038;p=22122"},"modified":"2024-12-02T17:26:30","modified_gmt":"2024-12-02T17:26:30","slug":"linne-s-90-premium","status":"publish","type":"product","link":"https:\/\/lightenjin.pt\/es\/producto\/linne-s-90-premium\/","title":{"rendered":"LINNE S 90 PREMIUM"},"content":{"rendered":"<ul>\n<li>Montaje suspendido o en superficie;<\/li>\n<li>Perfil de aluminio;<\/li>\n<li>Lente con bajo nivel de deslumbramiento (UGR&lt;19);<\/li>\n<li>Vida \u00fatil de los LED (&gt;50.000 h);<\/li>\n<li>Diferentes temperaturas de color disponibles;<\/li>\n<li>\u00cdndice de reproducci\u00f3n crom\u00e1tica (Ra&gt;80);<\/li>\n<li>Vers\u00e1til en cuanto a longitudes disponibles;<\/li>\n<\/ul>\n<p>&nbsp;<\/p>\n<hr \/>\n<h4>DOWNLOAD<\/h4>\n<ul>\n<li>FICHA T\u00c9CNICA : <a href=\"https:\/\/lightenjin.pt\/pdfs\/ft\/ft-linne-s-90-premium-es.pdf\" target=\"_blank\" rel=\"noopener\">link<\/a><\/li>\n<li>INSTRUCCIONES DE MONTAJE :\u00a0 <a href=\"https:\/\/lightenjin.pt\/pdfs\/im\/im-linne-s-90-premium.pdf\" target=\"_blank\" rel=\"noopener\">link<\/a><\/li>\n<li>DECLARACI\u00d3N DE CONFORMIDAD :\u00a0 <a href=\"https:\/\/lightenjin.pt\/pdfs\/dc\/dc-linne-s-90-premium.pdf\" target=\"_blank\" rel=\"noopener\">link<\/a><\/li>\n<\/ul>\n","protected":false},"excerpt":{"rendered":"<p><strong>LINNE S90 PREMIUM<\/strong> es una luminaria lineal suspendida con lente de bajo deslumbramiento (URG&gt;19). Luminaria vers\u00e1til desde el punto de vista de las longitudes disponibles.<\/p>\n<p>Con LEDs con un alto \u00edndice de reproducci\u00f3n crom\u00e1tica (Ra&gt;80) y una elevada eficacia luminosa global de entre 132 y 142 lm\/W. LEDs con una larga vida \u00fatil (&gt;50.000h), con diferentes temperaturas de color disponibles.<\/p>\n<p>Descubra todo <em><a href=\"https:\/\/lightenjin.pt\/?s=linne+s+90&amp;post_type=product\">familia LINNE S 90<\/a><\/em>\u00a0?<\/p>\n","protected":false},"featured_media":24023,"template":"","meta":{"iawp_total_views":5},"product_brand":[],"product_cat":[730,635,726,731],"product_tag":[711,940,941],"class_list":{"0":"post-22122","1":"product","2":"type-product","3":"status-publish","4":"has-post-thumbnail","6":"product_cat-de-superficie","7":"product_cat-gama-euluce-es","8":"product_cat-interior-es","9":"product_cat-suspendida","10":"product_tag-de-superficie","11":"product_tag-perfil-es","12":"product_tag-suspendido","13":"pa_acabamento-blanco","14":"pa_aplicacao-suspendido","15":"pa_area-de-aplicacao-comercio-es","16":"pa_area-de-aplicacao-museos","17":"pa_area-de-aplicacao-oficinas","19":"first","20":"instock","21":"shipping-taxable","22":"product-type-simple"},"_links":{"self":[{"href":"https:\/\/lightenjin.pt\/es\/wp-json\/wp\/v2\/product\/22122","targetHints":{"allow":["GET"]}}],"collection":[{"href":"https:\/\/lightenjin.pt\/es\/wp-json\/wp\/v2\/product"}],"about":[{"href":"https:\/\/lightenjin.pt\/es\/wp-json\/wp\/v2\/types\/product"}],"version-history":[{"count":4,"href":"https:\/\/lightenjin.pt\/es\/wp-json\/wp\/v2\/product\/22122\/revisions"}],"predecessor-version":[{"id":22126,"href":"https:\/\/lightenjin.pt\/es\/wp-json\/wp\/v2\/product\/22122\/revisions\/22126"}],"wp:featuredmedia":[{"embeddable":true,"href":"https:\/\/lightenjin.pt\/es\/wp-json\/wp\/v2\/media\/24023"}],"wp:attachment":[{"href":"https:\/\/lightenjin.pt\/es\/wp-json\/wp\/v2\/media?parent=22122"}],"wp:term":[{"taxonomy":"product_brand","embeddable":true,"href":"https:\/\/lightenjin.pt\/es\/wp-json\/wp\/v2\/product_brand?post=22122"},{"taxonomy":"product_cat","embeddable":true,"href":"https:\/\/lightenjin.pt\/es\/wp-json\/wp\/v2\/product_cat?post=22122"},{"taxonomy":"product_tag","embeddable":true,"href":"https:\/\/lightenjin.pt\/es\/wp-json\/wp\/v2\/product_tag?post=22122"}],"curies":[{"name":"wp","href":"https:\/\/api.w.org\/{rel}","templated":true}]}}