{"id":22132,"date":"2024-02-19T10:25:40","date_gmt":"2024-02-19T10:25:40","guid":{"rendered":"https:\/\/lightenjin.pt\/?post_type=product&#038;p=22132"},"modified":"2025-10-10T15:02:05","modified_gmt":"2025-10-10T14:02:05","slug":"linne-s-90-c","status":"publish","type":"product","link":"https:\/\/lightenjin.pt\/es\/producto\/linne-s-90-c\/","title":{"rendered":"LINNE S 90 C"},"content":{"rendered":"<ul>\n<li>Aplicaci\u00f3n superficie o suspensi\u00f3n;<\/li>\n<li>Perfil de aluminio;<\/li>\n<li>Difusor opalino;<\/li>\n<li>Vida \u00fatil del LED (&gt;50 000 h);<\/li>\n<li>Diferentes temperaturas de color disponibles;<\/li>\n<li>\u00cdndice de reproducci\u00f3n crom\u00e1tica (Ra&gt;80);<\/li>\n<li>Permite la personalizaci\u00f3n por parte del cliente.<\/li>\n<\/ul>\n<p>&nbsp;<\/p>\n<hr>\n<h4>DOWNLOADS<\/h4>\n<ul>\n<li>FICHA T\u00c9CNICA : <a href=\"https:\/\/lightenjin.pt\/pdfs\/ft\/ft-linne-s-90-c-es.pdf\" target=\"_blank\" rel=\"noopener\">link<\/a><\/li>\n<li>INSTRUCCIONES DE MONTAJE : <a href=\"https:\/\/lightenjin.pt\/pdfs\/im\/im-linne-s-90-c.pdf\" target=\"_blank\" rel=\"noopener\">link<\/a><\/li>\n<li>DECLARACI\u00d3N DE CONFORMIDAD : <a href=\"https:\/\/lightenjin.pt\/pdfs\/dc\/dc-linne-s-90-c.pdf\" target=\"_blank\" rel=\"noopener\">link<\/a><\/li>\n<\/ul>\n","protected":false},"excerpt":{"rendered":"<p><strong>LINNE S90 C<\/strong> es una luminaria vers\u00e1til en cuanto a las longitudes disponibles y permite la personalizaci\u00f3n por parte del cliente. Incorpora un motor de luz de alta eficiencia luminosa. <\/p>\n<p>LED con alto \u00edndice de reproducci\u00f3n crom\u00e1tica (Ra&gt;80) y larga vida \u00fatil (&gt;50 000 h), con diferentes temperaturas de color disponibles.<\/p>\n<p>Conoce todos los productos de <strong><br \/>\n  <span style=\"text-decoration: underline\"><br \/>\n    <em><br \/>\n      <a href=\"https:\/\/lightenjin.pt\/?s=linne+s+90&amp;post_type=product\">fam\u00edlia LINNE S 90<\/a><br \/>\n    <\/em><br \/>\n  <\/span><br \/>\n<\/strong> ?<br \/>\n\u00bfY conoce nuestro <span style=\"text-decoration: underline\"><a href=\"https:\/\/lightenjin.pt\/pdfs\/folh-linne-s90_lightenjin_lo-pt.pdf\"> folleto da <em>fam\u00edlia LINNE S 90<\/em><\/a>?<\/span><\/p>\n<p>&nbsp;<\/p>\n","protected":false},"featured_media":18685,"template":"","meta":{"iawp_total_views":6},"product_brand":[],"product_cat":[635,726,731],"product_tag":[639,940,941],"class_list":{"0":"post-22132","1":"product","2":"type-product","3":"status-publish","4":"has-post-thumbnail","6":"product_cat-gama-euluce-es","7":"product_cat-interior-es","8":"product_cat-suspendida","9":"product_tag-comercio-es","10":"product_tag-perfil-es","11":"product_tag-suspendido","12":"pa_aplicacao-suspendido","13":"pa_area-de-aplicacao-comercio-es","14":"pa_area-de-aplicacao-industria-hotelera","15":"pa_area-de-aplicacao-oficinas","17":"first","18":"instock","19":"shipping-taxable","20":"product-type-simple"},"_links":{"self":[{"href":"https:\/\/lightenjin.pt\/es\/wp-json\/wp\/v2\/product\/22132","targetHints":{"allow":["GET"]}}],"collection":[{"href":"https:\/\/lightenjin.pt\/es\/wp-json\/wp\/v2\/product"}],"about":[{"href":"https:\/\/lightenjin.pt\/es\/wp-json\/wp\/v2\/types\/product"}],"version-history":[{"count":4,"href":"https:\/\/lightenjin.pt\/es\/wp-json\/wp\/v2\/product\/22132\/revisions"}],"predecessor-version":[{"id":26030,"href":"https:\/\/lightenjin.pt\/es\/wp-json\/wp\/v2\/product\/22132\/revisions\/26030"}],"wp:featuredmedia":[{"embeddable":true,"href":"https:\/\/lightenjin.pt\/es\/wp-json\/wp\/v2\/media\/18685"}],"wp:attachment":[{"href":"https:\/\/lightenjin.pt\/es\/wp-json\/wp\/v2\/media?parent=22132"}],"wp:term":[{"taxonomy":"product_brand","embeddable":true,"href":"https:\/\/lightenjin.pt\/es\/wp-json\/wp\/v2\/product_brand?post=22132"},{"taxonomy":"product_cat","embeddable":true,"href":"https:\/\/lightenjin.pt\/es\/wp-json\/wp\/v2\/product_cat?post=22132"},{"taxonomy":"product_tag","embeddable":true,"href":"https:\/\/lightenjin.pt\/es\/wp-json\/wp\/v2\/product_tag?post=22132"}],"curies":[{"name":"wp","href":"https:\/\/api.w.org\/{rel}","templated":true}]}}