{"id":22143,"date":"2020-02-07T00:00:00","date_gmt":"2020-02-07T00:00:00","guid":{"rendered":"https:\/\/lightenjin.pt\/?post_type=product&#038;p=22143"},"modified":"2024-12-03T10:48:24","modified_gmt":"2024-12-03T10:48:24","slug":"linne-s-90-w","status":"publish","type":"product","link":"https:\/\/lightenjin.pt\/es\/producto\/linne-s-90-w\/","title":{"rendered":"LINNE S 90 W"},"content":{"rendered":"<ul>\n<li>Aplicaci\u00f3n en superficie o en suspensi\u00f3n;<\/li>\n<li>Perfil de aluminio;<\/li>\n<li>Lente de PMMA;<\/li>\n<li>Vida \u00fatil de los LED (&gt;50.000 h);<\/li>\n<li>Diferentes temperaturas de color disponibles;<\/li>\n<li>\u00cdndice de reproducci\u00f3n crom\u00e1tica (Ra&gt;80);<\/li>\n<\/ul>\n<p>&nbsp;<\/p>\n<hr \/>\n<h4>DOWNLOADS<\/h4>\n<ul>\n<li>FICHA T\u00c9CNICA : <a href=\"https:\/\/lightenjin.pt\/pdfs\/ft\/ft-linne-s-90-w-es.pdf\" target=\"_blank\" rel=\"noopener\">link<\/a><\/li>\n<li>INSTRUCCIONES DE MONTAJE :\u00a0 <a href=\"https:\/\/lightenjin.pt\/pdfs\/im\/im-linne-s-90-w.pdf\" target=\"_blank\" rel=\"noopener\">link<\/a><\/li>\n<li>DECLARATION OF CONFORMITY :\u00a0 <a href=\"https:\/\/lightenjin.pt\/pdfs\/dc\/dc-linne-s-90-w.pdf\" target=\"_blank\" rel=\"noopener\">link<\/a><\/li>\n<\/ul>\n","protected":false},"excerpt":{"rendered":"<p><strong>LINNE S90 W<\/strong> es una luminaria lineal suspendida con lentes diferenciadas ideales para dirigir la luz al lugar deseado. Luminaria vers\u00e1til en cuanto a longitudes disponibles.<\/p>\n<p>Con LEDs con un alto \u00edndice de reproducci\u00f3n crom\u00e1tica (Ra&gt;80) y una elevada eficacia luminosa global de entre 115 y 142 lm\/W. LEDs con una larga vida \u00fatil (&gt;50.000h), con diferentes temperaturas de color disponibles.<\/p>\n","protected":false},"featured_media":19706,"template":"","meta":{"iawp_total_views":2},"product_brand":[],"product_cat":[635,726,731],"product_tag":[639,940,941],"class_list":{"0":"post-22143","1":"product","2":"type-product","3":"status-publish","4":"has-post-thumbnail","6":"product_cat-gama-euluce-es","7":"product_cat-interior-es","8":"product_cat-suspendida","9":"product_tag-comercio-es","10":"product_tag-perfil-es","11":"product_tag-suspendido","13":"first","14":"instock","15":"shipping-taxable","16":"product-type-simple"},"_links":{"self":[{"href":"https:\/\/lightenjin.pt\/es\/wp-json\/wp\/v2\/product\/22143","targetHints":{"allow":["GET"]}}],"collection":[{"href":"https:\/\/lightenjin.pt\/es\/wp-json\/wp\/v2\/product"}],"about":[{"href":"https:\/\/lightenjin.pt\/es\/wp-json\/wp\/v2\/types\/product"}],"version-history":[{"count":2,"href":"https:\/\/lightenjin.pt\/es\/wp-json\/wp\/v2\/product\/22143\/revisions"}],"predecessor-version":[{"id":22145,"href":"https:\/\/lightenjin.pt\/es\/wp-json\/wp\/v2\/product\/22143\/revisions\/22145"}],"wp:featuredmedia":[{"embeddable":true,"href":"https:\/\/lightenjin.pt\/es\/wp-json\/wp\/v2\/media\/19706"}],"wp:attachment":[{"href":"https:\/\/lightenjin.pt\/es\/wp-json\/wp\/v2\/media?parent=22143"}],"wp:term":[{"taxonomy":"product_brand","embeddable":true,"href":"https:\/\/lightenjin.pt\/es\/wp-json\/wp\/v2\/product_brand?post=22143"},{"taxonomy":"product_cat","embeddable":true,"href":"https:\/\/lightenjin.pt\/es\/wp-json\/wp\/v2\/product_cat?post=22143"},{"taxonomy":"product_tag","embeddable":true,"href":"https:\/\/lightenjin.pt\/es\/wp-json\/wp\/v2\/product_tag?post=22143"}],"curies":[{"name":"wp","href":"https:\/\/api.w.org\/{rel}","templated":true}]}}