{"id":22155,"date":"2020-09-07T00:00:00","date_gmt":"2020-09-07T00:00:00","guid":{"rendered":"https:\/\/lightenjin.pt\/?post_type=product&#038;p=22155"},"modified":"2025-11-24T16:47:55","modified_gmt":"2025-11-24T16:47:55","slug":"linne-s-90-di","status":"publish","type":"product","link":"https:\/\/lightenjin.pt\/es\/producto\/linne-s-90-di\/","title":{"rendered":"LINNE S 90 DI"},"content":{"rendered":"<ul>\n<li>Luminaria lineal;<\/li>\n<li>Montaje en saliente en pared o techo;<\/li>\n<li>Perfil de aluminio;<\/li>\n<li>Difusor prism\u00e1tico (emiss\u00e3o direta);<\/li>\n<li>Lente LENEA UP (emisi\u00f3n indirecta);<\/li>\n<li>Vida \u00fatil del LED (&gt;50 000 h);<\/li>\n<li>Diferentes temperaturas de color disponibles;<\/li>\n<li>\u00cdndice de reproducci\u00f3n crom\u00e1tica (Ra&gt;80);<\/li>\n<li>Diferentes longitudes disponibles;<\/li>\n<\/ul>\n<p>&nbsp;<\/p>\n<hr>\n<h4>DOWNLOADS<\/h4>\n<ul>\n<li>FICHA T\u00c9CNICA : <a href=\"https:\/\/lightenjin.pt\/pdfs\/ft\/ft-linne-s-90-di-es.pdf\" target=\"_blank\" rel=\"noopener\">link<\/a><\/li>\n<li>INSTRUCCIONES DE MONTAJE : <a href=\"https:\/\/lightenjin.pt\/pdfs\/im\/im-linne-s-90-di.pdf\" target=\"_blank\" rel=\"noopener\">link<\/a><\/li>\n<li>DECLARACI\u00d3N DE CONFORMIDAD : <a href=\"https:\/\/lightenjin.pt\/pdfs\/dc\/dc-linne-s-90-di.pdf\" target=\"_blank\" rel=\"noopener\">link<\/a><\/li>\n<li>FOTOMETR\u00cdA LDT : <a href=\"https:\/\/lightenjin.pt\/pdfs\/ldt\/linne-s-90-di.zip\">link<\/a><\/li>\n<\/ul>\n","protected":false},"excerpt":{"rendered":"<p><strong>LINNE S90 DI<\/strong> es una luminaria lineal, saliente de pared o techo, con emisi\u00f3n de luz directa e indirecta. Luminaria vers\u00e1til desde el punto de vista de las longitudes disponibles.<\/p>\n<p>Con LED de alto \u00edndice de reproducci\u00f3n crom\u00e1tica (Ra&gt;80) y alta eficacia luminosa global entre 118 y 141 lm\/W. LEDs de larga vida \u00fatil (&gt;50 000h), con diferentes temperaturas de color disponibles.<\/p>\n<p>&nbsp;<\/p>\n","protected":false},"featured_media":26307,"template":"","meta":{"iawp_total_views":4},"product_brand":[],"product_cat":[635,726,731],"product_tag":[669,639,695,940,941],"class_list":{"0":"post-22155","1":"product","2":"type-product","3":"status-publish","4":"has-post-thumbnail","6":"product_cat-gama-euluce-es","7":"product_cat-interior-es","8":"product_cat-suspendida","9":"product_tag-aplique-de-pared","10":"product_tag-comercio-es","11":"product_tag-pared","12":"product_tag-perfil-es","13":"product_tag-suspendido","14":"pa_aplicacao-pared","15":"pa_aplicacao-suspendido","16":"pa_area-de-aplicacao-comercio-es","17":"pa_area-de-aplicacao-industria-hotelera","18":"pa_area-de-aplicacao-museos","19":"pa_area-de-aplicacao-oficinas","21":"first","22":"instock","23":"shipping-taxable","24":"product-type-simple"},"_links":{"self":[{"href":"https:\/\/lightenjin.pt\/es\/wp-json\/wp\/v2\/product\/22155","targetHints":{"allow":["GET"]}}],"collection":[{"href":"https:\/\/lightenjin.pt\/es\/wp-json\/wp\/v2\/product"}],"about":[{"href":"https:\/\/lightenjin.pt\/es\/wp-json\/wp\/v2\/types\/product"}],"version-history":[{"count":3,"href":"https:\/\/lightenjin.pt\/es\/wp-json\/wp\/v2\/product\/22155\/revisions"}],"predecessor-version":[{"id":26311,"href":"https:\/\/lightenjin.pt\/es\/wp-json\/wp\/v2\/product\/22155\/revisions\/26311"}],"wp:featuredmedia":[{"embeddable":true,"href":"https:\/\/lightenjin.pt\/es\/wp-json\/wp\/v2\/media\/26307"}],"wp:attachment":[{"href":"https:\/\/lightenjin.pt\/es\/wp-json\/wp\/v2\/media?parent=22155"}],"wp:term":[{"taxonomy":"product_brand","embeddable":true,"href":"https:\/\/lightenjin.pt\/es\/wp-json\/wp\/v2\/product_brand?post=22155"},{"taxonomy":"product_cat","embeddable":true,"href":"https:\/\/lightenjin.pt\/es\/wp-json\/wp\/v2\/product_cat?post=22155"},{"taxonomy":"product_tag","embeddable":true,"href":"https:\/\/lightenjin.pt\/es\/wp-json\/wp\/v2\/product_tag?post=22155"}],"curies":[{"name":"wp","href":"https:\/\/api.w.org\/{rel}","templated":true}]}}