{"id":22161,"date":"2019-05-21T00:00:00","date_gmt":"2019-05-20T23:00:00","guid":{"rendered":"https:\/\/lightenjin.pt\/?post_type=product&#038;p=22161"},"modified":"2025-07-04T16:53:01","modified_gmt":"2025-07-04T15:53:01","slug":"tunluce","status":"publish","type":"product","link":"https:\/\/lightenjin.pt\/es\/producto\/tunluce\/","title":{"rendered":"TUNLUCE"},"content":{"rendered":"<ul>\n<li>Iluminaci\u00f3n para t\u00faneles y pasos inferiores;<\/li>\n<li>Montaje suspendido o saliente (techo o pared);<\/li>\n<li>Cuerpo de aluminio anodizado en color natural;<\/li>\n<li>Sujeto a tratamientos superficiales espec\u00edficos previa consulta;<\/li>\n<li>Difusor de vidrio transparente templado;<\/li>\n<li>Aplicaci\u00f3n en t\u00faneles y pasos inferiores;<\/li>\n<li>Larga vida \u00fatil del LED (&gt;50 000 h);<\/li>\n<li>Diferentes temperaturas de color disponibles;<\/li>\n<li>Adecuado para electrificaci\u00f3n a\u00e9rea o subterr\u00e1nea;<\/li>\n<li>Sistema de control DALI (opcional);<\/li>\n<\/ul>\n<p>&nbsp;<\/p>\n<hr>\n<h4>DESCARGAS<\/h4>\n<ul>\n<li>FICHA T\u00c9CNICA : <a href=\"https:\/\/lightenjin.pt\/pdfs\/ft\/ft-tunluce.pdf\" target=\"_blank\" rel=\"noopener\">link<\/a><\/li>\n<li>INSTRUCCIONES DE MONTAJE : <a href=\"https:\/\/lightenjin.pt\/pdfs\/im\/im-tunluce.pdf\" target=\"_blank\" rel=\"noopener\">link<\/a><\/li>\n<li>DECLARACI\u00d3N DE CONFORMIDAD : <a href=\"https:\/\/lightenjin.pt\/pdfs\/dc\/dc-tunluce.pdf\" target=\"_blank\" rel=\"noopener\">link<\/a><\/li>\n<li>FOTOMETR\u00cdA LDT : <a href=\"https:\/\/lightenjin.pt\/pdfs\/ldt\/tunluce.zip\">link<\/a><\/li>\n<\/ul>\n","protected":false},"excerpt":{"rendered":"<p><strong>TUNLUCE<\/strong> es un equipo que combina tecnolog\u00eda y dise\u00f1o modular, lo que permite su instalaci\u00f3n en diferentes tramos de t\u00faneles. Proporciona niveles de iluminaci\u00f3n adecuados tanto de d\u00eda como de noche, lo que es fundamental para la seguridad y la agudeza visual de los conductores.<\/p>\n<p>Con LED de alta eficacia luminosa global entre 129 y 142 lm\/W. LED de larga vida \u00fatil (&gt;100 000 h), con diferentes temperaturas de color disponibles. <\/p>\n<p>&nbsp;<\/p>\n","protected":false},"featured_media":19693,"template":"","meta":{"iawp_total_views":3},"product_brand":[],"product_cat":[723,637,635,1060,729,962],"product_tag":[697,645,712],"class_list":{"0":"post-22161","1":"product","2":"type-product","3":"status-publish","4":"has-post-thumbnail","6":"product_cat-circulacion","7":"product_cat-exterior-es","8":"product_cat-gama-euluce-es","9":"product_cat-orientavel-es","10":"product_cat-publico-es","11":"product_cat-transportes-es","12":"product_tag-pasos-subterraneos","13":"product_tag-transporte","14":"product_tag-tuneles","16":"first","17":"instock","18":"shipping-taxable","19":"product-type-simple"},"_links":{"self":[{"href":"https:\/\/lightenjin.pt\/es\/wp-json\/wp\/v2\/product\/22161","targetHints":{"allow":["GET"]}}],"collection":[{"href":"https:\/\/lightenjin.pt\/es\/wp-json\/wp\/v2\/product"}],"about":[{"href":"https:\/\/lightenjin.pt\/es\/wp-json\/wp\/v2\/types\/product"}],"version-history":[{"count":2,"href":"https:\/\/lightenjin.pt\/es\/wp-json\/wp\/v2\/product\/22161\/revisions"}],"predecessor-version":[{"id":25470,"href":"https:\/\/lightenjin.pt\/es\/wp-json\/wp\/v2\/product\/22161\/revisions\/25470"}],"wp:featuredmedia":[{"embeddable":true,"href":"https:\/\/lightenjin.pt\/es\/wp-json\/wp\/v2\/media\/19693"}],"wp:attachment":[{"href":"https:\/\/lightenjin.pt\/es\/wp-json\/wp\/v2\/media?parent=22161"}],"wp:term":[{"taxonomy":"product_brand","embeddable":true,"href":"https:\/\/lightenjin.pt\/es\/wp-json\/wp\/v2\/product_brand?post=22161"},{"taxonomy":"product_cat","embeddable":true,"href":"https:\/\/lightenjin.pt\/es\/wp-json\/wp\/v2\/product_cat?post=22161"},{"taxonomy":"product_tag","embeddable":true,"href":"https:\/\/lightenjin.pt\/es\/wp-json\/wp\/v2\/product_tag?post=22161"}],"curies":[{"name":"wp","href":"https:\/\/api.w.org\/{rel}","templated":true}]}}