{"id":22190,"date":"2019-03-27T00:00:00","date_gmt":"2019-03-27T00:00:00","guid":{"rendered":"https:\/\/lightenjin.pt\/?post_type=product&#038;p=22190"},"modified":"2024-12-03T16:37:54","modified_gmt":"2024-12-03T16:37:54","slug":"elementare-trimless-120","status":"publish","type":"product","link":"https:\/\/lightenjin.pt\/es\/producto\/elementare-trimless-120\/","title":{"rendered":"ELEMENTARE TRIMLESS 120"},"content":{"rendered":"<ul>\n<li>Iluminaci\u00f3n <em>downlight<\/em>;<\/li>\n<li>Aplicaci\u00f3n empotrada en falso techo de escayola;<\/li>\n<li>Marco de aluminio revestido de color;<\/li>\n<li>Difusor transparente o mate;<\/li>\n<li>Vida \u00fatil de los LED (&gt;50.000 h);<\/li>\n<li>Diferentes temperaturas de color disponibles;<\/li>\n<li>Alto \u00edndice de reproducci\u00f3n crom\u00e1tica (Ra&gt;90);<\/li>\n<\/ul>\n<p>&nbsp;<\/p>\n<hr \/>\n<h4>DOWNLOADS<\/h4>\n<ul>\n<li>FICHA T\u00c9CNICA : <a href=\"https:\/\/lightenjin.pt\/pdfs\/ft\/ft-elementare-trimless-120-es.pdf\" target=\"_blank\" rel=\"noopener\">link<\/a><\/li>\n<li>INSTRUCCIONES DE MONTAJE :\u00a0 <a href=\"https:\/\/lightenjin.pt\/pdfs\/im\/im-elementare-trimless-120.pdf\" target=\"_blank\" rel=\"noopener\">link<\/a><\/li>\n<li>DECLARACI\u00d3N DE CONFORMIDAD :\u00a0 <a href=\"https:\/\/lightenjin.pt\/pdfs\/dc\/dc-elementare-trimless.pdf\" target=\"_blank\" rel=\"noopener\">link<\/a><\/li>\n<\/ul>\n","protected":false},"excerpt":{"rendered":"<p>La familia <strong>ELEMENTARE TRIMLESS<\/strong> es una soluci\u00f3n de <em>downlight<\/em> sin brida embellecedora, ideal para su integraci\u00f3n en falsos techos de escayola.<\/p>\n<p>Con LEDs con un alto \u00edndice de reproducci\u00f3n crom\u00e1tica (Ra&gt;90) y una elevada eficacia luminosa global de entre 85 y 114 lm\/W. LEDs de larga duraci\u00f3n (&gt;50.000h), con diferentes temperaturas de color disponibles.<\/p>\n","protected":false},"featured_media":19649,"template":"","meta":{"iawp_total_views":2},"product_brand":[],"product_cat":[638,636,635,726],"product_tag":[639,640],"class_list":{"0":"post-22190","1":"product","2":"type-product","3":"status-publish","4":"has-post-thumbnail","6":"product_cat-downlights-es","7":"product_cat-empotrar","8":"product_cat-gama-euluce-es","9":"product_cat-interior-es","10":"product_tag-comercio-es","11":"product_tag-residencia","13":"first","14":"instock","15":"shipping-taxable","16":"product-type-simple"},"_links":{"self":[{"href":"https:\/\/lightenjin.pt\/es\/wp-json\/wp\/v2\/product\/22190","targetHints":{"allow":["GET"]}}],"collection":[{"href":"https:\/\/lightenjin.pt\/es\/wp-json\/wp\/v2\/product"}],"about":[{"href":"https:\/\/lightenjin.pt\/es\/wp-json\/wp\/v2\/types\/product"}],"version-history":[{"count":1,"href":"https:\/\/lightenjin.pt\/es\/wp-json\/wp\/v2\/product\/22190\/revisions"}],"predecessor-version":[{"id":22192,"href":"https:\/\/lightenjin.pt\/es\/wp-json\/wp\/v2\/product\/22190\/revisions\/22192"}],"wp:featuredmedia":[{"embeddable":true,"href":"https:\/\/lightenjin.pt\/es\/wp-json\/wp\/v2\/media\/19649"}],"wp:attachment":[{"href":"https:\/\/lightenjin.pt\/es\/wp-json\/wp\/v2\/media?parent=22190"}],"wp:term":[{"taxonomy":"product_brand","embeddable":true,"href":"https:\/\/lightenjin.pt\/es\/wp-json\/wp\/v2\/product_brand?post=22190"},{"taxonomy":"product_cat","embeddable":true,"href":"https:\/\/lightenjin.pt\/es\/wp-json\/wp\/v2\/product_cat?post=22190"},{"taxonomy":"product_tag","embeddable":true,"href":"https:\/\/lightenjin.pt\/es\/wp-json\/wp\/v2\/product_tag?post=22190"}],"curies":[{"name":"wp","href":"https:\/\/api.w.org\/{rel}","templated":true}]}}