{"id":22203,"date":"2020-02-07T00:00:00","date_gmt":"2020-02-07T00:00:00","guid":{"rendered":"https:\/\/lightenjin.pt\/?post_type=product&#038;p=22203"},"modified":"2025-01-22T15:20:37","modified_gmt":"2025-01-22T15:20:37","slug":"codex-rt-p","status":"publish","type":"product","link":"https:\/\/lightenjin.pt\/es\/producto\/codex-rt-p\/","title":{"rendered":"CODEX RT P"},"content":{"rendered":"<ul>\n<li>Aplicaci\u00f3n en canal trif\u00e1sico o empotrado;<\/li>\n<li>Cuerpo de acero pulido con revestimiento de color;<\/li>\n<li>Lente URG&gt;19;<\/li>\n<li>Larga vida \u00fatil (&gt;50.000 h);<\/li>\n<li>Diferentes temperaturas de color disponibles;<\/li>\n<li>Alto \u00edndice de reproducci\u00f3n crom\u00e1tica (Ra&gt;80);<\/li>\n<li>Orientable;<\/li>\n<\/ul>\n<p>&nbsp;<\/p>\n<hr \/>\n<p><strong>DOWNLOADS<\/strong><\/p>\n<ul>\n<li>FICHA T\u00c9CNICA\u00a0: <a href=\"https:\/\/lightenjin.pt\/pdfs\/ft\/ft-codex-rt-p-es.pdf\" target=\"_blank\" rel=\"noopener\">link<\/a><\/li>\n<li>INSTRUCCIONES DE MONTAJE :\u00a0 <a href=\"https:\/\/lightenjin.pt\/pdfs\/im\/im-codex-rt-p.pdf\" target=\"_blank\" rel=\"noopener\">link<\/a><\/li>\n<li>DECLARACI\u00d3N DE CONFORMIDAD :\u00a0 <a href=\"https:\/\/lightenjin.pt\/pdfs\/dc\/dc-codex-rt.pdf\" target=\"_blank\" rel=\"noopener\">link<\/a><\/li>\n<\/ul>\n","protected":false},"excerpt":{"rendered":"<p>La gama <strong>CODEX RT<\/strong> incluye luminarias para diferentes tipos de aplicaci\u00f3n: proyectores, empotrables, de superficie y empotrables orientables. Incorpora lentes con URG&lt;19, lo que reduce los niveles de deslumbramiento. Combina rendimiento, eficiencia y coste en un solo producto.<\/p>\n<p>Con LEDs con un alto \u00edndice de reproducci\u00f3n crom\u00e1tica (Ra&gt;80) y una elevada eficacia luminosa global de entre 101 y 106 lm\/W. LEDs de larga duraci\u00f3n (&gt;50.000h), con diferentes temperaturas de color disponibles.<\/p>\n","protected":false},"featured_media":20219,"template":"","meta":{"iawp_total_views":3},"product_brand":[],"product_cat":[722,635,726],"product_tag":[974,673,694],"class_list":{"0":"post-22203","1":"product","2":"type-product","3":"status-publish","4":"has-post-thumbnail","6":"product_cat-carril-trifasico","7":"product_cat-gama-euluce-es","8":"product_cat-interior-es","9":"product_tag-carril-trifasico","10":"product_tag-codex-es","11":"product_tag-orientable-es","12":"pa_acabamento-blanco","13":"pa_acabamento-negro-ral-9005","14":"pa_aplicacao-carril","15":"pa_aplicacao-orientable-es","16":"pa_area-de-aplicacao-comercio-es","17":"pa_area-de-aplicacao-industria-hotelera","18":"pa_area-de-aplicacao-museos","20":"first","21":"instock","22":"shipping-taxable","23":"product-type-simple"},"_links":{"self":[{"href":"https:\/\/lightenjin.pt\/es\/wp-json\/wp\/v2\/product\/22203","targetHints":{"allow":["GET"]}}],"collection":[{"href":"https:\/\/lightenjin.pt\/es\/wp-json\/wp\/v2\/product"}],"about":[{"href":"https:\/\/lightenjin.pt\/es\/wp-json\/wp\/v2\/types\/product"}],"version-history":[{"count":2,"href":"https:\/\/lightenjin.pt\/es\/wp-json\/wp\/v2\/product\/22203\/revisions"}],"predecessor-version":[{"id":23182,"href":"https:\/\/lightenjin.pt\/es\/wp-json\/wp\/v2\/product\/22203\/revisions\/23182"}],"wp:featuredmedia":[{"embeddable":true,"href":"https:\/\/lightenjin.pt\/es\/wp-json\/wp\/v2\/media\/20219"}],"wp:attachment":[{"href":"https:\/\/lightenjin.pt\/es\/wp-json\/wp\/v2\/media?parent=22203"}],"wp:term":[{"taxonomy":"product_brand","embeddable":true,"href":"https:\/\/lightenjin.pt\/es\/wp-json\/wp\/v2\/product_brand?post=22203"},{"taxonomy":"product_cat","embeddable":true,"href":"https:\/\/lightenjin.pt\/es\/wp-json\/wp\/v2\/product_cat?post=22203"},{"taxonomy":"product_tag","embeddable":true,"href":"https:\/\/lightenjin.pt\/es\/wp-json\/wp\/v2\/product_tag?post=22203"}],"curies":[{"name":"wp","href":"https:\/\/api.w.org\/{rel}","templated":true}]}}