{"id":22249,"date":"2017-04-28T00:00:00","date_gmt":"2017-04-28T00:00:00","guid":{"rendered":"https:\/\/lightenjin.pt\/?post_type=product&#038;p=22249"},"modified":"2025-09-03T14:32:47","modified_gmt":"2025-09-03T13:32:47","slug":"altus-r-130","status":"publish","type":"product","link":"https:\/\/lightenjin.pt\/es\/producto\/altus-r-130\/","title":{"rendered":"ALTUS R 130"},"content":{"rendered":"<ul>\n<li>Aplicaci\u00f3n saliente;<\/li>\n<li>Para espacios sin posibilidad de fijaci\u00f3n mediante montaje yuxtapuesto;<\/li>\n<li>Dimensi\u00f3n proporcional a su potencia;<\/li>\n<li>Cuerpo de acero termolacado en color;<\/li>\n<li>Difusor de vidrio opcional;<\/li>\n<li>Vida \u00fatil del LED (&gt;50 000 h);<\/li>\n<li>Diferentes temperaturas de color disponibles;<\/li>\n<li>Alto \u00edndice de restituci\u00f3n crom\u00e1tica ( Ra&gt;90);<\/li>\n<li>Posibilidad de incorporar un sistema de control <em>Dali<\/em>;<\/li>\n<\/ul>\n<p>&nbsp;<\/p>\n<hr>\n<h4>DOWNLOADS<\/h4>\n<ul>\n<li>FICHA T\u00c9CNICA : <a href=\"https:\/\/lightenjin.pt\/pdfs\/ft\/ft-altus-r-130-es.pdf\" target=\"_blank\" rel=\"noopener\">link<\/a><\/li>\n<li>INSTRUCCIONES DE MONTAJE : <a href=\"https:\/\/lightenjin.pt\/pdfs\/im\/im-altus-r-130.pdf\" target=\"_blank\" rel=\"noopener\">link<\/a><\/li>\n<li>DECLARACI\u00d3N DE CONFORMIDAD : <a href=\"https:\/\/lightenjin.pt\/pdfs\/dc\/dc-altus-r.pdf\" target=\"_blank\" rel=\"noopener\">link<\/a><\/li>\n<li>FOTOMETR\u00cdA LDT : <a href=\"https:\/\/lightenjin.pt\/pdfs\/ldt\/altus-r-130.zip\" target=\"_blank\" rel=\"noopener\">link<\/a><\/li>\n<\/ul>\n","protected":false},"excerpt":{"rendered":"<p>La familia <strong>ALTUS<\/strong> es una soluci\u00f3n especialmente desarrollada para espacios sin posibilidad de fijaci\u00f3n mediante montaje yuxtapuesto. Familia compuesta por varios modelos de forma sencilla, para montaje saliente y con dimensiones proporcionales a su potencia. Los modelos <strong>R<\/strong> destacan por su forma redonda.  <\/p>\n<p>Con LED de alto \u00edndice de reproducci\u00f3n crom\u00e1tica (Ra&gt;90) y larga vida \u00fatil (&gt;50 000 h), con diferentes temperaturas de color disponibles.<\/p>\n<p>&nbsp;<\/p>\n","protected":false},"featured_media":19347,"template":"","meta":{"iawp_total_views":7},"product_brand":[],"product_cat":[730,635,726],"product_tag":[639,642,967,640],"class_list":{"0":"post-22249","1":"product","2":"type-product","3":"status-publish","4":"has-post-thumbnail","6":"product_cat-de-superficie","7":"product_cat-gama-euluce-es","8":"product_cat-interior-es","9":"product_tag-comercio-es","10":"product_tag-cultura-es","11":"product_tag-hoteleria","12":"product_tag-residencia","14":"first","15":"instock","16":"shipping-taxable","17":"product-type-simple"},"_links":{"self":[{"href":"https:\/\/lightenjin.pt\/es\/wp-json\/wp\/v2\/product\/22249","targetHints":{"allow":["GET"]}}],"collection":[{"href":"https:\/\/lightenjin.pt\/es\/wp-json\/wp\/v2\/product"}],"about":[{"href":"https:\/\/lightenjin.pt\/es\/wp-json\/wp\/v2\/types\/product"}],"version-history":[{"count":5,"href":"https:\/\/lightenjin.pt\/es\/wp-json\/wp\/v2\/product\/22249\/revisions"}],"predecessor-version":[{"id":25722,"href":"https:\/\/lightenjin.pt\/es\/wp-json\/wp\/v2\/product\/22249\/revisions\/25722"}],"wp:featuredmedia":[{"embeddable":true,"href":"https:\/\/lightenjin.pt\/es\/wp-json\/wp\/v2\/media\/19347"}],"wp:attachment":[{"href":"https:\/\/lightenjin.pt\/es\/wp-json\/wp\/v2\/media?parent=22249"}],"wp:term":[{"taxonomy":"product_brand","embeddable":true,"href":"https:\/\/lightenjin.pt\/es\/wp-json\/wp\/v2\/product_brand?post=22249"},{"taxonomy":"product_cat","embeddable":true,"href":"https:\/\/lightenjin.pt\/es\/wp-json\/wp\/v2\/product_cat?post=22249"},{"taxonomy":"product_tag","embeddable":true,"href":"https:\/\/lightenjin.pt\/es\/wp-json\/wp\/v2\/product_tag?post=22249"}],"curies":[{"name":"wp","href":"https:\/\/api.w.org\/{rel}","templated":true}]}}