{"id":22331,"date":"2017-04-12T00:00:00","date_gmt":"2017-04-11T23:00:00","guid":{"rendered":"https:\/\/lightenjin.pt\/?post_type=product&#038;p=22331"},"modified":"2024-12-06T12:05:21","modified_gmt":"2024-12-06T12:05:21","slug":"elementare-q-125","status":"publish","type":"product","link":"https:\/\/lightenjin.pt\/es\/producto\/elementare-q-125\/","title":{"rendered":"ELEMENTARE Q 125"},"content":{"rendered":"<ul>\n<li>Iluminaci\u00f3n <em>downlight<\/em>;<\/li>\n<li>Aplicaci\u00f3n empotrada;<\/li>\n<li>Cuerpo de acero pulido con revestimiento de color;<\/li>\n<li>Difusor opal;<\/li>\n<li>Larga vida \u00fatil (&gt;50.000h);<\/li>\n<li>Diferentes temperaturas de color disponibles;<\/li>\n<li>Alto \u00edndice de reproducci\u00f3n crom\u00e1tica (Ra&gt;80);<\/li>\n<li>Soluci\u00f3n de iluminaci\u00f3n con una huella ecol\u00f3gica reducida;<\/li>\n<\/ul>\n<p>&nbsp;<\/p>\n<hr \/>\n<h4>DOWNLOADS<\/h4>\n<ul>\n<li>FICHA T\u00c9CNICA : <a href=\"https:\/\/lightenjin.pt\/pdfs\/ft\/ft-elementare-q-125-es.pdf\" target=\"_blank\" rel=\"noopener\">link<\/a><\/li>\n<li>INSTRUCCIONES DE MONTAJE :\u00a0 <a href=\"https:\/\/lightenjin.pt\/pdfs\/im\/im-elementare-q-125.pdf\" target=\"_blank\" rel=\"noopener\">link<\/a><\/li>\n<li>DECLARACI\u00d3N DE CONFORMIDAD :\u00a0 <a href=\"https:\/\/lightenjin.pt\/pdfs\/dc\/dc-elementare-q.pdf\" target=\"_blank\" rel=\"noopener\">link<\/a><\/li>\n<\/ul>\n","protected":false},"excerpt":{"rendered":"<p>La familia<strong> ELEMENTARE Q<\/strong> de forma cuadrada es una soluci\u00f3n ideal para la iluminaci\u00f3n general de espacios comerciales y residenciales. Una soluci\u00f3n de iluminaci\u00f3n con una huella ecol\u00f3gica reducida.<\/p>\n<p>Con LED con un alto \u00edndice de reproducci\u00f3n crom\u00e1tica (Ra&gt;80) y una larga vida \u00fatil (&gt;50.000h), con diferentes temperaturas de color disponibles.<\/p>\n","protected":false},"featured_media":19216,"template":"","meta":{"iawp_total_views":1},"product_brand":[],"product_cat":[638,636,635,726],"product_tag":[639,642,967,977,640],"class_list":{"0":"post-22331","1":"product","2":"type-product","3":"status-publish","4":"has-post-thumbnail","6":"product_cat-downlights-es","7":"product_cat-empotrar","8":"product_cat-gama-euluce-es","9":"product_cat-interior-es","10":"product_tag-comercio-es","11":"product_tag-cultura-es","12":"product_tag-hoteleria","13":"product_tag-oficinas","14":"product_tag-residencia","16":"first","17":"instock","18":"shipping-taxable","19":"product-type-simple"},"_links":{"self":[{"href":"https:\/\/lightenjin.pt\/es\/wp-json\/wp\/v2\/product\/22331","targetHints":{"allow":["GET"]}}],"collection":[{"href":"https:\/\/lightenjin.pt\/es\/wp-json\/wp\/v2\/product"}],"about":[{"href":"https:\/\/lightenjin.pt\/es\/wp-json\/wp\/v2\/types\/product"}],"version-history":[{"count":1,"href":"https:\/\/lightenjin.pt\/es\/wp-json\/wp\/v2\/product\/22331\/revisions"}],"predecessor-version":[{"id":22333,"href":"https:\/\/lightenjin.pt\/es\/wp-json\/wp\/v2\/product\/22331\/revisions\/22333"}],"wp:featuredmedia":[{"embeddable":true,"href":"https:\/\/lightenjin.pt\/es\/wp-json\/wp\/v2\/media\/19216"}],"wp:attachment":[{"href":"https:\/\/lightenjin.pt\/es\/wp-json\/wp\/v2\/media?parent=22331"}],"wp:term":[{"taxonomy":"product_brand","embeddable":true,"href":"https:\/\/lightenjin.pt\/es\/wp-json\/wp\/v2\/product_brand?post=22331"},{"taxonomy":"product_cat","embeddable":true,"href":"https:\/\/lightenjin.pt\/es\/wp-json\/wp\/v2\/product_cat?post=22331"},{"taxonomy":"product_tag","embeddable":true,"href":"https:\/\/lightenjin.pt\/es\/wp-json\/wp\/v2\/product_tag?post=22331"}],"curies":[{"name":"wp","href":"https:\/\/api.w.org\/{rel}","templated":true}]}}