{"id":22336,"date":"2017-04-28T00:00:00","date_gmt":"2017-04-27T23:00:00","guid":{"rendered":"https:\/\/lightenjin.pt\/?post_type=product&#038;p=22336"},"modified":"2025-07-18T16:51:53","modified_gmt":"2025-07-18T15:51:53","slug":"elementare-q-90","status":"publish","type":"product","link":"https:\/\/lightenjin.pt\/es\/producto\/elementare-q-90\/","title":{"rendered":"ELEMENTARE Q 90"},"content":{"rendered":"<ul>\n<li>Iluminaci\u00f3n <em>downlight;<\/em><\/li>\n<li>Aplicaci\u00f3n empotrada;<\/li>\n<li>Cuerpo de acero pulido termolacado en color;<\/li>\n<li>Difusor transparente de policarbonato;<\/li>\n<li>Vida \u00fatil del LED (&gt;50 000 h);<\/li>\n<li>Diferentes temperaturas de color disponibles;<\/li>\n<li>Alto \u00edndice de reproducci\u00f3n crom\u00e1tica (Ra&gt;80);<\/li>\n<li>Soluci\u00f3n de iluminaci\u00f3n con huella ecol\u00f3gica reducida;<\/li>\n<\/ul>\n<p>&nbsp;<\/p>\n<hr>\n<h4>DESCARGAS<\/h4>\n<ul>\n<li>FICHA T\u00c9CNICA : <a href=\"https:\/\/lightenjin.pt\/pdfs\/ft\/ft-elementare-q-90-es.pdf\" target=\"_blank\" rel=\"noopener\">link<\/a><\/li>\n<li>INSTRUCCIONES DE MONTAJE: <a href=\"https:\/\/lightenjin.pt\/pdfs\/im\/im-elementare-q-90.pdf\" target=\"_blank\" rel=\"noopener\">link<\/a><\/li>\n<li>DECLARACI\u00d3N DE CONFORMIDAD : <a href=\"https:\/\/lightenjin.pt\/pdfs\/dc\/dc-elementare-q.pdf\" target=\"_blank\" rel=\"noopener\">link<\/a><\/li>\n<li>FOTOMETR\u00cdA LDT : <a href=\"https:\/\/lightenjin.pt\/pdfs\/ldt\/elementare-q-90.zip\">link<\/a><\/li>\n<\/ul>\n","protected":false},"excerpt":{"rendered":"<p>La familia <strong>ELEMENTARE Q<\/strong>, con forma cuadrada, es una soluci\u00f3n ideal para la iluminaci\u00f3n general de espacios comerciales y residenciales. Soluci\u00f3n de iluminaci\u00f3n con huella ecol\u00f3gica reducida. <\/p>\n<p>Con LED de alto \u00edndice de reproducci\u00f3n crom\u00e1tica (Ra&gt;80) y larga vida \u00fatil (&gt;50 000 h), con diferentes temperaturas de color disponibles.<\/p>\n","protected":false},"featured_media":19206,"template":"","meta":{"iawp_total_views":4},"product_brand":[],"product_cat":[638,636,635,726],"product_tag":[639,642,967,977,640],"class_list":{"0":"post-22336","1":"product","2":"type-product","3":"status-publish","4":"has-post-thumbnail","6":"product_cat-downlights-es","7":"product_cat-empotrar","8":"product_cat-gama-euluce-es","9":"product_cat-interior-es","10":"product_tag-comercio-es","11":"product_tag-cultura-es","12":"product_tag-hoteleria","13":"product_tag-oficinas","14":"product_tag-residencia","16":"first","17":"instock","18":"shipping-taxable","19":"product-type-simple"},"_links":{"self":[{"href":"https:\/\/lightenjin.pt\/es\/wp-json\/wp\/v2\/product\/22336","targetHints":{"allow":["GET"]}}],"collection":[{"href":"https:\/\/lightenjin.pt\/es\/wp-json\/wp\/v2\/product"}],"about":[{"href":"https:\/\/lightenjin.pt\/es\/wp-json\/wp\/v2\/types\/product"}],"version-history":[{"count":3,"href":"https:\/\/lightenjin.pt\/es\/wp-json\/wp\/v2\/product\/22336\/revisions"}],"predecessor-version":[{"id":25602,"href":"https:\/\/lightenjin.pt\/es\/wp-json\/wp\/v2\/product\/22336\/revisions\/25602"}],"wp:featuredmedia":[{"embeddable":true,"href":"https:\/\/lightenjin.pt\/es\/wp-json\/wp\/v2\/media\/19206"}],"wp:attachment":[{"href":"https:\/\/lightenjin.pt\/es\/wp-json\/wp\/v2\/media?parent=22336"}],"wp:term":[{"taxonomy":"product_brand","embeddable":true,"href":"https:\/\/lightenjin.pt\/es\/wp-json\/wp\/v2\/product_brand?post=22336"},{"taxonomy":"product_cat","embeddable":true,"href":"https:\/\/lightenjin.pt\/es\/wp-json\/wp\/v2\/product_cat?post=22336"},{"taxonomy":"product_tag","embeddable":true,"href":"https:\/\/lightenjin.pt\/es\/wp-json\/wp\/v2\/product_tag?post=22336"}],"curies":[{"name":"wp","href":"https:\/\/api.w.org\/{rel}","templated":true}]}}