{"id":22352,"date":"2016-07-29T00:00:00","date_gmt":"2016-07-29T00:00:00","guid":{"rendered":"https:\/\/lightenjin.pt\/?post_type=product&#038;p=22352"},"modified":"2025-09-12T17:25:27","modified_gmt":"2025-09-12T16:25:27","slug":"altus-q-130","status":"publish","type":"product","link":"https:\/\/lightenjin.pt\/es\/producto\/altus-q-130\/","title":{"rendered":"ALTUS Q 130"},"content":{"rendered":"<ul>\n<li>Iluminaci\u00f3n en superficie del techo;<\/li>\n<li>Soluci\u00f3n desarrollada para espacios sin posibilidad de fijaci\u00f3n mediante montaje empotrado.<\/li>\n<li>Dimensi\u00f3n proporcional a su potencia;<\/li>\n<li>Cuerpo de acero pulido termolacado en color;<\/li>\n<li>Difusor opcional;<\/li>\n<li>Vida \u00fatil del LED (&gt;50 000 h);<\/li>\n<li>Diferentes temperaturas de color disponibles;<\/li>\n<li>Alto \u00edndice de restituci\u00f3n crom\u00e1tica ( Ra&gt;90);<\/li>\n<\/ul>\n<p>&nbsp;<\/p>\n<hr>\n<p><strong>DOWNLOAD<\/strong><\/p>\n<ul>\n<li>FICHA T\u00c9CNICA : <a href=\"https:\/\/lightenjin.pt\/pdfs\/ft\/ft-altus-q-130-es.pdf\" target=\"_blank\" rel=\"noopener\">link<\/a><\/li>\n<li>INSTRUCCIONES DE MONTAJE : <a href=\"https:\/\/lightenjin.pt\/pdfs\/im\/im-altus-q-130.pdf.pdf\" target=\"_blank\" rel=\"noopener\">link<\/a><\/li>\n<li>DECLARACI\u00d3N DE CONFORMIDAD : <a href=\"https:\/\/lightenjin.pt\/pdfs\/dc\/dc-altus-q.pdf\" target=\"_blank\" rel=\"noopener\">link<\/a><\/li>\n<\/ul>\n<h4><\/h4>\n","protected":false},"excerpt":{"rendered":"<p>La familia <strong>ALTUS<\/strong> es una soluci\u00f3n especialmente desarrollada para espacios en los que no es posible realizar una fijaci\u00f3n mediante montaje empotrado. Familia compuesta por varios modelos de forma sencilla, para montaje saliente y con dimensiones proporcionales a su potencia. Los modelos Q destacan por su forma redonda.  <\/p>\n<p>Con LED de alto \u00edndice de reproducci\u00f3n crom\u00e1tica (Ra&gt;90) y larga vida \u00fatil (&gt;50 000 h), con diferentes temperaturas de color disponibles.<\/p>\n<p>&nbsp;<\/p>\n","protected":false},"featured_media":22353,"template":"","meta":{"iawp_total_views":4},"product_brand":[],"product_cat":[730,635,726],"product_tag":[639,642,967,640],"class_list":{"0":"post-22352","1":"product","2":"type-product","3":"status-publish","4":"has-post-thumbnail","6":"product_cat-de-superficie","7":"product_cat-gama-euluce-es","8":"product_cat-interior-es","9":"product_tag-comercio-es","10":"product_tag-cultura-es","11":"product_tag-hoteleria","12":"product_tag-residencia","14":"first","15":"instock","16":"shipping-taxable","17":"product-type-simple"},"_links":{"self":[{"href":"https:\/\/lightenjin.pt\/es\/wp-json\/wp\/v2\/product\/22352","targetHints":{"allow":["GET"]}}],"collection":[{"href":"https:\/\/lightenjin.pt\/es\/wp-json\/wp\/v2\/product"}],"about":[{"href":"https:\/\/lightenjin.pt\/es\/wp-json\/wp\/v2\/types\/product"}],"version-history":[{"count":5,"href":"https:\/\/lightenjin.pt\/es\/wp-json\/wp\/v2\/product\/22352\/revisions"}],"predecessor-version":[{"id":25716,"href":"https:\/\/lightenjin.pt\/es\/wp-json\/wp\/v2\/product\/22352\/revisions\/25716"}],"wp:featuredmedia":[{"embeddable":true,"href":"https:\/\/lightenjin.pt\/es\/wp-json\/wp\/v2\/media\/22353"}],"wp:attachment":[{"href":"https:\/\/lightenjin.pt\/es\/wp-json\/wp\/v2\/media?parent=22352"}],"wp:term":[{"taxonomy":"product_brand","embeddable":true,"href":"https:\/\/lightenjin.pt\/es\/wp-json\/wp\/v2\/product_brand?post=22352"},{"taxonomy":"product_cat","embeddable":true,"href":"https:\/\/lightenjin.pt\/es\/wp-json\/wp\/v2\/product_cat?post=22352"},{"taxonomy":"product_tag","embeddable":true,"href":"https:\/\/lightenjin.pt\/es\/wp-json\/wp\/v2\/product_tag?post=22352"}],"curies":[{"name":"wp","href":"https:\/\/api.w.org\/{rel}","templated":true}]}}