{"id":22411,"date":"2016-04-19T00:00:00","date_gmt":"2016-04-18T23:00:00","guid":{"rendered":"https:\/\/lightenjin.pt\/?post_type=product&#038;p=22411"},"modified":"2024-12-06T16:48:00","modified_gmt":"2024-12-06T16:48:00","slug":"quadratum-e-o","status":"publish","type":"product","link":"https:\/\/lightenjin.pt\/es\/producto\/quadratum-e-o\/","title":{"rendered":"QUADRATUM E O"},"content":{"rendered":"<ul>\n<li>Aplicaci\u00f3n empotrada;<\/li>\n<li>Perfil de aluminio revestido de color;<\/li>\n<li>Difusor opal de alta transmitancia;<\/li>\n<li>Vida \u00fatil de los LED (&gt;50.000 h);<\/li>\n<li>Diferentes temperaturas de color disponibles;<\/li>\n<li>\u00cdndice de reproducci\u00f3n crom\u00e1tica (Ra&gt;80);<\/li>\n<li>Otras formas geom\u00e9tricas bajo pedido;<\/li>\n<\/ul>\n<p>&nbsp;<\/p>\n<hr \/>\n<h4>DOWNLOADS<\/h4>\n<ul>\n<li>FICHA T\u00c9CNICA\u00a0: <a href=\"https:\/\/lightenjin.pt\/pdfs\/ft\/ft-quadratum-e-o-es.pdf\" target=\"_blank\" rel=\"noopener\">link<\/a><\/li>\n<li>INSTRUCCIONES DE MONTAJE :\u00a0 <a href=\"https:\/\/lightenjin.pt\/pdfs\/im\/im-quadratum-e-o.pdf\" target=\"_blank\" rel=\"noopener\">link\u00a0<\/a><\/li>\n<li>DECLARACI\u00d3N DE CONFORMIDAD :\u00a0 <a href=\"https:\/\/lightenjin.pt\/pdfs\/dc\/dc-quadratum-e-o.pdf\" target=\"_blank\" rel=\"noopener\">link<\/a><\/li>\n<\/ul>\n","protected":false},"excerpt":{"rendered":"<p><strong>QUADRATUM<\/strong> es un equipamiento especialmente desarrollado para zonas de recepci\u00f3n y circulaci\u00f3n para crear efectos geom\u00e9tricos mediante l\u00edneas cuadradas sencillas y elegantes. Otras formas geom\u00e9tricas bajo pedido.<\/p>\n<p>Con LED con un alto \u00edndice de reproducci\u00f3n crom\u00e1tica (Ra&gt;80) y una elevada eficacia luminosa global de entre 101 y 128 lm\/W. LED de larga duraci\u00f3n (&gt;50.000 h), con diferentes temperaturas de color disponibles.<\/p>\n","protected":false},"featured_media":22414,"template":"","meta":{"iawp_total_views":1},"product_brand":[],"product_cat":[636,635,726],"product_tag":[639,642,676,678,967,977,940,640,644,645],"class_list":{"0":"post-22411","1":"product","2":"type-product","3":"status-publish","4":"has-post-thumbnail","6":"product_cat-empotrar","7":"product_cat-gama-euluce-es","8":"product_cat-interior-es","9":"product_tag-comercio-es","10":"product_tag-cultura-es","11":"product_tag-educacion","12":"product_tag-empotrar","13":"product_tag-hoteleria","14":"product_tag-oficinas","15":"product_tag-perfil-es","16":"product_tag-residencia","17":"product_tag-salud","18":"product_tag-transporte","20":"first","21":"instock","22":"shipping-taxable","23":"product-type-simple"},"_links":{"self":[{"href":"https:\/\/lightenjin.pt\/es\/wp-json\/wp\/v2\/product\/22411","targetHints":{"allow":["GET"]}}],"collection":[{"href":"https:\/\/lightenjin.pt\/es\/wp-json\/wp\/v2\/product"}],"about":[{"href":"https:\/\/lightenjin.pt\/es\/wp-json\/wp\/v2\/types\/product"}],"version-history":[{"count":2,"href":"https:\/\/lightenjin.pt\/es\/wp-json\/wp\/v2\/product\/22411\/revisions"}],"predecessor-version":[{"id":22419,"href":"https:\/\/lightenjin.pt\/es\/wp-json\/wp\/v2\/product\/22411\/revisions\/22419"}],"wp:featuredmedia":[{"embeddable":true,"href":"https:\/\/lightenjin.pt\/es\/wp-json\/wp\/v2\/media\/22414"}],"wp:attachment":[{"href":"https:\/\/lightenjin.pt\/es\/wp-json\/wp\/v2\/media?parent=22411"}],"wp:term":[{"taxonomy":"product_brand","embeddable":true,"href":"https:\/\/lightenjin.pt\/es\/wp-json\/wp\/v2\/product_brand?post=22411"},{"taxonomy":"product_cat","embeddable":true,"href":"https:\/\/lightenjin.pt\/es\/wp-json\/wp\/v2\/product_cat?post=22411"},{"taxonomy":"product_tag","embeddable":true,"href":"https:\/\/lightenjin.pt\/es\/wp-json\/wp\/v2\/product_tag?post=22411"}],"curies":[{"name":"wp","href":"https:\/\/api.w.org\/{rel}","templated":true}]}}