{"id":22428,"date":"2024-02-16T17:06:51","date_gmt":"2024-02-16T17:06:51","guid":{"rendered":"https:\/\/lightenjin.pt\/?post_type=product&#038;p=22428"},"modified":"2024-12-06T17:36:39","modified_gmt":"2024-12-06T17:36:39","slug":"tuled-20-horti","status":"publish","type":"product","link":"https:\/\/lightenjin.pt\/es\/producto\/tuled-20-horti\/","title":{"rendered":"TULED 20 HORTI"},"content":{"rendered":"<ul>\n<li>Iluminaci\u00f3n hort\u00edcola;<\/li>\n<li>Iluminaci\u00f3n de estanter\u00edas o vertical;<\/li>\n<li>Espectro personalizado seg\u00fan las necesidades y f\u00e1cilmente adaptable a diferentes variaciones de temperatura;<\/li>\n<li>Montaje en superficie o suspendido;<\/li>\n<li>Parte superior de acero inoxidable AISI 316;<\/li>\n<li>Difusor transparente;<\/li>\n<li>Elevada vida \u00fatil de los LED (&gt;50.000 h);<\/li>\n<li>Diferentes temperaturas de color disponibles;<\/li>\n<li>Alto \u00edndice de reproducci\u00f3n crom\u00e1tica (Ra&gt;80);<\/li>\n<li>Con sistema de control de temperatura, humedad, iluminaci\u00f3n y fluorescencia;<\/li>\n<\/ul>\n<p>&nbsp;<\/p>\n<hr \/>\n<h4>DOWNLOADS<\/h4>\n<ul>\n<li>FICHA T\u00c9CNICA\u00a0: <a href=\"https:\/\/lightenjin.pt\/pdfs\/ft\/ft-tuled-20-horti-es.pdf\" target=\"_blank\" rel=\"noopener\">link<\/a><\/li>\n<li>INSTRUCCIONES DE MONTAJE :\u00a0 <a href=\"https:\/\/lightenjin.pt\/pdfs\/im\/im-tuled-20-horti.pdf\" target=\"_blank\" rel=\"noopener\">link<\/a><\/li>\n<li>DECLARACI\u00d3N DE CONFORMIDAD :\u00a0 <a href=\"https:\/\/lightenjin.pt\/pdfs\/dc\/dc-tuled-20.pdf\" target=\"_blank\" rel=\"noopener\">link<\/a><\/li>\n<\/ul>\n","protected":false},"excerpt":{"rendered":"<p><strong>TULED 20 HORTI<\/strong> surge de la combinaci\u00f3n de un tubo que alberga una placa de circuito impreso LED, y est\u00e1 especialmente dise\u00f1ado para la horticultura. Un producto para la iluminaci\u00f3n de estanter\u00edas o vertical, con el espectro personalizado a sus necesidades y f\u00e1cilmente adaptable a diferentes variaciones de temperatura. Con un sistema de control y monitorizaci\u00f3n de temperatura, humedad, iluminaci\u00f3n y fluorescencia.<\/p>\n<p>Con LED con un alto \u00edndice de reproducci\u00f3n crom\u00e1tica (Ra&gt;80) y una elevada eficacia luminosa global de entre 124 y 131 lm\/W. LED con una larga vida \u00fatil (&gt;50.000 h), con diferentes temperaturas de color disponibles.<\/p>\n","protected":false},"featured_media":22430,"template":"","meta":{"iawp_total_views":1},"product_brand":[],"product_cat":[1011,635],"product_tag":[1014,1020,1016],"class_list":{"0":"post-22428","1":"product","2":"type-product","3":"status-publish","4":"has-post-thumbnail","6":"product_cat-horticultura-es","7":"product_cat-gama-euluce-es","8":"product_tag-agricultura-es","9":"product_tag-horticultura-es","10":"product_tag-invernadero","12":"first","13":"instock","14":"shipping-taxable","15":"product-type-simple"},"_links":{"self":[{"href":"https:\/\/lightenjin.pt\/es\/wp-json\/wp\/v2\/product\/22428","targetHints":{"allow":["GET"]}}],"collection":[{"href":"https:\/\/lightenjin.pt\/es\/wp-json\/wp\/v2\/product"}],"about":[{"href":"https:\/\/lightenjin.pt\/es\/wp-json\/wp\/v2\/types\/product"}],"version-history":[{"count":2,"href":"https:\/\/lightenjin.pt\/es\/wp-json\/wp\/v2\/product\/22428\/revisions"}],"predecessor-version":[{"id":22432,"href":"https:\/\/lightenjin.pt\/es\/wp-json\/wp\/v2\/product\/22428\/revisions\/22432"}],"wp:featuredmedia":[{"embeddable":true,"href":"https:\/\/lightenjin.pt\/es\/wp-json\/wp\/v2\/media\/22430"}],"wp:attachment":[{"href":"https:\/\/lightenjin.pt\/es\/wp-json\/wp\/v2\/media?parent=22428"}],"wp:term":[{"taxonomy":"product_brand","embeddable":true,"href":"https:\/\/lightenjin.pt\/es\/wp-json\/wp\/v2\/product_brand?post=22428"},{"taxonomy":"product_cat","embeddable":true,"href":"https:\/\/lightenjin.pt\/es\/wp-json\/wp\/v2\/product_cat?post=22428"},{"taxonomy":"product_tag","embeddable":true,"href":"https:\/\/lightenjin.pt\/es\/wp-json\/wp\/v2\/product_tag?post=22428"}],"curies":[{"name":"wp","href":"https:\/\/api.w.org\/{rel}","templated":true}]}}