{"id":22474,"date":"2015-07-16T00:00:00","date_gmt":"2015-07-15T23:00:00","guid":{"rendered":"https:\/\/lightenjin.pt\/?post_type=product&#038;p=22474"},"modified":"2024-12-11T09:53:18","modified_gmt":"2024-12-11T09:53:18","slug":"eco-linne-w","status":"publish","type":"product","link":"https:\/\/lightenjin.pt\/es\/producto\/eco-linne-w\/","title":{"rendered":"ECO LINNE W"},"content":{"rendered":"<ul>\n<li>Aplicaci\u00f3n suspendida, mediante cable de acero;<\/li>\n<li>Perfil de aluminio revestido de color;<\/li>\n<li>Grupo \u00f3ptico con lentes de PMMA;<\/li>\n<li>Permite construir grandes l\u00edneas continuas<\/li>\n<li>Elevada vida \u00fatil de los LED (&gt;50.000 h);<\/li>\n<li>Diferentes temperaturas de color disponibles;<\/li>\n<li>Alto \u00edndice de reproducci\u00f3n crom\u00e1tica (Ra&gt;80);<\/li>\n<\/ul>\n<p>&nbsp;<\/p>\n<hr \/>\n<h4>DOWNLOAD<\/h4>\n<ul>\n<li>FICHA T\u00c9CNICA\u00a0: <a href=\"https:\/\/lightenjin.pt\/pdfs\/ft\/ft-eco-linne-w-es.pdf\" target=\"_blank\" rel=\"noopener\">link<\/a><\/li>\n<li>INSTRUCCIONES DE MONTAJE:\u00a0 <a href=\"https:\/\/lightenjin.pt\/pdfs\/im\/im-eco-linne-w.pdf\" target=\"_blank\" rel=\"noopener\">link<\/a><\/li>\n<li>DECLARACI\u00d3N DE CONFORMIDAD :\u00a0 <a href=\"https:\/\/lightenjin.pt\/pdfs\/dc\/dc-eco-linne-w.pdf\" target=\"_blank\" rel=\"noopener\">link<\/a><\/li>\n<\/ul>\n","protected":false},"excerpt":{"rendered":"<p><strong>ECO LINNE W<\/strong> es una gama de iluminaci\u00f3n econ\u00f3mica y pr\u00e1ctica; permite construir grandes l\u00edneas continuas utilizando accesorios sencillos y f\u00e1ciles de usar. Esta soluci\u00f3n s\u00f3lo permite la fijaci\u00f3n suspendida mediante cable de acero.<\/p>\n<p>Con LED de alto \u00edndice de reproducci\u00f3n crom\u00e1tica (Ra&gt;80) y alta eficacia luminosa global. LED con una larga vida \u00fatil (&gt;50.000 h), con diferentes temperaturas de color disponibles.<\/p>\n","protected":false},"featured_media":22475,"template":"","meta":{"iawp_total_views":3},"product_brand":[],"product_cat":[730,635,726,731],"product_tag":[639,711,690,940,941],"class_list":{"0":"post-22474","1":"product","2":"type-product","3":"status-publish","4":"has-post-thumbnail","6":"product_cat-de-superficie","7":"product_cat-gama-euluce-es","8":"product_cat-interior-es","9":"product_cat-suspendida","10":"product_tag-comercio-es","11":"product_tag-de-superficie","12":"product_tag-industria-es","13":"product_tag-perfil-es","14":"product_tag-suspendido","16":"first","17":"instock","18":"shipping-taxable","19":"product-type-simple"},"_links":{"self":[{"href":"https:\/\/lightenjin.pt\/es\/wp-json\/wp\/v2\/product\/22474","targetHints":{"allow":["GET"]}}],"collection":[{"href":"https:\/\/lightenjin.pt\/es\/wp-json\/wp\/v2\/product"}],"about":[{"href":"https:\/\/lightenjin.pt\/es\/wp-json\/wp\/v2\/types\/product"}],"version-history":[{"count":2,"href":"https:\/\/lightenjin.pt\/es\/wp-json\/wp\/v2\/product\/22474\/revisions"}],"predecessor-version":[{"id":22489,"href":"https:\/\/lightenjin.pt\/es\/wp-json\/wp\/v2\/product\/22474\/revisions\/22489"}],"wp:featuredmedia":[{"embeddable":true,"href":"https:\/\/lightenjin.pt\/es\/wp-json\/wp\/v2\/media\/22475"}],"wp:attachment":[{"href":"https:\/\/lightenjin.pt\/es\/wp-json\/wp\/v2\/media?parent=22474"}],"wp:term":[{"taxonomy":"product_brand","embeddable":true,"href":"https:\/\/lightenjin.pt\/es\/wp-json\/wp\/v2\/product_brand?post=22474"},{"taxonomy":"product_cat","embeddable":true,"href":"https:\/\/lightenjin.pt\/es\/wp-json\/wp\/v2\/product_cat?post=22474"},{"taxonomy":"product_tag","embeddable":true,"href":"https:\/\/lightenjin.pt\/es\/wp-json\/wp\/v2\/product_tag?post=22474"}],"curies":[{"name":"wp","href":"https:\/\/api.w.org\/{rel}","templated":true}]}}