{"id":22601,"date":"2025-01-13T12:17:38","date_gmt":"2025-01-13T12:17:38","guid":{"rendered":"https:\/\/lightenjin.pt\/?post_type=product&#038;p=22601"},"modified":"2025-12-03T16:47:05","modified_gmt":"2025-12-03T16:47:05","slug":"piper","status":"publish","type":"product","link":"https:\/\/lightenjin.pt\/es\/producto\/piper\/","title":{"rendered":"PIPER"},"content":{"rendered":"<ul>\n<li>Baliza exterior;<\/li>\n<li>Fijaci\u00f3n al suelo;<\/li>\n<li>Cuerpo de aluminio extruido y anodizado;<\/li>\n<li>Difusor transparente en PMMA;<\/li>\n<li>Diferentes temperaturas de color disponibles;<\/li>\n<li>\u00cdndice de restituci\u00f3n crom\u00e1tica (Ra&gt;80 o Ra&gt;0);<\/li>\n<li>Dispon\u00edvel em dois modelos de diferentes tamanhos ;<\/li>\n<\/ul>\n<p>&nbsp;<\/p>\n<hr>\n<h4>DOWNLOADS<\/h4>\n<ul>\n<li>FICHA T\u00c9CNICA : <a href=\"https:\/\/lightenjin.pt\/pdfs\/ft\/ft-piper-es.pdf\" target=\"_blank\" rel=\"noopener\">link<\/a><\/li>\n<\/ul>\n","protected":false},"excerpt":{"rendered":"<p>El \u00abpimentero\u00bb PIPER es un equipo para la iluminaci\u00f3n de v\u00edas peatonales. De forma compacta y elegante, proporciona una amplitud de iluminaci\u00f3n de 360\u00ba y un alto confort visual.<\/p>\n<p>Con LED de alto \u00edndice de reproducci\u00f3n crom\u00e1tica (Ra&gt;80 y Ra&gt;90) y alta eficacia luminosa global. LEDs de larga vida \u00fatil (&gt;50 000h), con diferentes temperaturas de color disponibles.<\/p>\n","protected":false},"featured_media":22615,"template":"","meta":{"iawp_total_views":9},"product_brand":[],"product_cat":[637,723,952,729],"product_tag":[704,646,971,972,640],"class_list":{"0":"post-22601","1":"product","2":"type-product","3":"status-publish","4":"has-post-thumbnail","6":"product_cat-exterior-es","7":"product_cat-circulacion","8":"product_cat-iluminacion-publica-decorativa","9":"product_cat-publico-es","10":"product_tag-bolardo","11":"product_tag-exterior-es","12":"product_tag-jardines","13":"product_tag-parques-es","14":"product_tag-residencia","16":"first","17":"instock","18":"shipping-taxable","19":"product-type-simple"},"_links":{"self":[{"href":"https:\/\/lightenjin.pt\/es\/wp-json\/wp\/v2\/product\/22601","targetHints":{"allow":["GET"]}}],"collection":[{"href":"https:\/\/lightenjin.pt\/es\/wp-json\/wp\/v2\/product"}],"about":[{"href":"https:\/\/lightenjin.pt\/es\/wp-json\/wp\/v2\/types\/product"}],"version-history":[{"count":5,"href":"https:\/\/lightenjin.pt\/es\/wp-json\/wp\/v2\/product\/22601\/revisions"}],"predecessor-version":[{"id":26360,"href":"https:\/\/lightenjin.pt\/es\/wp-json\/wp\/v2\/product\/22601\/revisions\/26360"}],"wp:featuredmedia":[{"embeddable":true,"href":"https:\/\/lightenjin.pt\/es\/wp-json\/wp\/v2\/media\/22615"}],"wp:attachment":[{"href":"https:\/\/lightenjin.pt\/es\/wp-json\/wp\/v2\/media?parent=22601"}],"wp:term":[{"taxonomy":"product_brand","embeddable":true,"href":"https:\/\/lightenjin.pt\/es\/wp-json\/wp\/v2\/product_brand?post=22601"},{"taxonomy":"product_cat","embeddable":true,"href":"https:\/\/lightenjin.pt\/es\/wp-json\/wp\/v2\/product_cat?post=22601"},{"taxonomy":"product_tag","embeddable":true,"href":"https:\/\/lightenjin.pt\/es\/wp-json\/wp\/v2\/product_tag?post=22601"}],"curies":[{"name":"wp","href":"https:\/\/api.w.org\/{rel}","templated":true}]}}