{"id":22892,"date":"2016-07-29T00:00:00","date_gmt":"2016-07-28T23:00:00","guid":{"rendered":"https:\/\/lightenjin.pt\/?post_type=product&#038;p=22892"},"modified":"2025-01-17T14:22:21","modified_gmt":"2025-01-17T14:22:21","slug":"sheer-q-3x170","status":"publish","type":"product","link":"https:\/\/lightenjin.pt\/es\/producto\/sheer-q-3x170\/","title":{"rendered":"SHEER Q 3&#215;170"},"content":{"rendered":"<ul>\n<li>Iluminaci\u00f3n empotrada;<\/li>\n<li>Aplicaci\u00f3n empotrada;<\/li>\n<li>Cuerpo de acero con revestimiento de color;<\/li>\n<li>Larga vida \u00fatil (&gt;50.000 h);<\/li>\n<li>Diferentes temperaturas de color disponibles;<\/li>\n<li>Alto \u00edndice de reproducci\u00f3n crom\u00e1tica (Ra&gt;90);<\/li>\n<li>Orientable:<\/li>\n<li>Filtros de color disponibles bajo pedido.<\/li>\n<\/ul>\n<p>&nbsp;<\/p>\n<hr \/>\n<h4>DOWNLOADS<\/h4>\n<ul>\n<li>FICHA T\u00c9CNICA\u00a0: <a href=\"https:\/\/lightenjin.pt\/pdfs\/ft\/ft-sheer-q-3x170-es.pdf\" target=\"_blank\" rel=\"noopener\">link<\/a><\/li>\n<li>INSTRUCCIONES DE MONTAJE:\u00a0 <a href=\"https:\/\/lightenjin.pt\/pdfs\/im\/im-sheer-q-3x170.pdf\" target=\"_blank\" rel=\"noopener\">link<\/a><\/li>\n<li>DECLARACI\u00d3N DE CONFORMIDAD :\u00a0 <a href=\"https:\/\/lightenjin.pt\/pdfs\/dc\/dc-sheer-q.pdf\" target=\"_blank\" rel=\"noopener\">link<\/a><\/li>\n<\/ul>\n","protected":false},"excerpt":{"rendered":"<p><strong>SHEER<\/strong> es un downlight dise\u00f1ado para espacios comerciales y residenciales. Destaca por su capacidad para orientar la fuente de luz en uno o dos ejes. Es un producto para empotrar en el techo que ilumina paredes, expositores u otros elementos decorativos. La familia Q destaca por su marco cuadrado. Orientable.<\/p>\n<p>Con LEDs de alto \u00edndice de reproducci\u00f3n crom\u00e1tica (Ra&gt;90) y larga vida \u00fatil (&gt;50.000h), con diferentes temperaturas de color disponibles.<\/p>\n","protected":false},"featured_media":18905,"template":"","meta":{"iawp_total_views":1},"product_brand":[],"product_cat":[638,636,635,726],"product_tag":[639,642,674,678,967,977,694,640],"class_list":{"0":"post-22892","1":"product","2":"type-product","3":"status-publish","4":"has-post-thumbnail","6":"product_cat-downlights-es","7":"product_cat-empotrar","8":"product_cat-gama-euluce-es","9":"product_cat-interior-es","10":"product_tag-comercio-es","11":"product_tag-cultura-es","12":"product_tag-downlight-es","13":"product_tag-empotrar","14":"product_tag-hoteleria","15":"product_tag-oficinas","16":"product_tag-orientable-es","17":"product_tag-residencia","19":"first","20":"instock","21":"shipping-taxable","22":"product-type-simple"},"_links":{"self":[{"href":"https:\/\/lightenjin.pt\/es\/wp-json\/wp\/v2\/product\/22892","targetHints":{"allow":["GET"]}}],"collection":[{"href":"https:\/\/lightenjin.pt\/es\/wp-json\/wp\/v2\/product"}],"about":[{"href":"https:\/\/lightenjin.pt\/es\/wp-json\/wp\/v2\/types\/product"}],"version-history":[{"count":1,"href":"https:\/\/lightenjin.pt\/es\/wp-json\/wp\/v2\/product\/22892\/revisions"}],"predecessor-version":[{"id":22894,"href":"https:\/\/lightenjin.pt\/es\/wp-json\/wp\/v2\/product\/22892\/revisions\/22894"}],"wp:featuredmedia":[{"embeddable":true,"href":"https:\/\/lightenjin.pt\/es\/wp-json\/wp\/v2\/media\/18905"}],"wp:attachment":[{"href":"https:\/\/lightenjin.pt\/es\/wp-json\/wp\/v2\/media?parent=22892"}],"wp:term":[{"taxonomy":"product_brand","embeddable":true,"href":"https:\/\/lightenjin.pt\/es\/wp-json\/wp\/v2\/product_brand?post=22892"},{"taxonomy":"product_cat","embeddable":true,"href":"https:\/\/lightenjin.pt\/es\/wp-json\/wp\/v2\/product_cat?post=22892"},{"taxonomy":"product_tag","embeddable":true,"href":"https:\/\/lightenjin.pt\/es\/wp-json\/wp\/v2\/product_tag?post=22892"}],"curies":[{"name":"wp","href":"https:\/\/api.w.org\/{rel}","templated":true}]}}