{"id":22961,"date":"2024-02-16T17:01:07","date_gmt":"2024-02-16T17:01:07","guid":{"rendered":"https:\/\/lightenjin.pt\/?post_type=product&#038;p=22961"},"modified":"2025-01-20T14:57:37","modified_gmt":"2025-01-20T14:57:37","slug":"opus-s-eco-pris","status":"publish","type":"product","link":"https:\/\/lightenjin.pt\/es\/producto\/opus-s-eco-pris\/","title":{"rendered":"OPUS S ECO PRIS"},"content":{"rendered":"<ul>\n<li>Aplicaci\u00f3n en superf\u00edcie;<\/li>\n<li>Cuerpo en chapa revestida de color;<\/li>\n<li>Difusor prism\u00e1tico URG&lt;19 (antideslumbrante);<\/li>\n<li>Vida \u00fatil de los LED (&gt;50.000 h);<\/li>\n<li>Diferentes temperaturas de color disponibles;<\/li>\n<li>Alto \u00edndice de reproducci\u00f3n crom\u00e1tica (Ra&gt;80);<\/li>\n<\/ul>\n<hr \/>\n<h4>DOWNLOADS<\/h4>\n<ul>\n<li>FICHA T\u00c9CNICA : <a href=\"https:\/\/lightenjin.pt\/pdfs\/ft\/ft-opus-s-eco-pris-es.pdf\" target=\"_blank\" rel=\"noopener\">link<\/a><\/li>\n<li>INSTRUCCIONES DE MONTAJE : <a href=\"https:\/\/lightenjin.pt\/pdfs\/im\/im-opus-s-eco-pris.pdf\" target=\"_blank\" rel=\"noopener\">link<\/a><\/li>\n<li>DECLARACI\u00d3N DE CONFORMIDAD :\u00a0 <a href=\"https:\/\/lightenjin.pt\/pdfs\/dc\/dc-opus-s-eco.pdf\" target=\"_blank\" rel=\"noopener\">link<\/a><\/li>\n<\/ul>\n","protected":false},"excerpt":{"rendered":"<p><strong>OPUS<\/strong> es una gama de productos especialmente dise\u00f1ada para edificios de servicios y oficinas. La gama es vers\u00e1til y f\u00e1cilmente adaptable a los diferentes requerimientos de cada espacio, desde el punto de vista de su geometr\u00eda, aplicaci\u00f3n y posibles difusores.<\/p>\n<p>Con LEDs con un alto \u00cdndice de Reproducci\u00f3n Crom\u00e1tica (Ra&gt;80) y una elevada eficacia luminosa global de entre 119 y 142 lm\/W. LEDs con una larga vida \u00fatil (&gt;50.000h), con diferentes temperaturas de color disponibles.<\/p>\n","protected":false},"featured_media":18846,"template":"","meta":{"iawp_total_views":4},"product_brand":[],"product_cat":[730,635,726],"product_tag":[639,642,711,676,967,977,644],"class_list":{"0":"post-22961","1":"product","2":"type-product","3":"status-publish","4":"has-post-thumbnail","6":"product_cat-de-superficie","7":"product_cat-gama-euluce-es","8":"product_cat-interior-es","9":"product_tag-comercio-es","10":"product_tag-cultura-es","11":"product_tag-de-superficie","12":"product_tag-educacion","13":"product_tag-hoteleria","14":"product_tag-oficinas","15":"product_tag-salud","17":"first","18":"instock","19":"shipping-taxable","20":"product-type-simple"},"_links":{"self":[{"href":"https:\/\/lightenjin.pt\/es\/wp-json\/wp\/v2\/product\/22961","targetHints":{"allow":["GET"]}}],"collection":[{"href":"https:\/\/lightenjin.pt\/es\/wp-json\/wp\/v2\/product"}],"about":[{"href":"https:\/\/lightenjin.pt\/es\/wp-json\/wp\/v2\/types\/product"}],"version-history":[{"count":4,"href":"https:\/\/lightenjin.pt\/es\/wp-json\/wp\/v2\/product\/22961\/revisions"}],"predecessor-version":[{"id":22974,"href":"https:\/\/lightenjin.pt\/es\/wp-json\/wp\/v2\/product\/22961\/revisions\/22974"}],"wp:featuredmedia":[{"embeddable":true,"href":"https:\/\/lightenjin.pt\/es\/wp-json\/wp\/v2\/media\/18846"}],"wp:attachment":[{"href":"https:\/\/lightenjin.pt\/es\/wp-json\/wp\/v2\/media?parent=22961"}],"wp:term":[{"taxonomy":"product_brand","embeddable":true,"href":"https:\/\/lightenjin.pt\/es\/wp-json\/wp\/v2\/product_brand?post=22961"},{"taxonomy":"product_cat","embeddable":true,"href":"https:\/\/lightenjin.pt\/es\/wp-json\/wp\/v2\/product_cat?post=22961"},{"taxonomy":"product_tag","embeddable":true,"href":"https:\/\/lightenjin.pt\/es\/wp-json\/wp\/v2\/product_tag?post=22961"}],"curies":[{"name":"wp","href":"https:\/\/api.w.org\/{rel}","templated":true}]}}