{"id":22987,"date":"2020-10-28T00:00:00","date_gmt":"2020-10-28T00:00:00","guid":{"rendered":"https:\/\/lightenjin.pt\/?post_type=product&#038;p=22987"},"modified":"2025-01-20T16:08:12","modified_gmt":"2025-01-20T16:08:12","slug":"opus-s-pris","status":"publish","type":"product","link":"https:\/\/lightenjin.pt\/es\/producto\/opus-s-pris\/","title":{"rendered":"OPUS S PRIS"},"content":{"rendered":"<ul>\n<li>Aplicaci\u00f3n en superficie ;<\/li>\n<li>Chapa con recubrimiento en polvo de color ;<\/li>\n<li>Difusor prism\u00e1tico ;<\/li>\n<li>Vida \u00fatil de los LED (&gt;50.000 h) ;<\/li>\n<li>Varias temperaturas de color disponibles;<\/li>\n<li>Alto \u00edndice de reproducci\u00f3n crom\u00e1tica (Ra&gt;80);<\/li>\n<\/ul>\n<hr \/>\n<p><strong>DOWNLOADS<\/strong><\/p>\n<ul>\n<li>FICHA T\u00c9CNICA : <a href=\"https:\/\/lightenjin.pt\/pdfs\/ft\/ft-opus-s-pris-es.pdf\" target=\"_blank\" rel=\"noopener\">link<\/a><\/li>\n<li>INSTRUCCIONES DE MONTAJE : <a href=\"https:\/\/lightenjin.pt\/pdfs\/im\/im-opus-s-pris.pdf\" target=\"_blank\" rel=\"noopener\">link<\/a><\/li>\n<li>DECLARACI\u00d3N DE CONFORMIDAD :\u00a0 <a href=\"https:\/\/lightenjin.pt\/pdfs\/dc\/dc-opus-s.pdf\" target=\"_blank\" rel=\"noopener\">link<\/a><\/li>\n<\/ul>\n","protected":false},"excerpt":{"rendered":"<p><strong>OPUS <\/strong>es una gama de productos especialmente dise\u00f1ada para edificios de servicios y oficinas. La gama es vers\u00e1til y puede adaptarse f\u00e1cilmente a los diferentes requisitos de cada espacio, en t\u00e9rminos de geometr\u00eda, aplicaci\u00f3n y posibles difusores.<\/p>\n<p>Con LEDs de alto \u00edndice de reproducci\u00f3n crom\u00e1tica (Ra&gt;80) y alta eficacia luminosa global, entre 107 y 138 lm\/W. LEDs de larga duraci\u00f3n (&gt;50.000h), con diferentes temperaturas de color disponibles.<\/p>\n","protected":false},"featured_media":22988,"template":"","meta":{"iawp_total_views":1},"product_brand":[],"product_cat":[730,635,726],"product_tag":[],"class_list":{"0":"post-22987","1":"product","2":"type-product","3":"status-publish","4":"has-post-thumbnail","6":"product_cat-de-superficie","7":"product_cat-gama-euluce-es","8":"product_cat-interior-es","10":"first","11":"instock","12":"shipping-taxable","13":"product-type-simple"},"_links":{"self":[{"href":"https:\/\/lightenjin.pt\/es\/wp-json\/wp\/v2\/product\/22987","targetHints":{"allow":["GET"]}}],"collection":[{"href":"https:\/\/lightenjin.pt\/es\/wp-json\/wp\/v2\/product"}],"about":[{"href":"https:\/\/lightenjin.pt\/es\/wp-json\/wp\/v2\/types\/product"}],"version-history":[{"count":3,"href":"https:\/\/lightenjin.pt\/es\/wp-json\/wp\/v2\/product\/22987\/revisions"}],"predecessor-version":[{"id":22994,"href":"https:\/\/lightenjin.pt\/es\/wp-json\/wp\/v2\/product\/22987\/revisions\/22994"}],"wp:featuredmedia":[{"embeddable":true,"href":"https:\/\/lightenjin.pt\/es\/wp-json\/wp\/v2\/media\/22988"}],"wp:attachment":[{"href":"https:\/\/lightenjin.pt\/es\/wp-json\/wp\/v2\/media?parent=22987"}],"wp:term":[{"taxonomy":"product_brand","embeddable":true,"href":"https:\/\/lightenjin.pt\/es\/wp-json\/wp\/v2\/product_brand?post=22987"},{"taxonomy":"product_cat","embeddable":true,"href":"https:\/\/lightenjin.pt\/es\/wp-json\/wp\/v2\/product_cat?post=22987"},{"taxonomy":"product_tag","embeddable":true,"href":"https:\/\/lightenjin.pt\/es\/wp-json\/wp\/v2\/product_tag?post=22987"}],"curies":[{"name":"wp","href":"https:\/\/api.w.org\/{rel}","templated":true}]}}