{"id":23048,"date":"2017-04-12T00:00:00","date_gmt":"2017-04-12T00:00:00","guid":{"rendered":"https:\/\/lightenjin.pt\/?post_type=product&#038;p=23048"},"modified":"2026-04-08T12:28:23","modified_gmt":"2026-04-08T11:28:23","slug":"tuled-50","status":"publish","type":"product","link":"https:\/\/lightenjin.pt\/es\/producto\/tuled-50\/","title":{"rendered":"TULED 50"},"content":{"rendered":"<ul>\n<li>Montaje en superficie o suspendido;<\/li>\n<li>Para uso en interiores o exteriores;<\/li>\n<li>Extremos de aluminio anodizado o acero inoxidable;<\/li>\n<li>Difusor transparente, opalino o mate, de policarbonato;<\/li>\n<li>Larga vida \u00fatil del LED (&gt;50 000 h);<\/li>\n<li>Diferentes temperaturas de color disponibles;<\/li>\n<li>Alto \u00edndice de reproducci\u00f3n crom\u00e1tica (Ra&gt;80);<\/li>\n<li>Con materiales que ofrecen un alto nivel de protecci\u00f3n y resistencia a los elementos;<\/li>\n<li>Posibilidad de incorporar sistema de control Dali;<\/li>\n<\/ul>\n<p>&nbsp;<\/p>\n<hr>\n<h4>DOWNLOADS<\/h4>\n<ul>\n<li>FICHA T\u00c9CNICA : <a href=\"https:\/\/lightenjin.pt\/pdfs\/ft\/ft-tuled-50-es.pdf\" target=\"_blank\" rel=\"noopener\">link<\/a><\/li>\n<li>INSTRUCCIONES DE MONTAJE : <a href=\"https:\/\/lightenjin.pt\/pdfs\/im\/im-tuled-50.pdf\" target=\"_blank\" rel=\"noopener\">link<\/a><\/li>\n<li>DECLARACI\u00d3N DE CONFORMIDAD : <a href=\"https:\/\/lightenjin.pt\/pdfs\/dc\/dc-tuled.pdf\" target=\"_blank\" rel=\"noopener\">link<\/a><\/li>\n<li>FOTOMETRIA LDT: <a href=\"https:\/\/lightenjin.pt\/pdfs\/ldt\/tuled-50.zip\" target=\"_blank\" rel=\"noopener\">link<\/a><\/li>\n<\/ul>\n","protected":false},"excerpt":{"rendered":"<p><strong>TULED<\/strong> es una familia de productos que surge de la combinaci\u00f3n de un tubo que integra tecnolog\u00eda LED. Se trata de un dispositivo discreto ideal para espacios de gran valor simb\u00f3lico y arquitect\u00f3nico. Su uso en exteriores est\u00e1 garantizado gracias al empleo de materiales que ofrecen un alto \u00edndice de protecci\u00f3n y resistencia a la intemperie.  <\/p>\n<p>Con LED de alto \u00edndice de reproducci\u00f3n crom\u00e1tica (Ra&gt; 80) y una alta eficacia luminosa global de entre 141 y 166 lm\/W. LEDs de larga vida \u00fatil (&gt;50 000h), con diferentes temperaturas de color disponibles.<\/p>\n<p>&nbsp;<\/p>\n","protected":false},"featured_media":19039,"template":"","meta":{"iawp_total_views":5},"product_brand":[],"product_cat":[730,637,635,726,729],"product_tag":[639,642,646,967,640],"class_list":{"0":"post-23048","1":"product","2":"type-product","3":"status-publish","4":"has-post-thumbnail","6":"product_cat-de-superficie","7":"product_cat-exterior-es","8":"product_cat-gama-euluce-es","9":"product_cat-interior-es","10":"product_cat-publico-es","11":"product_tag-comercio-es","12":"product_tag-cultura-es","13":"product_tag-exterior-es","14":"product_tag-hoteleria","15":"product_tag-residencia","17":"first","18":"instock","19":"shipping-taxable","20":"product-type-simple"},"_links":{"self":[{"href":"https:\/\/lightenjin.pt\/es\/wp-json\/wp\/v2\/product\/23048","targetHints":{"allow":["GET"]}}],"collection":[{"href":"https:\/\/lightenjin.pt\/es\/wp-json\/wp\/v2\/product"}],"about":[{"href":"https:\/\/lightenjin.pt\/es\/wp-json\/wp\/v2\/types\/product"}],"version-history":[{"count":3,"href":"https:\/\/lightenjin.pt\/es\/wp-json\/wp\/v2\/product\/23048\/revisions"}],"predecessor-version":[{"id":26747,"href":"https:\/\/lightenjin.pt\/es\/wp-json\/wp\/v2\/product\/23048\/revisions\/26747"}],"wp:featuredmedia":[{"embeddable":true,"href":"https:\/\/lightenjin.pt\/es\/wp-json\/wp\/v2\/media\/19039"}],"wp:attachment":[{"href":"https:\/\/lightenjin.pt\/es\/wp-json\/wp\/v2\/media?parent=23048"}],"wp:term":[{"taxonomy":"product_brand","embeddable":true,"href":"https:\/\/lightenjin.pt\/es\/wp-json\/wp\/v2\/product_brand?post=23048"},{"taxonomy":"product_cat","embeddable":true,"href":"https:\/\/lightenjin.pt\/es\/wp-json\/wp\/v2\/product_cat?post=23048"},{"taxonomy":"product_tag","embeddable":true,"href":"https:\/\/lightenjin.pt\/es\/wp-json\/wp\/v2\/product_tag?post=23048"}],"curies":[{"name":"wp","href":"https:\/\/api.w.org\/{rel}","templated":true}]}}