{"id":23158,"date":"2019-10-07T00:00:00","date_gmt":"2019-10-06T23:00:00","guid":{"rendered":"https:\/\/lightenjin.pt\/?post_type=product&#038;p=23158"},"modified":"2025-01-22T14:23:42","modified_gmt":"2025-01-22T14:23:42","slug":"ferrum-e","status":"publish","type":"product","link":"https:\/\/lightenjin.pt\/es\/producto\/ferrum-e\/","title":{"rendered":"FERRUM E"},"content":{"rendered":"<ul>\n<li>Aplicaci\u00f3n empotrada ;<\/li>\n<li>Perfil de chapa de acero de color;<\/li>\n<li>Difusor opalino;<\/li>\n<li>Larga vida \u00fatil (&gt;50.000 h);<\/li>\n<li>Varias temperaturas de color disponibles;<\/li>\n<li>Alto \u00edndice de reproducci\u00f3n crom\u00e1tica (Ra&gt;80);<\/li>\n<\/ul>\n<hr \/>\n<h4>DOWNLOADS<\/h4>\n<ul>\n<li>FICHA T\u00c9CNICA : <a href=\"https:\/\/lightenjin.pt\/pdfs\/ft\/ft-ferrum-lamp-e-es.pdf\" target=\"_blank\" rel=\"noopener\">link<\/a><\/li>\n<li>INSTRUCCIONES DE MONTAJE : <a href=\"https:\/\/lightenjin.pt\/pdfs\/im\/im-ferrum-e.pdf\" target=\"_blank\" rel=\"noopener\">link<\/a><\/li>\n<li>DECLARACI\u00d3N DE CONFORMIDAD :\u00a0 <a href=\"https:\/\/lightenjin.pt\/pdfs\/dc\/dc-ferrum.pdf\" target=\"_blank\" rel=\"noopener\">link<\/a><\/li>\n<\/ul>\n","protected":false},"excerpt":{"rendered":"<p><strong>FERRUM LAMP<\/strong> es un dise\u00f1o t\u00e9cnico desarrollado para l\u00edneas continuas o individuales, lo que resulta en una soluci\u00f3n rentable con menores costes de inversi\u00f3n y un retorno de la inversi\u00f3n m\u00e1s r\u00e1pido. En t\u00e9rminos de configuraci\u00f3n, es una soluci\u00f3n elegante y vers\u00e1til que puede adaptarse f\u00e1cilmente a diversos entornos.<\/p>\n<p>Con LED de alto \u00edndice de reproducci\u00f3n crom\u00e1tica (Ra&gt;80) y alta eficacia luminosa global. LED de larga duraci\u00f3n (&gt;50.000 h), con diferentes temperaturas de color disponibles.<\/p>\n","protected":false},"featured_media":24425,"template":"","meta":{"iawp_total_views":7},"product_brand":[],"product_cat":[636,635,726],"product_tag":[],"class_list":{"0":"post-23158","1":"product","2":"type-product","3":"status-publish","4":"has-post-thumbnail","6":"product_cat-empotrar","7":"product_cat-gama-euluce-es","8":"product_cat-interior-es","10":"first","11":"instock","12":"shipping-taxable","13":"product-type-simple"},"_links":{"self":[{"href":"https:\/\/lightenjin.pt\/es\/wp-json\/wp\/v2\/product\/23158","targetHints":{"allow":["GET"]}}],"collection":[{"href":"https:\/\/lightenjin.pt\/es\/wp-json\/wp\/v2\/product"}],"about":[{"href":"https:\/\/lightenjin.pt\/es\/wp-json\/wp\/v2\/types\/product"}],"version-history":[{"count":2,"href":"https:\/\/lightenjin.pt\/es\/wp-json\/wp\/v2\/product\/23158\/revisions"}],"predecessor-version":[{"id":23160,"href":"https:\/\/lightenjin.pt\/es\/wp-json\/wp\/v2\/product\/23158\/revisions\/23160"}],"wp:featuredmedia":[{"embeddable":true,"href":"https:\/\/lightenjin.pt\/es\/wp-json\/wp\/v2\/media\/24425"}],"wp:attachment":[{"href":"https:\/\/lightenjin.pt\/es\/wp-json\/wp\/v2\/media?parent=23158"}],"wp:term":[{"taxonomy":"product_brand","embeddable":true,"href":"https:\/\/lightenjin.pt\/es\/wp-json\/wp\/v2\/product_brand?post=23158"},{"taxonomy":"product_cat","embeddable":true,"href":"https:\/\/lightenjin.pt\/es\/wp-json\/wp\/v2\/product_cat?post=23158"},{"taxonomy":"product_tag","embeddable":true,"href":"https:\/\/lightenjin.pt\/es\/wp-json\/wp\/v2\/product_tag?post=23158"}],"curies":[{"name":"wp","href":"https:\/\/api.w.org\/{rel}","templated":true}]}}