{"id":11374,"date":"2022-02-21T00:00:00","date_gmt":"2022-02-21T00:00:00","guid":{"rendered":"https:\/\/lightenjin.pt\/product\/mangus\/"},"modified":"2025-01-28T09:45:42","modified_gmt":"2025-01-28T09:45:42","slug":"mangus","status":"publish","type":"product","link":"https:\/\/lightenjin.pt\/fr\/produit\/mangus\/","title":{"rendered":"MANGUS"},"content":{"rendered":"<ul>\n<li>\u00c9clairage d\u00e9coratif ;<\/li>\n<li>Application suspendue ;<\/li>\n<li>Corps en acier ;<\/li>\n<li>Longueur variable et adapt\u00e9e aux besoins de l&rsquo;environnement ;<\/li>\n<li>D\u00e9bit adapt\u00e9 aux environnements int\u00e9rieurs ;<\/li>\n<li>Diffuseur transparent ;<\/li>\n<li>Indice de rendu des couleurs \u00e9lev\u00e9 (Ra &gt;90) ;<\/li>\n<li>Diff\u00e9rentes temp\u00e9ratures de couleur disponibles ;<\/li>\n<\/ul>\n<p>&nbsp;<\/p>\n<hr \/>\n<h4>DOWNLOADS<\/h4>\n<ul>\n<li>FICHE TECHNIQUE : <a href=\"https:\/\/lightenjin.pt\/pdfs\/ft\/ft-mangus-fr.pdf\" target=\"_blank\" rel=\"noopener\">link<\/a><\/li>\n<li>INSTRUCTIONS DE MONTAGE :\u00a0 <a href=\"https:\/\/lightenjin.pt\/pdfs\/im\/im-mangus.pdf\" target=\"_blank\" rel=\"noopener\">link<\/a><\/li>\n<li>D\u00c9CLARATION DE CONFORMIT\u00c9 :\u00a0 <a href=\"https:\/\/lightenjin.pt\/pdfs\/dc\/dc-magus.pdf\" target=\"_blank\" rel=\"noopener\">link<\/a><\/li>\n<\/ul>\n","protected":false},"excerpt":{"rendered":"<p><strong>MANGUS <\/strong>est un luminaire suspendu de longueur variable, adapt\u00e9 aux espaces int\u00e9rieurs.<\/p>\n<p>Il est \u00e9quip\u00e9 de LED ayant un indice de rendu des couleurs \u00e9lev\u00e9 (Ra&gt;90) et une efficacit\u00e9 lumineuse globale \u00e9lev\u00e9e, comprise entre 78 et 84 lm\/W. Des LED avec diff\u00e9rentes temp\u00e9ratures de couleur sont disponibles.<br \/>\nFlux ad\u00e9quat pour l&rsquo;espace environnant<\/p>\n","protected":false},"featured_media":9894,"template":"","meta":{"iawp_total_views":0},"product_brand":[],"product_cat":[103,108,107],"product_tag":[368,370,426,369,392],"class_list":{"0":"post-11374","1":"product","2":"type-product","3":"status-publish","4":"has-post-thumbnail","6":"product_cat-gamme-euluce","7":"product_cat-interieur","8":"product_cat-suspendu","9":"product_tag-commerce-fr","10":"product_tag-lhotellerie","11":"product_tag-profil","12":"product_tag-residence-fr","13":"product_tag-suspendu","14":"pa_acabamento-blanc","15":"pa_aplicacao-suspendu","17":"first","18":"instock","19":"shipping-taxable","20":"product-type-simple"},"_links":{"self":[{"href":"https:\/\/lightenjin.pt\/fr\/wp-json\/wp\/v2\/product\/11374","targetHints":{"allow":["GET"]}}],"collection":[{"href":"https:\/\/lightenjin.pt\/fr\/wp-json\/wp\/v2\/product"}],"about":[{"href":"https:\/\/lightenjin.pt\/fr\/wp-json\/wp\/v2\/types\/product"}],"version-history":[{"count":2,"href":"https:\/\/lightenjin.pt\/fr\/wp-json\/wp\/v2\/product\/11374\/revisions"}],"predecessor-version":[{"id":23390,"href":"https:\/\/lightenjin.pt\/fr\/wp-json\/wp\/v2\/product\/11374\/revisions\/23390"}],"wp:featuredmedia":[{"embeddable":true,"href":"https:\/\/lightenjin.pt\/fr\/wp-json\/wp\/v2\/media\/9894"}],"wp:attachment":[{"href":"https:\/\/lightenjin.pt\/fr\/wp-json\/wp\/v2\/media?parent=11374"}],"wp:term":[{"taxonomy":"product_brand","embeddable":true,"href":"https:\/\/lightenjin.pt\/fr\/wp-json\/wp\/v2\/product_brand?post=11374"},{"taxonomy":"product_cat","embeddable":true,"href":"https:\/\/lightenjin.pt\/fr\/wp-json\/wp\/v2\/product_cat?post=11374"},{"taxonomy":"product_tag","embeddable":true,"href":"https:\/\/lightenjin.pt\/fr\/wp-json\/wp\/v2\/product_tag?post=11374"}],"curies":[{"name":"wp","href":"https:\/\/api.w.org\/{rel}","templated":true}]}}