{"id":11386,"date":"2023-03-22T00:00:00","date_gmt":"2023-03-22T00:00:00","guid":{"rendered":"https:\/\/lightenjin.pt\/product\/multis-eco\/"},"modified":"2025-01-28T09:50:22","modified_gmt":"2025-01-28T09:50:22","slug":"multis-eco","status":"publish","type":"product","link":"https:\/\/lightenjin.pt\/fr\/produit\/multis-eco\/","title":{"rendered":"MULTIS ECO"},"content":{"rendered":"<ul>\n<li>\u00c9clairage industriel ;<\/li>\n<li>Application suspendue ;<\/li>\n<li>Corps en aluminium inject\u00e9 ;<\/li>\n<li>Dur\u00e9e de vie des LED (50 000 heures) ;<\/li>\n<li>Diff\u00e9rentes temp\u00e9ratures de couleur disponibles ;<\/li>\n<li>Indice de rendu des couleurs Ra&gt;70 ;<\/li>\n<li>Diff\u00e9rentes possibilit\u00e9s de photom\u00e9trie ;<\/li>\n<\/ul>\n<p>&nbsp;<\/p>\n<hr \/>\n<h4>DOWNLOADS<\/h4>\n<ul>\n<li>FICHE TECHNIQUE : <a href=\"https:\/\/lightenjin.pt\/pdfs\/ft\/ft-multis-eco-fr.pdf\" target=\"_blank\" rel=\"noopener\">link<\/a><\/li>\n<li>INSTRUCTIONS DE MONTAGE :\u00a0 <a href=\"https:\/\/lightenjin.pt\/pdfs\/im\/im-multis-eco.pdf\" target=\"_blank\" rel=\"noopener\">link<\/a><\/li>\n<li>D\u00c9CLARATION DE CONFORMIT\u00c9 :\u00a0 <a href=\"https:\/\/lightenjin.pt\/pdfs\/dc\/dc-multis-eco.pdf\" target=\"_blank\" rel=\"noopener\">link<\/a><\/li>\n<\/ul>\n","protected":false},"excerpt":{"rendered":"<p><strong>MULTIS ECO <\/strong>est un syst\u00e8me d&rsquo;\u00e9clairage con\u00e7u pour r\u00e9pondre aux besoins d&rsquo;\u00e9clairage et d&rsquo;installation d&rsquo;une unit\u00e9 de production industrielle avec des plafonds hauts (8-10 m\u00e8tres). Diff\u00e9rentes possibilit\u00e9s de photom\u00e9trie ;<\/p>\n<p>Avec des LED ayant un indice de rendu des couleurs \u00e9lev\u00e9 (Ra&gt;70) et une longue dur\u00e9e de vie (&gt;50 000h), avec diff\u00e9rentes temp\u00e9ratures de couleur disponibles.<\/p>\n","protected":false},"featured_media":24532,"template":"","meta":{"iawp_total_views":0},"product_brand":[],"product_cat":[103,108,107],"product_tag":[436,438,437,439],"class_list":{"0":"post-11386","1":"product","2":"type-product","3":"status-publish","4":"has-post-thumbnail","6":"product_cat-gamme-euluce","7":"product_cat-interieur","8":"product_cat-suspendu","9":"product_tag-education-fr","10":"product_tag-hauts-plafonds","11":"product_tag-industrie","12":"product_tag-salles-de-sport","13":"pa_acabamento-blanc","14":"pa_aplicacao-suspendu","15":"pa_area-de-aplicacao-industriel","17":"first","18":"instock","19":"shipping-taxable","20":"product-type-simple"},"_links":{"self":[{"href":"https:\/\/lightenjin.pt\/fr\/wp-json\/wp\/v2\/product\/11386","targetHints":{"allow":["GET"]}}],"collection":[{"href":"https:\/\/lightenjin.pt\/fr\/wp-json\/wp\/v2\/product"}],"about":[{"href":"https:\/\/lightenjin.pt\/fr\/wp-json\/wp\/v2\/types\/product"}],"version-history":[{"count":4,"href":"https:\/\/lightenjin.pt\/fr\/wp-json\/wp\/v2\/product\/11386\/revisions"}],"predecessor-version":[{"id":23393,"href":"https:\/\/lightenjin.pt\/fr\/wp-json\/wp\/v2\/product\/11386\/revisions\/23393"}],"wp:featuredmedia":[{"embeddable":true,"href":"https:\/\/lightenjin.pt\/fr\/wp-json\/wp\/v2\/media\/24532"}],"wp:attachment":[{"href":"https:\/\/lightenjin.pt\/fr\/wp-json\/wp\/v2\/media?parent=11386"}],"wp:term":[{"taxonomy":"product_brand","embeddable":true,"href":"https:\/\/lightenjin.pt\/fr\/wp-json\/wp\/v2\/product_brand?post=11386"},{"taxonomy":"product_cat","embeddable":true,"href":"https:\/\/lightenjin.pt\/fr\/wp-json\/wp\/v2\/product_cat?post=11386"},{"taxonomy":"product_tag","embeddable":true,"href":"https:\/\/lightenjin.pt\/fr\/wp-json\/wp\/v2\/product_tag?post=11386"}],"curies":[{"name":"wp","href":"https:\/\/api.w.org\/{rel}","templated":true}]}}