{"id":13822,"date":"2021-09-13T00:00:00","date_gmt":"2021-09-12T23:00:00","guid":{"rendered":"https:\/\/lightenjin.pt\/product\/subiti-light\/"},"modified":"2025-01-27T16:55:13","modified_gmt":"2025-01-27T16:55:13","slug":"subiti-light","status":"publish","type":"product","link":"https:\/\/lightenjin.pt\/fr\/produit\/subiti-light\/","title":{"rendered":"SUBITI LIGHT"},"content":{"rendered":"<ul>\n<li>\u00c9clairage de secours ;<\/li>\n<li>Corps en aluminium ;<\/li>\n<li>Diffuseur en polycarbonate ;<\/li>\n<li>Application en surface ;<\/li>\n<li>Temp\u00e9rature de fonctionnement -20\u00baC \u00e0 50\u00baC ;<\/li>\n<li>Temp\u00e9rature de couleur 3000K ;<\/li>\n<li>Indice de rendu des couleurs IRC&gt;70 ;<\/li>\n<li>Source lumineuse compos\u00e9e de la technologie LED ;<\/li>\n<\/ul>\n<p>&nbsp;<\/p>\n<hr \/>\n<h4>DOWNLOADS<\/h4>\n<ul>\n<li>FICHE TECHNIQUE : <a href=\"https:\/\/lightenjin.pt\/pdfs\/ft\/ft-subiti-light-fr.pdf\" target=\"_blank\" rel=\"noopener\">link<\/a><\/li>\n<li>INSTRUCTIONS DE MONTAGE : <a href=\"https:\/\/lightenjin.pt\/pdfs\/im\/im-subiti-light.pdf\" target=\"_blank\" rel=\"noopener\">link<\/a><\/li>\n<li>D\u00c9CLARATION DE CONFORMIT\u00c9 : <a href=\"https:\/\/lightenjin.pt\/pdfs\/dc\/dc-subiti-light.pdf\" target=\"_blank\" rel=\"noopener\">link<\/a><\/li>\n<\/ul>\n","protected":false},"excerpt":{"rendered":"<p><strong>SUBITI LIGHT <\/strong>est un luminaire de secours. Il convient pour \u00e9clairer les espaces faiblement \u00e9clair\u00e9s et fonctionner dans des conditions de pression et de temp\u00e9rature difficiles.<\/p>\n<p>Avec des LED ayant un indice de rendu des couleurs \u00e9lev\u00e9 (Ra&gt;70) et une efficacit\u00e9 lumineuse globale \u00e9lev\u00e9e : 92,8 lm\/W.<br \/>\nLED avec une temp\u00e9rature de couleur de 3000K.<\/p>\n","protected":false},"featured_media":24555,"template":"","meta":{"iawp_total_views":3},"product_brand":[],"product_cat":[505,504,103,518,948,961],"product_tag":[585,520,547,519],"class_list":{"0":"post-13822","1":"product","2":"type-product","3":"status-publish","4":"has-post-thumbnail","6":"product_cat-circulation-fr","7":"product_cat-exterieur","8":"product_cat-gamme-euluce","9":"product_cat-public-fr","10":"product_cat-secours","11":"product_cat-transports-fr","12":"product_tag-mural","13":"product_tag-subiti-fr","14":"product_tag-transport-fr","15":"product_tag-urgence","17":"first","18":"instock","19":"shipping-taxable","20":"product-type-simple"},"_links":{"self":[{"href":"https:\/\/lightenjin.pt\/fr\/wp-json\/wp\/v2\/product\/13822","targetHints":{"allow":["GET"]}}],"collection":[{"href":"https:\/\/lightenjin.pt\/fr\/wp-json\/wp\/v2\/product"}],"about":[{"href":"https:\/\/lightenjin.pt\/fr\/wp-json\/wp\/v2\/types\/product"}],"version-history":[{"count":3,"href":"https:\/\/lightenjin.pt\/fr\/wp-json\/wp\/v2\/product\/13822\/revisions"}],"predecessor-version":[{"id":23359,"href":"https:\/\/lightenjin.pt\/fr\/wp-json\/wp\/v2\/product\/13822\/revisions\/23359"}],"wp:featuredmedia":[{"embeddable":true,"href":"https:\/\/lightenjin.pt\/fr\/wp-json\/wp\/v2\/media\/24555"}],"wp:attachment":[{"href":"https:\/\/lightenjin.pt\/fr\/wp-json\/wp\/v2\/media?parent=13822"}],"wp:term":[{"taxonomy":"product_brand","embeddable":true,"href":"https:\/\/lightenjin.pt\/fr\/wp-json\/wp\/v2\/product_brand?post=13822"},{"taxonomy":"product_cat","embeddable":true,"href":"https:\/\/lightenjin.pt\/fr\/wp-json\/wp\/v2\/product_cat?post=13822"},{"taxonomy":"product_tag","embeddable":true,"href":"https:\/\/lightenjin.pt\/fr\/wp-json\/wp\/v2\/product_tag?post=13822"}],"curies":[{"name":"wp","href":"https:\/\/api.w.org\/{rel}","templated":true}]}}